{"id":168,"date":"2020-03-16T09:19:03","date_gmt":"2020-03-16T09:19:03","guid":{"rendered":"https:\/\/demo.creativethemes.com\/blocksy\/modern-shop\/?post_type=product&#038;p=168"},"modified":"2024-12-21T03:50:31","modified_gmt":"2024-12-21T03:50:31","slug":"etizolam-kaufen","status":"publish","type":"product","link":"https:\/\/rc-chemlab.net\/fr\/product\/etizolam-kaufen\/","title":{"rendered":"Etizolam en poudre"},"content":{"rendered":"<h1><span class=\"___SText_mzmpq-ko_\" data-ui-name=\"Link.Text\">Acheter Etizolam<\/span><\/h1>\n<p>Le flunitrazolam est une \u00e9volution de l'etizolam. L'etizolam a des effets moins connus que l'oxaz\u00e9pam ou le diaz\u00e9pam. Cette substance est connue pour ses effets s\u00e9datifs. Il est souvent utilis\u00e9 pour dormir.<\/p>\n<h2>Qu'est-ce que l'Etizolam ?<\/h2>\n<p>L'\u00e9tizolam est un m\u00e9dicament bien connu qui peut \u00eatre utilis\u00e9 pour une multitude de raisons. Il est par exemple utilis\u00e9 pour traiter l'anxi\u00e9t\u00e9, les troubles paniques, la d\u00e9pression ou les troubles du sommeil. Heureusement, une copie presque exacte de l'Etizolam est disponible. Ce m\u00e9dicament s'appelle le flunitrazolam. Vous avez bien s\u00fbr la possibilit\u00e9 de commander ce m\u00e9dicament discr\u00e8tement et en toute s\u00e9curit\u00e9 chez nous.<\/p>\n<p>Le flunitrazolam (Etizolam) entre dans la cat\u00e9gorie des <a href=\"https:\/\/de.wikipedia.org\/wiki\/Kategorie:Benzodiazepin\">Benzodiapine<\/a>. Les benzodiapines peuvent avoir diff\u00e9rents effets th\u00e9rapeutiques. Ces m\u00e9dicaments ont un effet s\u00e9datif \u00e0 faibles doses. Le diaz\u00e9pam et l'alprazolam (Xanax) appartiennent \u00e0 la m\u00eame cat\u00e9gorie. Avec les benzodiaz\u00e9pines, il est tr\u00e8s important de respecter les pauses entre les prises. Une prise de plus de 6 semaines cons\u00e9cutives peut avoir des effets n\u00e9gatifs sur l'\u00e9tat psychique. Cela est d\u00fb au fait que le corps ne doit pas s'habituer \u00e0 la benzo et s'attendre \u00e0 la prendre.<\/p>\n<p>Si vous avez du mal \u00e0 vous endormir, l'Etizolam est le somnif\u00e8re id\u00e9al !<\/p>\n<h2>Quand utiliser Etizolam ?<\/h2>\n<p>Les consommateurs d'Etizolam ont rapport\u00e9 avoir pris des stimulants avant de prendre le m\u00e9dicament. Pensez \u00e0 la coca\u00efne, au 3mmc, \u00e0 la vitesse, etc. Comme vous avez consomm\u00e9 des stimulants, vous ne pouvez pas dormir. Vous arr\u00eatez de prendre des stimulants et attendez au moins 1,5 heure avant de prendre de l'Etizolam. L'effet des stimulants diminue pendant cette heure, et lorsque vous prendrez l'Etizolam, vous vous d\u00e9tendrez. Comme le cerveau ne produit plus de dopamine, la prise de stimulants est souvent suivie d'un sentiment d'anxi\u00e9t\u00e9 ou de panique. L'Etizolam vous aide \u00e0 vous endormir en toute tranquillit\u00e9 et \u00e0 \u00e9viter l'anxi\u00e9t\u00e9.<\/p>\n<h2>Qui sont les utilisateurs d'Etizolam ?<\/h2>\n<p>Etizolam est utilis\u00e9 dans de nombreux domaines. Pensez par exemple aux journalistes, avocats, comptables ou DJ press\u00e9s. Les personnes ayant un agenda charg\u00e9 sont tr\u00e8s stress\u00e9es chaque jour. Ces personnes sont plus enclines \u00e0 prendre de temps en temps de l'Etizolam ou quelque chose de comparable afin de se d\u00e9tendre et de r\u00e9duire leur anxi\u00e9t\u00e9\/stress.<\/p>\n<p>Il y a aussi un tr\u00e8s grand nombre de f\u00eatards qui utilisent l'Etizolam. Parmi eux, il y a des gens qui utilisent de temps en temps de la coca\u00efne, du 3mmc (ou 3cmc), du speed ou quelque chose de similaire. Apr\u00e8s une longue f\u00eate ou une journ\u00e9e de vacances agr\u00e9able, il y a toujours une fin \u00e0 la f\u00eate. Pour \u00e9viter l'angoisse et la nervosit\u00e9, ils prennent un etizolam afin de se d\u00e9tendre et de bien s'endormir.<\/p>\n<h2>Dur\u00e9e de l'effet<\/h2>\n<p>Apr\u00e8s environ 30 \u00e0 60 minutes, le m\u00e9dicament est efficace dans le corps. L'\u00e9tizolam reste dans le sang de l'utilisateur pendant une p\u00e9riode de 6 \u00e0 8 heures. Pour plus d'informations, veuillez prendre <a href=\"https:\/\/rc-chemlab.net\/fr\/kontakt\/\">Contact<\/a> avec nous.<\/p>","protected":false},"excerpt":{"rendered":"<p>Etizolam kaufen Flunitrazolam ist eine Weiterentwicklung von Etizolam. Etizolam hat weniger bekannte Wirkungen als Oxazepam oder Diazepam. Die Substanz ist<\/p>","protected":false},"featured_media":10276,"comment_status":"open","ping_status":"closed","template":"","meta":{"_seopress_robots_primary_cat":"none","_seopress_titles_title":"Etizolam kaufen %%sep%% %%sitetitle%%","_seopress_titles_desc":"Etizolam kaufen - Flunitrazolam ist eine Weiterentwicklung von Etizolam. Etizolam hat weniger bekannte Wirkungen als Oxazepam oder Diazepam.","_seopress_robots_index":""},"product_brand":[],"product_cat":[140],"product_tag":[],"class_list":{"0":"post-168","1":"product","2":"type-product","3":"status-publish","4":"has-post-thumbnail","6":"product_cat-forschungschemikalien","8":"first","9":"instock","10":"featured","11":"taxable","12":"shipping-taxable","13":"purchasable","14":"product-type-variable"},"_links":{"self":[{"href":"https:\/\/rc-chemlab.net\/fr\/wp-json\/wp\/v2\/product\/168","targetHints":{"allow":["GET"]}}],"collection":[{"href":"https:\/\/rc-chemlab.net\/fr\/wp-json\/wp\/v2\/product"}],"about":[{"href":"https:\/\/rc-chemlab.net\/fr\/wp-json\/wp\/v2\/types\/product"}],"replies":[{"embeddable":true,"href":"https:\/\/rc-chemlab.net\/fr\/wp-json\/wp\/v2\/comments?post=168"}],"version-history":[{"count":2,"href":"https:\/\/rc-chemlab.net\/fr\/wp-json\/wp\/v2\/product\/168\/revisions"}],"predecessor-version":[{"id":10277,"href":"https:\/\/rc-chemlab.net\/fr\/wp-json\/wp\/v2\/product\/168\/revisions\/10277"}],"wp:featuredmedia":[{"embeddable":true,"href":"https:\/\/rc-chemlab.net\/fr\/wp-json\/wp\/v2\/media\/10276"}],"wp:attachment":[{"href":"https:\/\/rc-chemlab.net\/fr\/wp-json\/wp\/v2\/media?parent=168"}],"wp:term":[{"taxonomy":"product_brand","embeddable":true,"href":"https:\/\/rc-chemlab.net\/fr\/wp-json\/wp\/v2\/product_brand?post=168"},{"taxonomy":"product_cat","embeddable":true,"href":"https:\/\/rc-chemlab.net\/fr\/wp-json\/wp\/v2\/product_cat?post=168"},{"taxonomy":"product_tag","embeddable":true,"href":"https:\/\/rc-chemlab.net\/fr\/wp-json\/wp\/v2\/product_tag?post=168"}],"curies":[{"name":"wp","href":"https:\/\/api.w.org\/{rel}","templated":true}]}}