{"id":166,"date":"2020-03-16T09:14:43","date_gmt":"2020-03-16T09:14:43","guid":{"rendered":"https:\/\/demo.creativethemes.com\/blocksy\/modern-shop\/?post_type=product&#038;p=166"},"modified":"2024-04-15T00:17:02","modified_gmt":"2024-04-15T00:17:02","slug":"al-lad-blotter-kaufen","status":"publish","type":"product","link":"https:\/\/rc-chemlab.net\/fr\/product\/al-lad-blotter-kaufen\/","title":{"rendered":"AL-LAD 150MCG"},"content":{"rendered":"<h1>Acheter des buvards AL LAD<\/h1>\n<p>Le di\u00e9thylamide de l'acide 6-allyl-6-nor-lysergique, plus connu sous le nom d'AL-LAD, est une substance semi-synth\u00e9tique de la famille des <a href=\"https:\/\/psychonautwiki.org\/wiki\/Lysergamides\">Classe des lysergamides<\/a>. AL-LAD a \u00e9t\u00e9 synth\u00e9tis\u00e9 pour la premi\u00e8re fois en 1984. Nous vendons cette substance transform\u00e9e dans des buvards de 2x 150mcg. Les buvards sont des timbres sur lesquels la substance a \u00e9t\u00e9 s\u00e9ch\u00e9e. Ce produit est destin\u00e9 uniquement \u00e0 la recherche et n'est pas destin\u00e9 \u00e0 \u00eatre consomm\u00e9. Conservez-le donc hors de port\u00e9e des enfants et des animaux domestiques et lisez les consignes de s\u00e9curit\u00e9 sur notre site avant de l'utiliser. <a href=\"\/fr\/\">Site web<\/a>.<\/p>\n<p><strong>Attention !<\/strong> Nous ne vendons pas aux personnes de moins de 21 ans. Le produit AL-LAD Blotters (2x150mcg) peut \u00eatre dangereux pour la sant\u00e9 et n'est pas adapt\u00e9 \u00e0 la consommation. Veuillez noter que le non-respect de nos mesures de s\u00e9curit\u00e9 peut entra\u00eener de graves risques pour la sant\u00e9. Veuillez donc respecter nos consignes de s\u00e9curit\u00e9.<\/p>","protected":false},"excerpt":{"rendered":"<p>AL LAD Blotter kaufen 6-Allyl-6-nor-Lysergs\u00e4urediethylamid, besser bekannt als AL-LAD, ist eine halbsynthetische Substanz aus der Klasse der Lysergamide. AL-LAD wurde<\/p>","protected":false},"featured_media":10292,"comment_status":"open","ping_status":"closed","template":"","meta":{"_seopress_robots_primary_cat":"none","_seopress_titles_title":"AL LAD Blotter kaufen %%sep%% %%sitetitle%%","_seopress_titles_desc":"6-Allyl-6-nor-Lysergs\u00e4urediethylamid, besser bekannt als AL-LAD, ist eine halbsynthetische Substanz aus der Klasse der Lysergamide.","_seopress_robots_index":""},"product_brand":[],"product_cat":[140],"product_tag":[],"class_list":{"0":"post-166","1":"product","2":"type-product","3":"status-publish","4":"has-post-thumbnail","6":"product_cat-forschungschemikalien","8":"first","9":"instock","10":"taxable","11":"shipping-taxable","12":"purchasable","13":"product-type-variable"},"_links":{"self":[{"href":"https:\/\/rc-chemlab.net\/fr\/wp-json\/wp\/v2\/product\/166","targetHints":{"allow":["GET"]}}],"collection":[{"href":"https:\/\/rc-chemlab.net\/fr\/wp-json\/wp\/v2\/product"}],"about":[{"href":"https:\/\/rc-chemlab.net\/fr\/wp-json\/wp\/v2\/types\/product"}],"replies":[{"embeddable":true,"href":"https:\/\/rc-chemlab.net\/fr\/wp-json\/wp\/v2\/comments?post=166"}],"version-history":[{"count":2,"href":"https:\/\/rc-chemlab.net\/fr\/wp-json\/wp\/v2\/product\/166\/revisions"}],"predecessor-version":[{"id":10293,"href":"https:\/\/rc-chemlab.net\/fr\/wp-json\/wp\/v2\/product\/166\/revisions\/10293"}],"wp:featuredmedia":[{"embeddable":true,"href":"https:\/\/rc-chemlab.net\/fr\/wp-json\/wp\/v2\/media\/10292"}],"wp:attachment":[{"href":"https:\/\/rc-chemlab.net\/fr\/wp-json\/wp\/v2\/media?parent=166"}],"wp:term":[{"taxonomy":"product_brand","embeddable":true,"href":"https:\/\/rc-chemlab.net\/fr\/wp-json\/wp\/v2\/product_brand?post=166"},{"taxonomy":"product_cat","embeddable":true,"href":"https:\/\/rc-chemlab.net\/fr\/wp-json\/wp\/v2\/product_cat?post=166"},{"taxonomy":"product_tag","embeddable":true,"href":"https:\/\/rc-chemlab.net\/fr\/wp-json\/wp\/v2\/product_tag?post=166"}],"curies":[{"name":"wp","href":"https:\/\/api.w.org\/{rel}","templated":true}]}}