{"id":164,"date":"2020-03-16T09:11:32","date_gmt":"2020-03-16T09:11:32","guid":{"rendered":"https:\/\/demo.creativethemes.com\/blocksy\/modern-shop\/?post_type=product&#038;p=164"},"modified":"2024-04-15T00:12:18","modified_gmt":"2024-04-15T00:12:18","slug":"flualprazolam-kaufen","status":"publish","type":"product","link":"https:\/\/rc-chemlab.net\/fr\/product\/flualprazolam-kaufen\/","title":{"rendered":"Flualprazolam"},"content":{"rendered":"<h1>Achetez Flualprazolam<\/h1>\n<p>Le flualprazolam est un nouveau <a href=\"https:\/\/checkit.wien\/warnung-synthetisches-opioid-in-benzodiazepin\/\">benzodiaz\u00e9pine synth\u00e9tique<\/a>. Le flualprazolam est connu pour ses effets s\u00e9datifs, euphorisants et myorelaxants puissants.<\/p>\n<h2>Dosage du flualprazolam<\/h2>\n<p>Il n'y a pas de dose recommand\u00e9e, car le flualprazolam n'est pas destin\u00e9 \u00e0 la consommation humaine, mais est vendu uniquement \u00e0 des fins de recherche scientifique.<\/p>\n<h2>Effets du flualprazolam :<\/h2>\n<p>Les effets cliniques de la plupart des nouvelles drogues de synth\u00e8se, telles que le flualprazolam, peuvent \u00eatre d\u00e9crits comme \u00e9tant soit hallucinog\u00e8nes, soit stimulants, soit semblables \u00e0 ceux des opio\u00efdes. Le remplacement des cha\u00eenes lat\u00e9rales par des drogues de synth\u00e8se permet souvent d'obtenir une combinaison de ces effets. Les t\u00e9moignages sur le flualprazolam abondent sur les forums et les moteurs de recherche.<\/p>\n<h2>Effets secondaires du flualprazolam<\/h2>\n<p>Comme pour d'autres drogues de synth\u00e8se, la consommation de flualprazolam peut entra\u00eener des effets secondaires graves ; la substance n'a pas \u00e9t\u00e9 test\u00e9e cliniquement et n'est pas autoris\u00e9e comme produit de consommation ! Le flualprazolam n'est donc pas recommand\u00e9 pour la consommation humaine, mais uniquement pour la recherche et les tests scientifiques !<\/p>\n<h2>Stockage et dur\u00e9e de conservation du flualprazolam<\/h2>\n<p>Conservez toujours le flualprazolam \u00e0 moins de 30 degr\u00e9s Celsius et dans son emballage d'origine. Prot\u00e9ger de la lumi\u00e8re directe du soleil et de l'humidit\u00e9. La dur\u00e9e de conservation de la substance active est d'au moins 1 an si elle est stock\u00e9e correctement. Veuillez consulter <a href=\"https:\/\/rc-chemlab.net\/fr\/kontakt\/\">contacter<\/a> nous pour plus d'informations.<\/p>","protected":false},"excerpt":{"rendered":"<p>Flualprazolam Kaufen Flualprazolam ist ein neues synthetisches Benzodiazepin. Flualprazolam ist bekannt f\u00fcr seine stark sedierende, euphorisierende und muskelentspannende Wirkung. Dosierung<\/p>","protected":false},"featured_media":10289,"comment_status":"open","ping_status":"closed","template":"","meta":{"_seopress_robots_primary_cat":"none","_seopress_titles_title":"Flualprazolam Kaufen %%sep%% %%sitetitle%%","_seopress_titles_desc":"Flualprazolam ist ein neues synthetisches Benzodiazepin. Flualprazolam ist bekannt f\u00fcr seine stark sedierende, euphorisierende und muskelentspannende Wirkung.","_seopress_robots_index":""},"product_brand":[],"product_cat":[140],"product_tag":[],"class_list":{"0":"post-164","1":"product","2":"type-product","3":"status-publish","4":"has-post-thumbnail","6":"product_cat-forschungschemikalien","8":"first","9":"instock","10":"taxable","11":"shipping-taxable","12":"purchasable","13":"product-type-variable"},"_links":{"self":[{"href":"https:\/\/rc-chemlab.net\/fr\/wp-json\/wp\/v2\/product\/164","targetHints":{"allow":["GET"]}}],"collection":[{"href":"https:\/\/rc-chemlab.net\/fr\/wp-json\/wp\/v2\/product"}],"about":[{"href":"https:\/\/rc-chemlab.net\/fr\/wp-json\/wp\/v2\/types\/product"}],"replies":[{"embeddable":true,"href":"https:\/\/rc-chemlab.net\/fr\/wp-json\/wp\/v2\/comments?post=164"}],"version-history":[{"count":3,"href":"https:\/\/rc-chemlab.net\/fr\/wp-json\/wp\/v2\/product\/164\/revisions"}],"predecessor-version":[{"id":10290,"href":"https:\/\/rc-chemlab.net\/fr\/wp-json\/wp\/v2\/product\/164\/revisions\/10290"}],"wp:featuredmedia":[{"embeddable":true,"href":"https:\/\/rc-chemlab.net\/fr\/wp-json\/wp\/v2\/media\/10289"}],"wp:attachment":[{"href":"https:\/\/rc-chemlab.net\/fr\/wp-json\/wp\/v2\/media?parent=164"}],"wp:term":[{"taxonomy":"product_brand","embeddable":true,"href":"https:\/\/rc-chemlab.net\/fr\/wp-json\/wp\/v2\/product_brand?post=164"},{"taxonomy":"product_cat","embeddable":true,"href":"https:\/\/rc-chemlab.net\/fr\/wp-json\/wp\/v2\/product_cat?post=164"},{"taxonomy":"product_tag","embeddable":true,"href":"https:\/\/rc-chemlab.net\/fr\/wp-json\/wp\/v2\/product_tag?post=164"}],"curies":[{"name":"wp","href":"https:\/\/api.w.org\/{rel}","templated":true}]}}