{"id":162,"date":"2020-03-16T09:08:51","date_gmt":"2020-03-16T09:08:51","guid":{"rendered":"https:\/\/demo.creativethemes.com\/blocksy\/modern-shop\/?post_type=product&#038;p=162"},"modified":"2024-06-15T13:25:32","modified_gmt":"2024-06-15T13:25:32","slug":"4f-adb-kaufen","status":"publish","type":"product","link":"https:\/\/rc-chemlab.net\/fr\/product\/4f-adb-kaufen\/","title":{"rendered":"4F-ADB"},"content":{"rendered":"<h1>Acheter 4F-ADB<\/h1>\n<h2>Qu'est-ce que la poudre 4F-ADB ?<\/h2>\n<p>Le 4F-ADB est un cannabino\u00efde synth\u00e9tique \u00e0 base d'indazole. Il a un effet puissant sur les r\u00e9cepteurs cannabino\u00efdes. Il est tr\u00e8s similaire \u00e0 d'autres cannabino\u00efdes synth\u00e9tiques comme le 5F-ADB. Pour pouvoir exp\u00e9rimenter ce cannabino\u00efde, vous n'avez besoin que de faibles doses.<\/p>\n<p>Cela est d\u00fb \u00e0 la puissance de ce produit chimique. Suivez scrupuleusement les r\u00e8gles de s\u00e9curit\u00e9 afin d'\u00e9viter toute exp\u00e9rimentation.<\/p>\n<h2>Acheter 4F-ADB<\/h2>\n<p>Le 4F-ADB de qualit\u00e9 sup\u00e9rieure est vendu par Rc-Chemlab. Le 4F-ADB que nous proposons est disponible sous forme de poudre. Pour acheter du 4F-ADB chez nous, vous devez \u00eatre \u00e2g\u00e9 d'au moins 18 ans.<\/p>\n<p>Le produit n'est pas destin\u00e9 aux humains ou aux animaux. Il a \u00e9t\u00e9 con\u00e7u exclusivement \u00e0 des fins exp\u00e9rimentales. En outre, l'achat doit \u00eatre enti\u00e8rement conforme \u00e0 la l\u00e9gislation nationale de votre pays.<\/p>\n<h2>Le statut juridique de 4F-ADB<\/h2>\n<p>Le 4F-ADB est actuellement inconnu dans de nombreux pays et donc l\u00e9gal dans de nombreux endroits. Il pourrait toutefois \u00eatre consid\u00e9r\u00e9 comme un analogue du 5F-ADB, ce qui pourrait le rendre ill\u00e9gal dans les pays disposant de lois analogues strictes, comme les \u00c9tats-Unis. Pour plus d'informations, veuillez prendre contact avec<a href=\"https:\/\/rc-chemlab.net\/fr\/kontakt\/\"> Nous contacter<\/a> sur.<\/p>","protected":false},"excerpt":{"rendered":"<p>4F-ADB kaufen Was ist 4F-ADB Pulver? 4F-ADB ist ein synthetisches Indazol-basiertes Cannabinoid. Es wirkt sich stark auf die Cannabinoidrezeptoren aus.<\/p>","protected":false},"featured_media":10269,"comment_status":"open","ping_status":"closed","template":"","meta":{"_seopress_robots_primary_cat":"none","_seopress_titles_title":"4F-ADB kaufen %%sep%% %%sitetitle%%","_seopress_titles_desc":"4F-ADB kaufen - 4F-ADB ist ein synthetisches Indazol-basiertes Cannabinoid. Es wirkt sich stark auf die Cannabinoidrezeptoren aus.","_seopress_robots_index":""},"product_brand":[],"product_cat":[140],"product_tag":[],"class_list":{"0":"post-162","1":"product","2":"type-product","3":"status-publish","4":"has-post-thumbnail","6":"product_cat-forschungschemikalien","8":"first","9":"instock","10":"featured","11":"taxable","12":"shipping-taxable","13":"purchasable","14":"product-type-variable"},"_links":{"self":[{"href":"https:\/\/rc-chemlab.net\/fr\/wp-json\/wp\/v2\/product\/162","targetHints":{"allow":["GET"]}}],"collection":[{"href":"https:\/\/rc-chemlab.net\/fr\/wp-json\/wp\/v2\/product"}],"about":[{"href":"https:\/\/rc-chemlab.net\/fr\/wp-json\/wp\/v2\/types\/product"}],"replies":[{"embeddable":true,"href":"https:\/\/rc-chemlab.net\/fr\/wp-json\/wp\/v2\/comments?post=162"}],"version-history":[{"count":2,"href":"https:\/\/rc-chemlab.net\/fr\/wp-json\/wp\/v2\/product\/162\/revisions"}],"predecessor-version":[{"id":10270,"href":"https:\/\/rc-chemlab.net\/fr\/wp-json\/wp\/v2\/product\/162\/revisions\/10270"}],"wp:featuredmedia":[{"embeddable":true,"href":"https:\/\/rc-chemlab.net\/fr\/wp-json\/wp\/v2\/media\/10269"}],"wp:attachment":[{"href":"https:\/\/rc-chemlab.net\/fr\/wp-json\/wp\/v2\/media?parent=162"}],"wp:term":[{"taxonomy":"product_brand","embeddable":true,"href":"https:\/\/rc-chemlab.net\/fr\/wp-json\/wp\/v2\/product_brand?post=162"},{"taxonomy":"product_cat","embeddable":true,"href":"https:\/\/rc-chemlab.net\/fr\/wp-json\/wp\/v2\/product_cat?post=162"},{"taxonomy":"product_tag","embeddable":true,"href":"https:\/\/rc-chemlab.net\/fr\/wp-json\/wp\/v2\/product_tag?post=162"}],"curies":[{"name":"wp","href":"https:\/\/api.w.org\/{rel}","templated":true}]}}