{"id":159,"date":"2020-03-16T09:03:45","date_gmt":"2020-03-16T09:03:45","guid":{"rendered":"https:\/\/demo.creativethemes.com\/blocksy\/modern-shop\/?post_type=product&#038;p=159"},"modified":"2024-09-17T01:32:26","modified_gmt":"2024-09-17T01:32:26","slug":"3-fpm-kaufen","status":"publish","type":"product","link":"https:\/\/rc-chemlab.net\/fr\/product\/3-fpm-kaufen\/","title":{"rendered":"3-FPM"},"content":{"rendered":"<h1>Acheter 3-FPM<\/h1>\n<h2>Qu'est-ce que le 3-FPM ?<\/h2>\n<p>3FPM est l'abr\u00e9viation de <a href=\"https:\/\/psychonautwiki.org\/wiki\/3-fpm\">3-Fluoroph\u00e8nem\u00e9trazine<\/a>. Le 3-FPM est un stimulant chimique utilis\u00e9 \u00e0 des fins de recherche. Le 3-FPM est une classe chimique de ph\u00e9nylmorpholine. Les r\u00e9sultats exp\u00e9rimentaux obtenus avec le 3-FPM sont g\u00e9n\u00e9ralement tr\u00e8s similaires et presque identiques \u00e0 ceux obtenus avec l'amph\u00e9tamine.<\/p>\n<p>Les exp\u00e9riences avec le 3-FPM entra\u00eenent g\u00e9n\u00e9ralement une augmentation de la concentration et de la motivation, une acc\u00e9l\u00e9ration des pens\u00e9es et une euphorie. Seulement, ces r\u00e9sultats sont souvent d\u00e9crits comme moins intenses que ceux obtenus avec l'amph\u00e9tamine ou d'autres stimulants. Suite \u00e0 des doses r\u00e9duites de 3-FPM, deux r\u00e9sultats \u00e9taient moins pr\u00e9sents : la nervosit\u00e9 et l'insomnie.<\/p>\n<h2>O\u00f9 acheter du 3-FPM ?<\/h2>\n<p>Nous proposons ici chez Chemical Planet un excellent 3-FPM. Notre 3-FPM est disponible en granul\u00e9s et en poudre. Nous avons la solution pour chaque \u00e9tat chimique que vous pr\u00e9f\u00e9rez.<br \/>\nLe 3-FPM que nous vendons est uniquement destin\u00e9 \u00e0 la recherche. Il n'est pas destin\u00e9 \u00e0 un usage int\u00e9rieur. En outre, vous devez \u00eatre \u00e2g\u00e9 d'au moins 18 ans pour acheter du 3-FPM chez nous et vous devez vous conformer pleinement \u00e0 la l\u00e9gislation nationale.<\/p>\n<h2>3-FPM statut juridique<\/h2>\n<p>Il est ill\u00e9gal d'acheter, de vendre ou de poss\u00e9der du 3-FPM en Isra\u00ebl, en Suisse et aux \u00c9tats-Unis. En Grande-Bretagne, il est consid\u00e9r\u00e9 comme l'\u00e9quivalent de la phenmetrazine qui, si elle est utilis\u00e9e pour la consommation humaine, est un m\u00e9dicament de la liste II.<\/p>\n<p>Toujours stocker dans un endroit frais et sec pour une dur\u00e9e de conservation maximale. Ce produit est destin\u00e9 uniquement \u00e0 des fins m\u00e9dico-l\u00e9gales et de recherche. Il n'est donc PAS destin\u00e9 \u00e0 la consommation humaine ou \u00e0 des tests in vivo de quelque nature que ce soit sur des animaux ou des organismes vivants. Pour plus d'informations, veuillez prendre contact avec <a href=\"https:\/\/rc-chemlab.net\/fr\/kontakt\/\">Nous contacter<\/a> sur.<\/p>","protected":false},"excerpt":{"rendered":"<p>3-FPM-Kaufen Was ist 3-FPM? 3FPM ist die Abk\u00fcrzung f\u00fcr 3-Fluorophenmetrazin. 3-FPM ist ein chemisches Stimulans f\u00fcr Forschungszwecke. 3-FPM ist eine<\/p>","protected":false},"featured_media":10264,"comment_status":"open","ping_status":"closed","template":"","meta":{"_seopress_robots_primary_cat":"none","_seopress_titles_title":"3-FPM-Kaufen %%sep%% %%sitetitle%%","_seopress_titles_desc":"3-FPM-Kaufen - 3FPM ist die Abk\u00fcrzung f\u00fcr 3-Fluorophenmetrazin. 3-FPM ist ein chemisches Stimulans f\u00fcr Forschungszwecke.","_seopress_robots_index":""},"product_brand":[],"product_cat":[140],"product_tag":[],"class_list":{"0":"post-159","1":"product","2":"type-product","3":"status-publish","4":"has-post-thumbnail","6":"product_cat-forschungschemikalien","8":"first","9":"instock","10":"featured","11":"taxable","12":"shipping-taxable","13":"purchasable","14":"product-type-variable"},"_links":{"self":[{"href":"https:\/\/rc-chemlab.net\/fr\/wp-json\/wp\/v2\/product\/159","targetHints":{"allow":["GET"]}}],"collection":[{"href":"https:\/\/rc-chemlab.net\/fr\/wp-json\/wp\/v2\/product"}],"about":[{"href":"https:\/\/rc-chemlab.net\/fr\/wp-json\/wp\/v2\/types\/product"}],"replies":[{"embeddable":true,"href":"https:\/\/rc-chemlab.net\/fr\/wp-json\/wp\/v2\/comments?post=159"}],"version-history":[{"count":4,"href":"https:\/\/rc-chemlab.net\/fr\/wp-json\/wp\/v2\/product\/159\/revisions"}],"predecessor-version":[{"id":10266,"href":"https:\/\/rc-chemlab.net\/fr\/wp-json\/wp\/v2\/product\/159\/revisions\/10266"}],"wp:featuredmedia":[{"embeddable":true,"href":"https:\/\/rc-chemlab.net\/fr\/wp-json\/wp\/v2\/media\/10264"}],"wp:attachment":[{"href":"https:\/\/rc-chemlab.net\/fr\/wp-json\/wp\/v2\/media?parent=159"}],"wp:term":[{"taxonomy":"product_brand","embeddable":true,"href":"https:\/\/rc-chemlab.net\/fr\/wp-json\/wp\/v2\/product_brand?post=159"},{"taxonomy":"product_cat","embeddable":true,"href":"https:\/\/rc-chemlab.net\/fr\/wp-json\/wp\/v2\/product_cat?post=159"},{"taxonomy":"product_tag","embeddable":true,"href":"https:\/\/rc-chemlab.net\/fr\/wp-json\/wp\/v2\/product_tag?post=159"}],"curies":[{"name":"wp","href":"https:\/\/api.w.org\/{rel}","templated":true}]}}