{"id":157,"date":"2020-03-16T09:02:10","date_gmt":"2020-03-16T09:02:10","guid":{"rendered":"https:\/\/demo.creativethemes.com\/blocksy\/modern-shop\/?post_type=product&#038;p=157"},"modified":"2024-11-16T20:01:58","modified_gmt":"2024-11-16T20:01:58","slug":"3-fma-kaufen","status":"publish","type":"product","link":"https:\/\/rc-chemlab.net\/fr\/product\/3-fma-kaufen\/","title":{"rendered":"3-FMA"},"content":{"rendered":"<h1>3-FMA Acheter<\/h1>\n<h2><strong><span data-contrast=\"auto\">Qu'est-ce que le 3-FMA ?<\/span><\/strong><\/h2>\n<p>Le 3-FMA est un produit chimique de recherche de la classe des amph\u00e9tamines substitu\u00e9es. Les structures chimiques du 3-FMA et du 4-FMA ressemblent fortement \u00e0 celles du 2-FMA, du 3-FA, du 4-FMA et du 4-FA. 3-FMA est l'abr\u00e9viation de 3-fluorom\u00e9thamph\u00e9tamine. Il n'existe pas encore beaucoup de rapports sur les r\u00e9sultats des exp\u00e9riences men\u00e9es avec ce produit chimique de recherche, car il est tr\u00e8s r\u00e9cent.<\/p>\n<p>Il convient donc de prendre des mesures de s\u00e9curit\u00e9 lorsque vous l'exp\u00e9rimentez. Toutefois, des rapports ant\u00e9rieurs ont montr\u00e9 que le 3-FMA fournit une stimulation, une am\u00e9lioration tactique, une euphorie cognitive, une distorsion du temps, une acc\u00e9l\u00e9ration des processus de pens\u00e9e, une vigilance, une augmentation de la motivation et un renforcement de l'analyse. Si vous exp\u00e9rimentez le 3-FMA, vous devez absolument porter des lunettes de protection.<\/p>\n<h2><strong><span data-contrast=\"auto\">O\u00f9 acheter 3-FMA ?<\/span><\/strong><\/h2>\n<p>Nous vendons ici chez Chemical Planet avec les meilleures qualit\u00e9s de 3-FMA. Notre 3-FMA est g\u00e9n\u00e9ralement livr\u00e9 sous forme de poudre. Cependant, il y a parfois des formats alternatifs disponibles. Donc, si vous souhaitez acheter du 3-FMA sous une autre forme, n'h\u00e9sitez pas \u00e0 nous contacter.<\/p>\n<p>Pour acheter 3-FMA chez nous, vous devez \u00eatre \u00e2g\u00e9 d'au moins 18 ans et vous conformer enti\u00e8rement aux lois de votre pays. Comme moyen de paiement, nous acceptons aussi bien Bitcoin que toutes les cartes de cr\u00e9dit habituelles. Il est possible dans de nombreux \u00c9tats d'effectuer l'exp\u00e9dition le jour m\u00eame.<\/p>\n<h2><strong><span data-contrast=\"auto\">3-FMA L\u00e9galit\u00e9<\/span><\/strong><\/h2>\n<p>Aux \u00c9tats-Unis, le 3-FMA est tr\u00e8s probablement ill\u00e9gal, car il s'agit d'un analogue de l'amph\u00e9tamine. Au Royaume-Uni, la 3-FMA est consid\u00e9r\u00e9e comme un m\u00e9dicament de classe A. Au Canada, la 3-FMA est une drogue de la liste 1. En Chine, la 3-FMA est consid\u00e9r\u00e9e comme une substance r\u00e9glement\u00e9e. En Nouvelle-Z\u00e9lande, la 3-FMA est un analogue d'amph\u00e9tamine et est ill\u00e9gale. En Allemagne, il s'agit d'une substance r\u00e9glement\u00e9e. Pour plus d'informations, veuillez prendre contact avec <a href=\"https:\/\/rc-chemlab.net\/fr\/kontakt\/\">Contact<\/a> avec nous.<\/p>","protected":false},"excerpt":{"rendered":"<p>3-FMA Kaufen Was ist 3-FMA? 3-FMA ist eine Forschungschemikalie der substituierten Amphetamine-Klasse. Die chemischen Strukturen von 3-FMA und 4-FMA \u00e4hneln<\/p>","protected":false},"featured_media":10260,"comment_status":"open","ping_status":"closed","template":"","meta":{"_seopress_robots_primary_cat":"none","_seopress_titles_title":"3-FMA kaufen %%sep%% %%sitetitle%%","_seopress_titles_desc":"3-FMA kaufen - 3-FMA ist eine Forschungschemikalie der substituierten Amphetamine-Klasse.","_seopress_robots_index":""},"product_brand":[],"product_cat":[140],"product_tag":[],"class_list":{"0":"post-157","1":"product","2":"type-product","3":"status-publish","4":"has-post-thumbnail","6":"product_cat-forschungschemikalien","8":"first","9":"instock","10":"featured","11":"taxable","12":"shipping-taxable","13":"purchasable","14":"product-type-variable"},"_links":{"self":[{"href":"https:\/\/rc-chemlab.net\/fr\/wp-json\/wp\/v2\/product\/157","targetHints":{"allow":["GET"]}}],"collection":[{"href":"https:\/\/rc-chemlab.net\/fr\/wp-json\/wp\/v2\/product"}],"about":[{"href":"https:\/\/rc-chemlab.net\/fr\/wp-json\/wp\/v2\/types\/product"}],"replies":[{"embeddable":true,"href":"https:\/\/rc-chemlab.net\/fr\/wp-json\/wp\/v2\/comments?post=157"}],"version-history":[{"count":3,"href":"https:\/\/rc-chemlab.net\/fr\/wp-json\/wp\/v2\/product\/157\/revisions"}],"predecessor-version":[{"id":10261,"href":"https:\/\/rc-chemlab.net\/fr\/wp-json\/wp\/v2\/product\/157\/revisions\/10261"}],"wp:featuredmedia":[{"embeddable":true,"href":"https:\/\/rc-chemlab.net\/fr\/wp-json\/wp\/v2\/media\/10260"}],"wp:attachment":[{"href":"https:\/\/rc-chemlab.net\/fr\/wp-json\/wp\/v2\/media?parent=157"}],"wp:term":[{"taxonomy":"product_brand","embeddable":true,"href":"https:\/\/rc-chemlab.net\/fr\/wp-json\/wp\/v2\/product_brand?post=157"},{"taxonomy":"product_cat","embeddable":true,"href":"https:\/\/rc-chemlab.net\/fr\/wp-json\/wp\/v2\/product_cat?post=157"},{"taxonomy":"product_tag","embeddable":true,"href":"https:\/\/rc-chemlab.net\/fr\/wp-json\/wp\/v2\/product_tag?post=157"}],"curies":[{"name":"wp","href":"https:\/\/api.w.org\/{rel}","templated":true}]}}