{"id":155,"date":"2020-03-16T09:00:48","date_gmt":"2020-03-16T09:00:48","guid":{"rendered":"https:\/\/demo.creativethemes.com\/blocksy\/modern-shop\/?post_type=product&#038;p=155"},"modified":"2024-04-11T16:43:03","modified_gmt":"2024-04-11T16:43:03","slug":"2-mmc-kaufen","status":"publish","type":"product","link":"https:\/\/rc-chemlab.net\/fr\/product\/2-mmc-kaufen\/","title":{"rendered":"2-MMC"},"content":{"rendered":"<h1>2-MMC Acheter<\/h1>\n<h2><strong>Qu'est-ce que 2-MMC ?<\/strong><\/h2>\n<p>Le 2-MMC est un produit chimique de recherche qui, comme le MDPHP, <a href=\"https:\/\/rc-chemlab.net\/fr\/product\/3-cmc-kaufen-deutschland\/\">3-CMC<\/a> et 5-MMPA (m\u00e9ph\u00e9dr\u00e8ne) est cat\u00e9goris\u00e9 comme cathinone.<\/p>\n<p>La drogue a \u00e9t\u00e9 signal\u00e9e pour la premi\u00e8re fois en Su\u00e8de en 2014 et est apparue depuis dans d'autres pays europ\u00e9ens. La drogue a plusieurs effets qui sont tr\u00e8s similaires \u00e0 ceux de la m\u00e9ph\u00e9drone. La 2-MMC a le potentiel de devenir un ingr\u00e9dient tr\u00e8s important pour la fabrication de <a href=\"https:\/\/en.wikipedia.org\/wiki\/4-Methylcathinone#:~:text=4%2DMethylcathinone%20(also%20known%20as,mephedrone%20(4%2Dmethylmethcathinone).\">4-M\u00e9thyl-MC<\/a> \u00eatre.<\/p>\n<p>Les effets toxicologiques de la substance chimique n'ont pas encore \u00e9t\u00e9 enti\u00e8rement \u00e9tudi\u00e9s, c'est pourquoi elle ne devrait \u00eatre utilis\u00e9e qu'\u00e0 des fins de recherche.<\/p>\n<h2><strong>Clause de non-responsabilit\u00e9<\/strong><\/h2>\n<p>Nous vendons le 2-MMC uniquement \u00e0 des fins de recherche. Ce produit ne doit pas \u00eatre utilis\u00e9 sur les humains ou les animaux. Nous conseillons \u00e9galement vivement \u00e0 nos clients de prendre les mesures de protection appropri\u00e9es lors de la manipulation de ce produit chimique, par exemple d'utiliser des masques, des gants et d'autres \u00e9quipements de protection.<\/p>\n<h2><strong>La 2-MMC est-elle l\u00e9gale ?<\/strong><\/h2>\n<p>En ce qui concerne la question de la l\u00e9galit\u00e9, nous conseillons vivement \u00e0 nos clients de se renseigner aupr\u00e8s des autorit\u00e9s comp\u00e9tentes sur la l\u00e9galit\u00e9 de 2-MMC dans leur pays de r\u00e9sidence ou de livraison. Nous avons mis en place des restrictions strictes afin d'\u00e9viter toute complication juridique pour nos clients. Toutefois, en raison de l'\u00e9volution de la l\u00e9gislation dans les diff\u00e9rentes r\u00e9gions, nous ne sommes pas responsables des \u00e9ventuelles cons\u00e9quences juridiques qui pourraient en d\u00e9couler. En fin de compte, il est de la seule responsabilit\u00e9 de nos clients de s'assurer qu'ils n'enfreignent aucune loi en achetant ce produit chimique.<\/p>\n<h2><strong>O\u00f9 acheter 2-MMC ?<\/strong><\/h2>\n<p>Chez Chemical Planet, nous sommes fiers d'\u00eatre l'un des meilleurs fournisseurs de produits chimiques de recherche de qualit\u00e9 dans l'UE. Le 2-MMC est disponible sous forme de cristaux et n'est vendu qu'\u00e0 des fins de recherche. Il n'est pas vendu pour \u00eatre utilis\u00e9 sur les humains ou les animaux. Seules les personnes \u00e2g\u00e9es de plus de 18 ans peuvent acheter ce produit chez nous. Pour plus d'informations <a href=\"https:\/\/rc-chemlab.net\/fr\/kontakt\/\">contactez<\/a> s'il vous pla\u00eet <a href=\"https:\/\/rc-chemlab.net\/fr\/kontakt\/\">\u00e0 nous<\/a>.<\/p>","protected":false},"excerpt":{"rendered":"<p>2-MMC Kaufen Was ist 2-MMC? 2-MMC ist eine Forschungschemikalie, die wie MDPHP, 3-CMC und 5-MMPA (Mephedren) als Cathinon kategorisiert wird.<\/p>","protected":false},"featured_media":10254,"comment_status":"open","ping_status":"closed","template":"","meta":{"_seopress_robots_primary_cat":"none","_seopress_titles_title":"2-MMC Kaufen %%sep%% %%sitetitle%%","_seopress_titles_desc":"2-MMC ist eine Forschungschemikalie, die wie MDPHP, 3-CMC und 5-MMPA (Mephedren) als Cathinon kategorisiert wird.","_seopress_robots_index":""},"product_brand":[],"product_cat":[140],"product_tag":[],"class_list":{"0":"post-155","1":"product","2":"type-product","3":"status-publish","4":"has-post-thumbnail","6":"product_cat-forschungschemikalien","8":"first","9":"instock","10":"featured","11":"taxable","12":"shipping-taxable","13":"purchasable","14":"product-type-variable"},"_links":{"self":[{"href":"https:\/\/rc-chemlab.net\/fr\/wp-json\/wp\/v2\/product\/155","targetHints":{"allow":["GET"]}}],"collection":[{"href":"https:\/\/rc-chemlab.net\/fr\/wp-json\/wp\/v2\/product"}],"about":[{"href":"https:\/\/rc-chemlab.net\/fr\/wp-json\/wp\/v2\/types\/product"}],"replies":[{"embeddable":true,"href":"https:\/\/rc-chemlab.net\/fr\/wp-json\/wp\/v2\/comments?post=155"}],"version-history":[{"count":2,"href":"https:\/\/rc-chemlab.net\/fr\/wp-json\/wp\/v2\/product\/155\/revisions"}],"predecessor-version":[{"id":10256,"href":"https:\/\/rc-chemlab.net\/fr\/wp-json\/wp\/v2\/product\/155\/revisions\/10256"}],"wp:featuredmedia":[{"embeddable":true,"href":"https:\/\/rc-chemlab.net\/fr\/wp-json\/wp\/v2\/media\/10254"}],"wp:attachment":[{"href":"https:\/\/rc-chemlab.net\/fr\/wp-json\/wp\/v2\/media?parent=155"}],"wp:term":[{"taxonomy":"product_brand","embeddable":true,"href":"https:\/\/rc-chemlab.net\/fr\/wp-json\/wp\/v2\/product_brand?post=155"},{"taxonomy":"product_cat","embeddable":true,"href":"https:\/\/rc-chemlab.net\/fr\/wp-json\/wp\/v2\/product_cat?post=155"},{"taxonomy":"product_tag","embeddable":true,"href":"https:\/\/rc-chemlab.net\/fr\/wp-json\/wp\/v2\/product_tag?post=155"}],"curies":[{"name":"wp","href":"https:\/\/api.w.org\/{rel}","templated":true}]}}