{"id":1375,"date":"2023-06-08T03:07:20","date_gmt":"2023-06-08T03:07:20","guid":{"rendered":"https:\/\/rc-chemlab.net\/?post_type=product&#038;p=1375"},"modified":"2024-04-16T02:02:41","modified_gmt":"2024-04-16T02:02:41","slug":"o-dsmt-kaufen","status":"publish","type":"product","link":"https:\/\/rc-chemlab.net\/fr\/product\/o-dsmt-kaufen\/","title":{"rendered":"O-DSMT"},"content":{"rendered":"<h1><span class=\"___SText_mzmpq-ko_\" data-ui-name=\"Link.Text\">Acheter O-DSMT<\/span><\/h1>\n<p>O-Desm\u00e9thyltramadol (\u00e9galement connu sous le nom de O-DSMT et de <a href=\"https:\/\/en.wikipedia.org\/wiki\/Desmetramadol\">Desmetramadol<\/a>) est un m\u00e9tabolite actif du tramadol et ne doit \u00eatre utilis\u00e9 qu'\u00e0 des fins de recherche.<\/p>\n<h2>Effets O-DSMT<\/h2>\n<ul>\n<li>euphorisant<\/li>\n<li>apaisant<\/li>\n<li>narcotique<\/li>\n<\/ul>\n<h2>Dur\u00e9e de l'effet et dosage O-DSMT<\/h2>\n<p>Il n'existe que peu d'informations fiables sur la prise d'O-DSMT. Il ressort des rapports existants que la dur\u00e9e d'action est de 3 \u00e0 4 heures. Le r\u00e9veil peut parfois durer une heure. Soyez donc prudent dans le dosage !<\/p>\n<p>ATTENTION : O-DSMT est une substance tr\u00e8s puissante, ne pas combiner avec des benzodiaz\u00e9pines, des antid\u00e9presseurs &amp; de l'alcool lors des tests !<\/p>\n<h2>Informations sur les dangers de l'O-DSMT :<\/h2>\n<p>Peut provoquer une irritation des voies respiratoires et des yeux. Ne jamais rejeter les RC dans l'environnement.<br \/>\nRecommandations de s\u00e9curit\u00e9 O-DSMT :<\/p>\n<p>En cas de contact avec les yeux : rincer soigneusement \u00e0 l'eau pendant au moins 10 \u00e0 15 minutes, retirer les lentilles de contact si n\u00e9cessaire. En cas de contact avec la peau : rincer \u00e0 l'eau, si possible \u00e9galement au savon. En cas d'inhalation : Donner de l'air frais et adopter une position de respiration.<\/p>\n<p>Ne pas mettre en contact avec des sources de chaleur. Conserver dans un environnement sec, \u00e0 temp\u00e9rature ambiante, dans un r\u00e9cipient bien ferm\u00e9 et hors de port\u00e9e des enfants. Une bonne stabilit\u00e9 des buvards dans les conditions susmentionn\u00e9es peut durer jusqu'\u00e0 2 ans. Pour de plus amples informations, veuillez prendre <a href=\"https:\/\/rc-chemlab.net\/fr\/kontakt\/\">Nous contacter<\/a> sur.<\/p>","protected":false},"excerpt":{"rendered":"<p>O-DSMT kaufen O-Desmethyltramadol (auch bekannt als O-DSMT und Desmetramadol) ist ein aktiver Metabolit von Tramadol und sollte nur zu Forschungszwecken<\/p>","protected":false},"featured_media":10347,"comment_status":"open","ping_status":"closed","template":"","meta":{"_seopress_robots_primary_cat":"none","_seopress_titles_title":"O-DSMT kaufen %%sep%% %%sitetitle%%","_seopress_titles_desc":"O-DSMT kaufen - O-Desmethyltramadol (auch bekannt als O-DSMT und Desmetramadol) ist ein aktiver Metabolit von Tramadol und sollte nur zu Forschungszwecken verwendet werden.","_seopress_robots_index":""},"product_brand":[],"product_cat":[140],"product_tag":[],"class_list":{"0":"post-1375","1":"product","2":"type-product","3":"status-publish","4":"has-post-thumbnail","6":"product_cat-forschungschemikalien","8":"first","9":"instock","10":"taxable","11":"shipping-taxable","12":"purchasable","13":"product-type-variable"},"_links":{"self":[{"href":"https:\/\/rc-chemlab.net\/fr\/wp-json\/wp\/v2\/product\/1375","targetHints":{"allow":["GET"]}}],"collection":[{"href":"https:\/\/rc-chemlab.net\/fr\/wp-json\/wp\/v2\/product"}],"about":[{"href":"https:\/\/rc-chemlab.net\/fr\/wp-json\/wp\/v2\/types\/product"}],"replies":[{"embeddable":true,"href":"https:\/\/rc-chemlab.net\/fr\/wp-json\/wp\/v2\/comments?post=1375"}],"version-history":[{"count":1,"href":"https:\/\/rc-chemlab.net\/fr\/wp-json\/wp\/v2\/product\/1375\/revisions"}],"predecessor-version":[{"id":10348,"href":"https:\/\/rc-chemlab.net\/fr\/wp-json\/wp\/v2\/product\/1375\/revisions\/10348"}],"wp:featuredmedia":[{"embeddable":true,"href":"https:\/\/rc-chemlab.net\/fr\/wp-json\/wp\/v2\/media\/10347"}],"wp:attachment":[{"href":"https:\/\/rc-chemlab.net\/fr\/wp-json\/wp\/v2\/media?parent=1375"}],"wp:term":[{"taxonomy":"product_brand","embeddable":true,"href":"https:\/\/rc-chemlab.net\/fr\/wp-json\/wp\/v2\/product_brand?post=1375"},{"taxonomy":"product_cat","embeddable":true,"href":"https:\/\/rc-chemlab.net\/fr\/wp-json\/wp\/v2\/product_cat?post=1375"},{"taxonomy":"product_tag","embeddable":true,"href":"https:\/\/rc-chemlab.net\/fr\/wp-json\/wp\/v2\/product_tag?post=1375"}],"curies":[{"name":"wp","href":"https:\/\/api.w.org\/{rel}","templated":true}]}}