{"id":1348,"date":"2023-06-08T02:32:49","date_gmt":"2023-06-08T02:32:49","guid":{"rendered":"https:\/\/rc-chemlab.net\/?post_type=product&#038;p=1348"},"modified":"2024-04-16T01:56:02","modified_gmt":"2024-04-16T01:56:02","slug":"alpha-php-bestellen","status":"publish","type":"product","link":"https:\/\/rc-chemlab.net\/fr\/product\/alpha-php-bestellen\/","title":{"rendered":"Alpha-PHP"},"content":{"rendered":"<h1><span class=\"___SText_mzmpq-ko_\" data-ui-name=\"Link.Text\">Commander Alpha PHP<\/span><\/h1>\n<p>Substances actives dans l'a-PHP Contient 1000 mg d'au moins 99 % d'a-PHP pur (poudre pure) par unit\u00e9 de commande.<\/p>\n<p><a href=\"https:\/\/en.wikipedia.org\/wiki\/Alpha-Pyrrolidinohexiophenone\">alpha-pyrrolidinohexioph\u00e9none<\/a> ou \u03b1-PHP \/ alpha-PHP \/ a-PHP est un Obers synth\u00e9tis\u00e9 pour la premi\u00e8re fois dans les ann\u00e9es 1960, qui appartient \u00e0 la famille des cathinones et est tr\u00e8s \u00e9troitement apparent\u00e9 \u00e0 l'alpha-PVP (a-PVP, \u03b1-PVP) et \u00e0 la pyroval\u00e9rone. L'a-PHP n'appartient pas seulement \u00e0 la famille des cathinones, mais aussi \u00e0 celle des pyroval\u00e9rones.<\/p>\n<p>Parmi les consommateurs, l'a-PHP est consid\u00e9r\u00e9 comme l'un des analogues de pyroval\u00e9rone les plus puissants, tout \u00e0 fait comparable \u00e0 l'a-PVP ou au MDPV.<\/p>\n<h2>Dosage de l'a-PHP<\/h2>\n<p>Il n'y a pas de dose recommand\u00e9e, car l'a-PHP n'est pas destin\u00e9 \u00e0 la consommation humaine, mais est vendu uniquement \u00e0 des fins de recherche scientifique.<\/p>\n<h2>Effets de l'a-PHP :<\/h2>\n<p>Les effets cliniques de la plupart des nouvelles drogues de synth\u00e8se, telles que l'a-PHP, peuvent \u00eatre d\u00e9crits comme \u00e9tant soit hallucinog\u00e8nes, soit stimulants, soit semblables \u00e0 ceux des opio\u00efdes. La substitution de cha\u00eenes lat\u00e9rales par des drogues de synth\u00e8se permet souvent d'obtenir une combinaison de ces effets. On trouve de nombreux t\u00e9moignages sur l'a-PHP dans les forums et les moteurs de recherche.<\/p>\n<h2>Effets secondaires de l'a-PHP<\/h2>\n<p>Comme pour d'autres drogues de synth\u00e8se, la consommation d'a-PHP peut entra\u00eener de graves effets secondaires ; la substance n'a pas \u00e9t\u00e9 test\u00e9e cliniquement et n'est pas autoris\u00e9e en tant que produit destin\u00e9 \u00e0 la consommation humaine ! L'a-PHP n'est donc pas recommand\u00e9 pour la consommation humaine, mais uniquement pour la recherche et les tests scientifiques !<\/p>\n<h2>Stockage et dur\u00e9e de vie de l'a-PHP<\/h2>\n<p>Conservez toujours l'a-PHP en dessous de 30 degr\u00e9s Celsius et dans son emballage d'origine. Prot\u00e9ger des rayons directs du soleil et de l'humidit\u00e9. La dur\u00e9e de conservation de la substance active est d'au moins 1 an si elle est stock\u00e9e correctement. Pour de plus amples informations, veuillez prendre contact avec <a href=\"https:\/\/rc-chemlab.net\/fr\/kontakt\/\">Nous contacter<\/a> sur.<\/p>","protected":false},"excerpt":{"rendered":"<p>Alpha PHP Bestellen Wirkstoffe in a-PHP Enth\u00e4lt 1000 mg mindestens 99 % reines a-PHP (Pulver rein) pro Bestelleinheit. alpha-Pyrrolidinohexiophenon oder<\/p>","protected":false},"featured_media":10336,"comment_status":"open","ping_status":"closed","template":"","meta":{"_seopress_robots_primary_cat":"none","_seopress_titles_title":"Alpha PHP Bestellen %%sep%% %%sitetitle%%","_seopress_titles_desc":"Alpha PHP Bestellen - Wirkstoffe in a-PHP Enth\u00e4lt 1000 mg mindestens 99 % reines a-PHP (Pulver rein) pro Bestelleinheit.","_seopress_robots_index":""},"product_brand":[],"product_cat":[140],"product_tag":[],"class_list":{"0":"post-1348","1":"product","2":"type-product","3":"status-publish","4":"has-post-thumbnail","6":"product_cat-forschungschemikalien","8":"first","9":"instock","10":"taxable","11":"shipping-taxable","12":"purchasable","13":"product-type-variable"},"_links":{"self":[{"href":"https:\/\/rc-chemlab.net\/fr\/wp-json\/wp\/v2\/product\/1348","targetHints":{"allow":["GET"]}}],"collection":[{"href":"https:\/\/rc-chemlab.net\/fr\/wp-json\/wp\/v2\/product"}],"about":[{"href":"https:\/\/rc-chemlab.net\/fr\/wp-json\/wp\/v2\/types\/product"}],"replies":[{"embeddable":true,"href":"https:\/\/rc-chemlab.net\/fr\/wp-json\/wp\/v2\/comments?post=1348"}],"version-history":[{"count":1,"href":"https:\/\/rc-chemlab.net\/fr\/wp-json\/wp\/v2\/product\/1348\/revisions"}],"predecessor-version":[{"id":10337,"href":"https:\/\/rc-chemlab.net\/fr\/wp-json\/wp\/v2\/product\/1348\/revisions\/10337"}],"wp:featuredmedia":[{"embeddable":true,"href":"https:\/\/rc-chemlab.net\/fr\/wp-json\/wp\/v2\/media\/10336"}],"wp:attachment":[{"href":"https:\/\/rc-chemlab.net\/fr\/wp-json\/wp\/v2\/media?parent=1348"}],"wp:term":[{"taxonomy":"product_brand","embeddable":true,"href":"https:\/\/rc-chemlab.net\/fr\/wp-json\/wp\/v2\/product_brand?post=1348"},{"taxonomy":"product_cat","embeddable":true,"href":"https:\/\/rc-chemlab.net\/fr\/wp-json\/wp\/v2\/product_cat?post=1348"},{"taxonomy":"product_tag","embeddable":true,"href":"https:\/\/rc-chemlab.net\/fr\/wp-json\/wp\/v2\/product_tag?post=1348"}],"curies":[{"name":"wp","href":"https:\/\/api.w.org\/{rel}","templated":true}]}}