{"id":1340,"date":"2023-06-07T03:47:53","date_gmt":"2023-06-07T03:47:53","guid":{"rendered":"https:\/\/rc-chemlab.net\/?post_type=product&#038;p=1340"},"modified":"2024-04-16T01:49:53","modified_gmt":"2024-04-16T01:49:53","slug":"a-pihp","status":"publish","type":"product","link":"https:\/\/rc-chemlab.net\/fr\/product\/a-pihp\/","title":{"rendered":"A PiHP"},"content":{"rendered":"<h1>A PiHP<\/h1>\n<p>\u03b1-PHiP, aussi appel\u00e9 commun\u00e9ment <a href=\"https:\/\/en.wikipedia.org\/wiki\/%CE%91-PHiP\">Alpha-PHiP<\/a> est un compos\u00e9 de la classe des cathinones et un isom\u00e8re structurel du compos\u00e9 d'origine, la pyroval\u00e9rone, qui a \u00e9t\u00e9 largement prescrit au cours des derni\u00e8res d\u00e9cennies pour le traitement de la l\u00e9thargie, de la somnolence et de la fatigue chronique.<\/p>\n<p>Il est \u00e9galement tr\u00e8s proche d'autres compos\u00e9s plus connus, l'A-PHP et le MDPV, des substances qui, lorsqu'elles sont ing\u00e9r\u00e9es, provoquent une sensation d'euphorie.<\/p>\n<p>Bien que la structure de l'\u03b1-PHiP soit similaire \u00e0 celle de compos\u00e9s qui ont \u00e9t\u00e9 test\u00e9s et approuv\u00e9s pour la consommation humaine, l'\u03b1-PHiP sert uniquement \u00e0 la recherche et n'est pas destin\u00e9 \u00e0 la consommation humaine.<\/p>\n<h2>Propri\u00e9t\u00e9s chimiques de l'\u03b1-PHiP<\/h2>\n<ul>\n<li>Formule chimique : C23H27N3O2<\/li>\n<li>Nom complet : 4-m\u00e9thyl-1-ph\u00e9nyl-2-(pyrrolidin-1-yl) pentan-1-one<\/li>\n<li>Poids mol\u00e9culaire : g \/ mol<\/li>\n<li>Puret\u00e9:&gt; 98%<\/li>\n<\/ul>\n<p>Comme mentionn\u00e9 ci-dessus, A PiHP est un compos\u00e9 de la classe des cathinones et partage les propri\u00e9t\u00e9s chimiques de la pyroval\u00e9rone, mieux \u00e9tudi\u00e9e - la seule diff\u00e9rence \u00e9tant un groupe m\u00e9thyle d\u00e9plac\u00e9 de la position 4 du cycle aromatique \u00e0 la position 4 de la cha\u00eene acyle. Tout comme la pyroval\u00e9rone, on peut s'attendre \u00e0 ce que l'\u03b1-PHiP, lorsqu'il est ing\u00e9r\u00e9, provoque une euphorie, une augmentation de l'\u00e9nergie et une am\u00e9lioration de la concentration, bien qu'aucune \u00e9tude n'ait \u00e9t\u00e9 men\u00e9e pour le confirmer.<\/p>\n<p>Comme pour toutes les cathinones psychoactives, on pense que l'\u03b1-PHiP augmente la lib\u00e9ration de dopamine et inhibe la recapture de l'adr\u00e9naline, de la noradr\u00e9naline et de la s\u00e9rotonine dans le syst\u00e8me nerveux central.<\/p>\n<p>Il convient de noter que toutes les cathinones sont bas\u00e9es sur les compos\u00e9s psychoactifs de la plante khat (Catha edulis), dont les feuilles produisent un stimulant comme un effet chez ceux qui les m\u00e2chent. Le khat est consomm\u00e9 de cette mani\u00e8re depuis des centaines d'ann\u00e9es dans de nombreux pays africains. C'est de cette plante que proviennent tous les produits chimiques de la famille des cathinones.<\/p>\n<blockquote><p><strong>REMARQUE :\u00a0<\/strong>\u00a0Contrairement au khat ou \u00e0 la pyroval\u00e9rone, l'\u03b1-PHiP n'a pas eu d'usage humain par le pass\u00e9 et ne peut \u00eatre utilis\u00e9 qu'\u00e0 des fins de recherche et non pour la consommation humaine.<\/p><\/blockquote>\n<h2><strong>O\u00f9 acheter ?<\/strong><\/h2>\n<p>Dans\u00a0<span data-contrast=\"none\">notre activit\u00e9 chimique<\/span>\u00a0, une source de N1 de confiance, nous proposons de l'\u03b1-PHiP de haute qualit\u00e9 en laboratoire sous forme de poudre de sel.\u00a0<span data-contrast=\"none\">Notre activit\u00e9 chimique<\/span>\u00a0est le premier choix pour ceux qui souhaitent acheter des produits chimiques de recherche. Veuillez noter que vous devez \u00eatre \u00e2g\u00e9 d'au moins 18 ans pour pouvoir utiliser \u03b1-PHiP en\u00a0<span data-contrast=\"none\">notre activit\u00e9 chimique<\/span> de l'acheter. Tous les produits chimiques de recherche vendus sont destin\u00e9s \u00e0 des \u00e9tudes et des exp\u00e9riences en laboratoire et ne sont pas destin\u00e9s \u00e0 la consommation humaine. Pour plus d'informations, veuillez contacter <a href=\"https:\/\/rc-chemlab.net\/fr\/kontakt\/\">Nous contacter<\/a> sur.<\/p>","protected":false},"excerpt":{"rendered":"<p>A PiHP \u03b1-PHiP, auch allgemein als Alpha-PHiP bezeichnet, ist eine Verbindung der Cathinon-Klasse und ein Strukturisomer der Ausgangsverbindung Pyrovaleron, die<\/p>","protected":false},"featured_media":10330,"comment_status":"open","ping_status":"closed","template":"","meta":{"_seopress_robots_primary_cat":"none","_seopress_titles_title":"A PiHP %%sep%% %%sitetitle%%","_seopress_titles_desc":"\u03b1-PHiP, auch allgemein als Alpha-PHiP bezeichnet, ist eine Verbindung der Cathinon-Klasse - \u03b1-PHiP, auch allgemein als Alpha-PHiP bezeichnet, ist eine Verbindung der Cathinon-Klasse","_seopress_robots_index":""},"product_brand":[],"product_cat":[140],"product_tag":[],"class_list":{"0":"post-1340","1":"product","2":"type-product","3":"status-publish","4":"has-post-thumbnail","6":"product_cat-forschungschemikalien","8":"first","9":"instock","10":"taxable","11":"shipping-taxable","12":"purchasable","13":"product-type-variable"},"_links":{"self":[{"href":"https:\/\/rc-chemlab.net\/fr\/wp-json\/wp\/v2\/product\/1340","targetHints":{"allow":["GET"]}}],"collection":[{"href":"https:\/\/rc-chemlab.net\/fr\/wp-json\/wp\/v2\/product"}],"about":[{"href":"https:\/\/rc-chemlab.net\/fr\/wp-json\/wp\/v2\/types\/product"}],"replies":[{"embeddable":true,"href":"https:\/\/rc-chemlab.net\/fr\/wp-json\/wp\/v2\/comments?post=1340"}],"version-history":[{"count":1,"href":"https:\/\/rc-chemlab.net\/fr\/wp-json\/wp\/v2\/product\/1340\/revisions"}],"predecessor-version":[{"id":10331,"href":"https:\/\/rc-chemlab.net\/fr\/wp-json\/wp\/v2\/product\/1340\/revisions\/10331"}],"wp:featuredmedia":[{"embeddable":true,"href":"https:\/\/rc-chemlab.net\/fr\/wp-json\/wp\/v2\/media\/10330"}],"wp:attachment":[{"href":"https:\/\/rc-chemlab.net\/fr\/wp-json\/wp\/v2\/media?parent=1340"}],"wp:term":[{"taxonomy":"product_brand","embeddable":true,"href":"https:\/\/rc-chemlab.net\/fr\/wp-json\/wp\/v2\/product_brand?post=1340"},{"taxonomy":"product_cat","embeddable":true,"href":"https:\/\/rc-chemlab.net\/fr\/wp-json\/wp\/v2\/product_cat?post=1340"},{"taxonomy":"product_tag","embeddable":true,"href":"https:\/\/rc-chemlab.net\/fr\/wp-json\/wp\/v2\/product_tag?post=1340"}],"curies":[{"name":"wp","href":"https:\/\/api.w.org\/{rel}","templated":true}]}}