{"id":1332,"date":"2023-06-05T23:53:41","date_gmt":"2023-06-05T23:53:41","guid":{"rendered":"https:\/\/rc-chemlab.net\/?post_type=product&#038;p=1332"},"modified":"2024-04-16T01:38:04","modified_gmt":"2024-04-16T01:38:04","slug":"4-fma-kaufen","status":"publish","type":"product","link":"https:\/\/rc-chemlab.net\/fr\/product\/4-fma-kaufen\/","title":{"rendered":"4-FMA"},"content":{"rendered":"<h1>Acheter 4-FMA<\/h1>\n<p>Vous souhaitez acheter 4-FMA ? Tous les produits de Rc-<a href=\"\/fr\/\">Chemlab<\/a> sont test\u00e9s en laboratoire et sont de la plus haute qualit\u00e9. Les commandes sont emball\u00e9es discr\u00e8tement et exp\u00e9di\u00e9es dans les 24 heures. De plus, vous pouvez payer en toute s\u00e9curit\u00e9 et rapidement par crypto!Les commandes sont emball\u00e9es discr\u00e8tement et exp\u00e9di\u00e9es dans les 24 heures.<\/p>\n<h2>Qu'est-ce que la 4-FMA ?<\/h2>\n<p>Le 4-FMA est une classe de produits chimiques \u00e9troitement li\u00e9e \u00e0 l'amph\u00e9tamine. Il s'agit d'un compos\u00e9 fluor\u00e9, c'est-\u00e0-dire qu'un atome de fluor a \u00e9t\u00e9 ajout\u00e9 \u00e0 la mol\u00e9cule pour en modifier les propri\u00e9t\u00e9s. Le 4-FMA est constitu\u00e9 d'un groupe ph\u00e9nyle li\u00e9 \u00e0 une mol\u00e9cule d'amph\u00e9tamine. <a href=\"https:\/\/xtcdrogenhaus.com\/Produkt-Kategorie\/amphetamine-kaufen\/\">Amph\u00e9tamine<\/a> est une substance qui agit sur le cerveau et le syst\u00e8me nerveux. Elle augmente la lib\u00e9ration de certains produits chimiques du cerveau comme la dopamine et la noradr\u00e9naline, ce qui peut entra\u00eener un sentiment d'euphorie, une vigilance accrue et de l'\u00e9nergie.<\/p>\n<h2>O\u00f9 puis-je acheter 4-FMA ?<\/h2>\n<p>Vous pouvez acheter tous les produits chimiques de recherche chez Chemlab, et vous pouvez \u00e9galement y acheter du 4-FMA de la meilleure qualit\u00e9. Cette substance est fournie sous forme de poudre et est destin\u00e9e uniquement \u00e0 un usage en laboratoire, en prenant toujours les mesures de s\u00e9curit\u00e9 appropri\u00e9es. Remarque : le 4-FMA, comme d'autres produits chimiques de recherche, est uniquement destin\u00e9 \u00e0 la recherche et ne doit en aucun cas \u00eatre consomm\u00e9 par des personnes, des animaux ou d'autres \u00eatres vivants. Nous ne vendons pas de produits chimiques de recherche aux personnes de moins de 18 ans. Pour de plus amples informations, veuillez prendre contact avec <a href=\"https:\/\/rc-chemlab.net\/fr\/kontakt\/\">Nous contacter<\/a> sur.<\/p>","protected":false},"excerpt":{"rendered":"<p>4-FMA kaufen Sie m\u00f6chten 4-FMA kaufen? Alle Produkte von Rc-Chemlab sind laborgepr\u00fcft und von h\u00f6chster Qualit\u00e4t. Die Bestellungen werden diskret<\/p>","protected":false},"featured_media":10327,"comment_status":"open","ping_status":"closed","template":"","meta":{"_seopress_robots_primary_cat":"none","_seopress_titles_title":"4-FMA kaufen %%sep%% %%sitetitle%%","_seopress_titles_desc":"4-FMA kaufen - Sie m\u00f6chten 4-FMA kaufen? Alle Produkte von Rc-Chemlab sind laborgepr\u00fcft und von h\u00f6chster Qualit\u00e4t.","_seopress_robots_index":""},"product_brand":[],"product_cat":[140],"product_tag":[],"class_list":{"0":"post-1332","1":"product","2":"type-product","3":"status-publish","4":"has-post-thumbnail","6":"product_cat-forschungschemikalien","8":"first","9":"instock","10":"taxable","11":"shipping-taxable","12":"purchasable","13":"product-type-variable"},"_links":{"self":[{"href":"https:\/\/rc-chemlab.net\/fr\/wp-json\/wp\/v2\/product\/1332","targetHints":{"allow":["GET"]}}],"collection":[{"href":"https:\/\/rc-chemlab.net\/fr\/wp-json\/wp\/v2\/product"}],"about":[{"href":"https:\/\/rc-chemlab.net\/fr\/wp-json\/wp\/v2\/types\/product"}],"replies":[{"embeddable":true,"href":"https:\/\/rc-chemlab.net\/fr\/wp-json\/wp\/v2\/comments?post=1332"}],"version-history":[{"count":2,"href":"https:\/\/rc-chemlab.net\/fr\/wp-json\/wp\/v2\/product\/1332\/revisions"}],"predecessor-version":[{"id":10328,"href":"https:\/\/rc-chemlab.net\/fr\/wp-json\/wp\/v2\/product\/1332\/revisions\/10328"}],"wp:featuredmedia":[{"embeddable":true,"href":"https:\/\/rc-chemlab.net\/fr\/wp-json\/wp\/v2\/media\/10327"}],"wp:attachment":[{"href":"https:\/\/rc-chemlab.net\/fr\/wp-json\/wp\/v2\/media?parent=1332"}],"wp:term":[{"taxonomy":"product_brand","embeddable":true,"href":"https:\/\/rc-chemlab.net\/fr\/wp-json\/wp\/v2\/product_brand?post=1332"},{"taxonomy":"product_cat","embeddable":true,"href":"https:\/\/rc-chemlab.net\/fr\/wp-json\/wp\/v2\/product_cat?post=1332"},{"taxonomy":"product_tag","embeddable":true,"href":"https:\/\/rc-chemlab.net\/fr\/wp-json\/wp\/v2\/product_tag?post=1332"}],"curies":[{"name":"wp","href":"https:\/\/api.w.org\/{rel}","templated":true}]}}