{"id":1324,"date":"2023-06-05T23:21:14","date_gmt":"2023-06-05T23:21:14","guid":{"rendered":"https:\/\/rc-chemlab.net\/?post_type=product&#038;p=1324"},"modified":"2024-04-16T01:30:39","modified_gmt":"2024-04-16T01:30:39","slug":"6-apb-kaufen","status":"publish","type":"product","link":"https:\/\/rc-chemlab.net\/fr\/product\/6-apb-kaufen\/","title":{"rendered":"6-APB"},"content":{"rendered":"<h1>6-APB acheter<\/h1>\n<p>Vous souhaitez acheter du 6-APB ? Alors vous \u00eates \u00e0 la bonne adresse chez Chemlab. Tous les produits sont test\u00e9s en laboratoire et sont purs au moins \u00e0 95%. De plus, nous exp\u00e9dions tous les produits chimiques de recherche depuis les Pays-Bas, de sorte qu'ils arrivent chez vous au laboratoire dans les 24 heures suivant le paiement !<\/p>\n<h2>Qu'est-ce que le 6-APB ?<\/h2>\n<p>Le 6-APB, \u00e9galement connu sous le nom de Benzo Fury, est un produit chimique de recherche qui appartient \u00e0 la classe des benzofuranes. Il s'agit d'une substance tr\u00e8s populaire aupr\u00e8s de nombreux chercheurs en chimie. Du point de vue de la structure chimique, le 6-APB ressemble \u00e0 des substances telles que <a href=\"https:\/\/xtcdrogenhaus.com\/Produkt-Kategorie\/ecstasys-kaufen\/\">MDMA<\/a> et XTC, les effets du 6-APB sont \u00e9galement similaires \u00e0 ceux de ces substances. Les \u00e9tudes avec le 6-APB durent plusieurs heures de plus que celles avec le MDMA. \u00c0 faibles doses, on a plus de contr\u00f4le et les effets sont plus doux qu'avec l'XTC. Avec le 6-APB, on peut s'attendre \u00e0 un test euphorique et plein d'\u00e9nergie. Mais ce produit chimique de recherche peut aussi \u00eatre \u00e0 l'origine d'un r\u00e9sultat de recherche trippant. Ce n'est pas le cas avec une dose plus faible.<\/p>\n<h2>6-APB Exp\u00e9rience<\/h2>\n<p>Tu veux en savoir plus sur le 6-APB et les effets de ce produit chimique de recherche ? Alors tu peux te renseigner sur cette substance sur des sites comme Psychonaut Wiki et Wikipedia.<\/p>\n<h2>6-APB acheter en ligne<\/h2>\n<p>Chez Nachtapotheker.nl, vous pouvez compter sur un benzofury de qualit\u00e9 sup\u00e9rieure, qui a \u00e9galement \u00e9t\u00e9 test\u00e9 en laboratoire. Nous pouvons ainsi garantir une puret\u00e9 d'au moins 95%. Nachtapotheker.nl vend de la poudre de 6-APB en quantit\u00e9s de 0,25, 0,5, 1, 2 et 5 grammes. Tous les produits chimiques de recherche sont exp\u00e9di\u00e9s depuis les Pays-Bas et arrivent dans votre laboratoire dans les 24 heures suivant la r\u00e9ception de votre paiement. Veuillez noter que le 6-APB, comme les autres produits chimiques de recherche, est uniquement destin\u00e9 \u00e0 la recherche et ne doit en aucun cas \u00eatre consomm\u00e9 par les humains, les animaux ou tout autre \u00eatre vivant. Conservez-le dans un endroit sec et frais afin de garantir une dur\u00e9e de conservation maximale. Nous ne vendons pas de produits chimiques de recherche aux personnes de moins de 18 ans. Pour plus d'informations, veuillez prendre contact avec <a href=\"https:\/\/rc-chemlab.net\/fr\/kontakt\/\">Nous contacter<\/a> sur.<\/p>","protected":false},"excerpt":{"rendered":"<p>6-APB kaufen M\u00f6chten Sie 6-APB kaufen? Dann sind Sie bei Chemlab an der richtigen Adresse. Alle Produkte sind laborgepr\u00fcft und<\/p>","protected":false},"featured_media":10323,"comment_status":"open","ping_status":"closed","template":"","meta":{"_seopress_robots_primary_cat":"none","_seopress_titles_title":"6-APB kaufen %%sep%% %%sitetitle%%","_seopress_titles_desc":"6-APB kaufen - M\u00f6chten Sie 6-APB kaufen? Dann sind Sie bei Chemlab an der richtigen Adresse.","_seopress_robots_index":""},"product_brand":[],"product_cat":[140],"product_tag":[],"class_list":{"0":"post-1324","1":"product","2":"type-product","3":"status-publish","4":"has-post-thumbnail","6":"product_cat-forschungschemikalien","8":"first","9":"instock","10":"taxable","11":"shipping-taxable","12":"purchasable","13":"product-type-variable"},"_links":{"self":[{"href":"https:\/\/rc-chemlab.net\/fr\/wp-json\/wp\/v2\/product\/1324","targetHints":{"allow":["GET"]}}],"collection":[{"href":"https:\/\/rc-chemlab.net\/fr\/wp-json\/wp\/v2\/product"}],"about":[{"href":"https:\/\/rc-chemlab.net\/fr\/wp-json\/wp\/v2\/types\/product"}],"replies":[{"embeddable":true,"href":"https:\/\/rc-chemlab.net\/fr\/wp-json\/wp\/v2\/comments?post=1324"}],"version-history":[{"count":1,"href":"https:\/\/rc-chemlab.net\/fr\/wp-json\/wp\/v2\/product\/1324\/revisions"}],"predecessor-version":[{"id":10324,"href":"https:\/\/rc-chemlab.net\/fr\/wp-json\/wp\/v2\/product\/1324\/revisions\/10324"}],"wp:featuredmedia":[{"embeddable":true,"href":"https:\/\/rc-chemlab.net\/fr\/wp-json\/wp\/v2\/media\/10323"}],"wp:attachment":[{"href":"https:\/\/rc-chemlab.net\/fr\/wp-json\/wp\/v2\/media?parent=1324"}],"wp:term":[{"taxonomy":"product_brand","embeddable":true,"href":"https:\/\/rc-chemlab.net\/fr\/wp-json\/wp\/v2\/product_brand?post=1324"},{"taxonomy":"product_cat","embeddable":true,"href":"https:\/\/rc-chemlab.net\/fr\/wp-json\/wp\/v2\/product_cat?post=1324"},{"taxonomy":"product_tag","embeddable":true,"href":"https:\/\/rc-chemlab.net\/fr\/wp-json\/wp\/v2\/product_tag?post=1324"}],"curies":[{"name":"wp","href":"https:\/\/api.w.org\/{rel}","templated":true}]}}