{"id":1314,"date":"2023-06-05T21:47:41","date_gmt":"2023-06-05T21:47:41","guid":{"rendered":"https:\/\/rc-chemlab.net\/?post_type=product&#038;p=1314"},"modified":"2024-11-16T11:35:43","modified_gmt":"2024-11-16T11:35:43","slug":"n-ethyl-hexedrone","status":"publish","type":"product","link":"https:\/\/rc-chemlab.net\/fr\/product\/n-ethyl-hexedrone\/","title":{"rendered":"N-\u00e9thyl-hex\u00e9drone"},"content":{"rendered":"<h1>N Ethyl hexdrone<\/h1>\n<p>N-\u00e9thylhex\u00e9drone (<a href=\"https:\/\/de.wikibrief.org\/wiki\/N-Ethylhexedrone\">a-\u00e9thylaminocaproph\u00e9none<\/a>NEH ou Hexen) est un produit chimique stimulant de la classe des cathinones, disponible sur le march\u00e9 des produits chimiques de recherche depuis le milieu des ann\u00e9es 2010. Il est rapport\u00e9 qu'il agit en augmentant les niveaux de dopamine et de noradr\u00e9naline. Des rapports anecdotiques affirment que les participants ont montr\u00e9 des effets de stimulation, d'augmentation de la concentration, d'euphorie et de d\u00e9sinhibition.<\/p>\n<p>HEX-EN, Ethyl-Hexedron, Ethyl-Hex est un nouveau produit chimique de recherche d\u00e9velopp\u00e9 apr\u00e8s l'interdiction en Chine du 1\/10\/2015. Ce produit a une valeur de recherche trois fois sup\u00e9rieure \u00e0 celle de l'hex\u00e9drone connu. Avec des propri\u00e9t\u00e9s et des effets similaires \u00e0 ceux de la pent\u00e9drone, 4-CMC, <a href=\"https:\/\/rc-chemlab.net\/fr\/product\/3-cmc-kaufen-deutschland\/\">3-CMC<\/a>.<\/p>\n<p>Les produits achet\u00e9s sur EUsynth.org sont uniquement destin\u00e9s \u00e0 la recherche en laboratoire et en aucun cas \u00e0 la consommation humaine. Si vous achetez, vous le faites \u00e0 vos propres risques et vous \u00eates responsable du respect des lois de votre juridiction. EUsynth.org n'est pas responsable de la l\u00e9galit\u00e9 des produits dans les pays des clients. Pour plus d'informations, veuillez prendre <a href=\"https:\/\/rc-chemlab.net\/fr\/kontakt\/\">Nous contacter<\/a> sur.<\/p>","protected":false},"excerpt":{"rendered":"<p>N Ethyl Hexedrone N-Ethylhexedron (a-Ethylaminocaprophenon, NEH oder Hexen) ist eine stimulierende Chemikalie aus der Klasse der Cathinone und ist seit<\/p>","protected":false},"featured_media":10321,"comment_status":"open","ping_status":"closed","template":"","meta":{"_seopress_robots_primary_cat":"none","_seopress_titles_title":"N Ethyl Hexedrone %%sep%% %%sitetitle%%","_seopress_titles_desc":"N Ethyl Hexedrone - HEX-EN, Ethyl-Hexedron, Ethyl-Hex ist eine neue Forschungschemikalie, die nach dem Verbot in China vom 1.10.2015 entwickelt wurde.","_seopress_robots_index":""},"product_brand":[],"product_cat":[140],"product_tag":[],"class_list":{"0":"post-1314","1":"product","2":"type-product","3":"status-publish","4":"has-post-thumbnail","6":"product_cat-forschungschemikalien","8":"first","9":"instock","10":"taxable","11":"shipping-taxable","12":"purchasable","13":"product-type-variable"},"_links":{"self":[{"href":"https:\/\/rc-chemlab.net\/fr\/wp-json\/wp\/v2\/product\/1314","targetHints":{"allow":["GET"]}}],"collection":[{"href":"https:\/\/rc-chemlab.net\/fr\/wp-json\/wp\/v2\/product"}],"about":[{"href":"https:\/\/rc-chemlab.net\/fr\/wp-json\/wp\/v2\/types\/product"}],"replies":[{"embeddable":true,"href":"https:\/\/rc-chemlab.net\/fr\/wp-json\/wp\/v2\/comments?post=1314"}],"version-history":[{"count":2,"href":"https:\/\/rc-chemlab.net\/fr\/wp-json\/wp\/v2\/product\/1314\/revisions"}],"predecessor-version":[{"id":10322,"href":"https:\/\/rc-chemlab.net\/fr\/wp-json\/wp\/v2\/product\/1314\/revisions\/10322"}],"wp:featuredmedia":[{"embeddable":true,"href":"https:\/\/rc-chemlab.net\/fr\/wp-json\/wp\/v2\/media\/10321"}],"wp:attachment":[{"href":"https:\/\/rc-chemlab.net\/fr\/wp-json\/wp\/v2\/media?parent=1314"}],"wp:term":[{"taxonomy":"product_brand","embeddable":true,"href":"https:\/\/rc-chemlab.net\/fr\/wp-json\/wp\/v2\/product_brand?post=1314"},{"taxonomy":"product_cat","embeddable":true,"href":"https:\/\/rc-chemlab.net\/fr\/wp-json\/wp\/v2\/product_cat?post=1314"},{"taxonomy":"product_tag","embeddable":true,"href":"https:\/\/rc-chemlab.net\/fr\/wp-json\/wp\/v2\/product_tag?post=1314"}],"curies":[{"name":"wp","href":"https:\/\/api.w.org\/{rel}","templated":true}]}}