{"id":1306,"date":"2023-06-05T16:43:27","date_gmt":"2023-06-05T16:43:27","guid":{"rendered":"https:\/\/rc-chemlab.net\/?post_type=product&#038;p=1306"},"modified":"2024-04-16T01:15:51","modified_gmt":"2024-04-16T01:15:51","slug":"n-ethyl-pentedrone","status":"publish","type":"product","link":"https:\/\/rc-chemlab.net\/fr\/product\/n-ethyl-pentedrone\/","title":{"rendered":"N-\u00e9thyl-pent\u00e9drone"},"content":{"rendered":"<h1>N Ethyl Pentedrone<\/h1>\n<p>La N-\u00e9thyl-(nor)-pentedrone (\u00e9galement connue sous le nom de N-\u00e9thylpent\u00e9drone ou plus g\u00e9n\u00e9ralement de NEP) est un nouveau stimulant synth\u00e9tique appartenant \u00e0 la classe des cathinones substitu\u00e9es. La N-\u00e9thyl-(nor)-pentedrone est apparue pour la premi\u00e8re fois sur le march\u00e9 des produits chimiques de recherche en 2016. <a href=\"https:\/\/en.wikipedia.org\/wiki\/N-Ethylpentedrone\">N-\u00e9thyl-(nor)-pentedron<\/a> est \u00e9troitement li\u00e9e au pent\u00e9dron.<\/p>\n<p>Les mesures prises par <a href=\"\/fr\/\">Chemlab<\/a> achet\u00e9s sont uniquement destin\u00e9s \u00e0 la recherche en laboratoire, en aucun cas \u00e0 la consommation humaine. Si vous achetez un produit, vous le faites \u00e0 vos propres risques et vous \u00eates responsable du respect de la l\u00e9gislation en vigueur dans votre pays. Chemlab n'est pas responsable de la l\u00e9galit\u00e9 des produits dans les pays des clients. Pour plus d'informations, veuillez prendre <a href=\"https:\/\/rc-chemlab.net\/fr\/kontakt\/\">Nous contacter<\/a> sur.<\/p>","protected":false},"excerpt":{"rendered":"<p>N Ethyl Pentedrone N-Ethyl-(nor)-pentedron (auch bekannt als N-Ethylpentedron oder allgemeiner als NEP) ist ein neuartiges synthetisches Stimulans, das zur Klasse<\/p>","protected":false},"featured_media":10319,"comment_status":"open","ping_status":"closed","template":"","meta":{"_seopress_robots_primary_cat":"none","_seopress_titles_title":"N Ethyl Pentedrone %%sep%% %%sitetitle%%","_seopress_titles_desc":"N Ethyl Pentedrone - N-Ethyl-(nor)-pentedron (auch bekannt als N-Ethylpentedron oder allgemeiner als NEP) ist ein neuartiges synthetisches Stimulans","_seopress_robots_index":""},"product_brand":[],"product_cat":[140],"product_tag":[],"class_list":{"0":"post-1306","1":"product","2":"type-product","3":"status-publish","4":"has-post-thumbnail","6":"product_cat-forschungschemikalien","8":"first","9":"instock","10":"taxable","11":"shipping-taxable","12":"purchasable","13":"product-type-variable"},"_links":{"self":[{"href":"https:\/\/rc-chemlab.net\/fr\/wp-json\/wp\/v2\/product\/1306","targetHints":{"allow":["GET"]}}],"collection":[{"href":"https:\/\/rc-chemlab.net\/fr\/wp-json\/wp\/v2\/product"}],"about":[{"href":"https:\/\/rc-chemlab.net\/fr\/wp-json\/wp\/v2\/types\/product"}],"replies":[{"embeddable":true,"href":"https:\/\/rc-chemlab.net\/fr\/wp-json\/wp\/v2\/comments?post=1306"}],"version-history":[{"count":1,"href":"https:\/\/rc-chemlab.net\/fr\/wp-json\/wp\/v2\/product\/1306\/revisions"}],"predecessor-version":[{"id":10320,"href":"https:\/\/rc-chemlab.net\/fr\/wp-json\/wp\/v2\/product\/1306\/revisions\/10320"}],"wp:featuredmedia":[{"embeddable":true,"href":"https:\/\/rc-chemlab.net\/fr\/wp-json\/wp\/v2\/media\/10319"}],"wp:attachment":[{"href":"https:\/\/rc-chemlab.net\/fr\/wp-json\/wp\/v2\/media?parent=1306"}],"wp:term":[{"taxonomy":"product_brand","embeddable":true,"href":"https:\/\/rc-chemlab.net\/fr\/wp-json\/wp\/v2\/product_brand?post=1306"},{"taxonomy":"product_cat","embeddable":true,"href":"https:\/\/rc-chemlab.net\/fr\/wp-json\/wp\/v2\/product_cat?post=1306"},{"taxonomy":"product_tag","embeddable":true,"href":"https:\/\/rc-chemlab.net\/fr\/wp-json\/wp\/v2\/product_tag?post=1306"}],"curies":[{"name":"wp","href":"https:\/\/api.w.org\/{rel}","templated":true}]}}