{"id":1298,"date":"2023-06-05T13:38:44","date_gmt":"2023-06-05T13:38:44","guid":{"rendered":"https:\/\/rc-chemlab.net\/?post_type=product&#038;p=1298"},"modified":"2024-04-15T00:49:43","modified_gmt":"2024-04-15T00:49:43","slug":"mdphp-hcl","status":"publish","type":"product","link":"https:\/\/rc-chemlab.net\/fr\/product\/mdphp-hcl\/","title":{"rendered":"MDPHP HCL"},"content":{"rendered":"<h1>MDPHP HCL<\/h1>\n<p>Vous souhaitez acheter de la poudre MDPHP HCL au prix le plus bas ? Vous pouvez vous rendre chez Chemlab pour obtenir les meilleures drogues de conception. MDPHP HCL est synonyme de <a href=\"https:\/\/en.wikipedia.org\/wiki\/3%27,4%27-Methylenedioxy-%CE%B1-pyrrolidinobutiophenone\">3 ', 4'-M\u00e9thyl\u00e8nedioxy-\u03b1-pyrrolidinohexioph\u00e9none<\/a>. Le MDPHP HCL est un stimulant de la classe des cathinones substitu\u00e9es et est une drogue de synth\u00e8se depuis 2018. Ne payez plus jamais trop cher pour des drogues de concepteur propres. Toujours en stock et livr\u00e9 dans un d\u00e9lai de 1 \u00e0 2 jours ouvrables. Paiement s\u00e9curis\u00e9 par Giropay, Bitcoin ou carte de cr\u00e9dit.<\/p>\n<h2>Acheter des drogues de synth\u00e8se en toute s\u00e9curit\u00e9<\/h2>\n<p>Comme nous achetons directement aupr\u00e8s du fabricant, nous pouvons toujours garantir le prix le plus bas. Payez en toute s\u00e9curit\u00e9 avec Giropay, Bitcoin ou carte de cr\u00e9dit dans notre boutique en ligne.<br \/>\nToujours tout en stock ! Notre site web utilise le cryptage SSL. Le cryptage SSL garantit que les donn\u00e9es sont envoy\u00e9es de mani\u00e8re cod\u00e9e et ne sont jamais accessibles \u00e0 une tierce personne.<\/p>\n<h2>MDPHP HCL de haute qualit\u00e9<\/h2>\n<p>Nous vendons les drogues de designer de la plus haute qualit\u00e9 en provenance du Benelux. Comme nous sommes actifs dans l'industrie des drogues de synth\u00e8se depuis 7 ans, nous pouvons toujours vous fournir des produits de qualit\u00e9 sup\u00e9rieure. Tous nos produits ont \u00e9t\u00e9 test\u00e9s en laboratoire et peuvent donc \u00eatre utilis\u00e9s en toute s\u00e9curit\u00e9 \u00e0 des fins de recherche.<\/p>\n<p>Soyez prudent lorsque vous achetez des drogues de synth\u00e8se sur Internet ! Il existe de nombreuses boutiques en ligne qui vendent des drogues de synth\u00e8se contrefaites ou de mauvaise qualit\u00e9. Si vous achetez vos drogues de synth\u00e8se au <a href=\"\/fr\/\">Chemlab<\/a> vous pouvez recevoir votre commande chez vous dans les plus brefs d\u00e9lais, en toute s\u00e9curit\u00e9 et en toute discr\u00e9tion !<\/p>\n<h2>MDPHP HCL test\u00e9 en laboratoire<\/h2>\n<p>Lorsque vous recherchez des drogues de synth\u00e8se, vous voulez bien s\u00fbr \u00eatre s\u00fbr que les produits sont de haute qualit\u00e9. Toutes nos drogues de synth\u00e8se sont de haute qualit\u00e9 et sont toujours test\u00e9es en laboratoire. Chez nous, vous serez tr\u00e8s satisfaits avec des produits de haute qualit\u00e9 au meilleur prix. Pour plus d'informations, veuillez prendre contact avec <a href=\"https:\/\/rc-chemlab.net\/fr\/kontakt\/\">Nous contacter<\/a> sur.<\/p>","protected":false},"excerpt":{"rendered":"<p>MDPHP HCL M\u00f6chten Sie MDPHP HCL Pulver zum niedrigsten Preis kaufen? Sie k\u00f6nnen zu Chemlab gehen, um die besten Designerdrogen<\/p>","protected":false},"featured_media":10316,"comment_status":"open","ping_status":"closed","template":"","meta":{"_seopress_robots_primary_cat":"none","_seopress_titles_title":"MDPHP HCL %%sep%% %%sitetitle%%","_seopress_titles_desc":"MDPHP HCL - M\u00f6chten Sie MDPHP HCL Pulver zum niedrigsten Preis kaufen? Sie k\u00f6nnen zu Chemlab gehen, um die besten Designerdrogen zu erhalten.","_seopress_robots_index":""},"product_brand":[],"product_cat":[140],"product_tag":[],"class_list":{"0":"post-1298","1":"product","2":"type-product","3":"status-publish","4":"has-post-thumbnail","6":"product_cat-forschungschemikalien","8":"first","9":"instock","10":"taxable","11":"shipping-taxable","12":"purchasable","13":"product-type-variable"},"_links":{"self":[{"href":"https:\/\/rc-chemlab.net\/fr\/wp-json\/wp\/v2\/product\/1298","targetHints":{"allow":["GET"]}}],"collection":[{"href":"https:\/\/rc-chemlab.net\/fr\/wp-json\/wp\/v2\/product"}],"about":[{"href":"https:\/\/rc-chemlab.net\/fr\/wp-json\/wp\/v2\/types\/product"}],"replies":[{"embeddable":true,"href":"https:\/\/rc-chemlab.net\/fr\/wp-json\/wp\/v2\/comments?post=1298"}],"version-history":[{"count":1,"href":"https:\/\/rc-chemlab.net\/fr\/wp-json\/wp\/v2\/product\/1298\/revisions"}],"predecessor-version":[{"id":10317,"href":"https:\/\/rc-chemlab.net\/fr\/wp-json\/wp\/v2\/product\/1298\/revisions\/10317"}],"wp:featuredmedia":[{"embeddable":true,"href":"https:\/\/rc-chemlab.net\/fr\/wp-json\/wp\/v2\/media\/10316"}],"wp:attachment":[{"href":"https:\/\/rc-chemlab.net\/fr\/wp-json\/wp\/v2\/media?parent=1298"}],"wp:term":[{"taxonomy":"product_brand","embeddable":true,"href":"https:\/\/rc-chemlab.net\/fr\/wp-json\/wp\/v2\/product_brand?post=1298"},{"taxonomy":"product_cat","embeddable":true,"href":"https:\/\/rc-chemlab.net\/fr\/wp-json\/wp\/v2\/product_cat?post=1298"},{"taxonomy":"product_tag","embeddable":true,"href":"https:\/\/rc-chemlab.net\/fr\/wp-json\/wp\/v2\/product_tag?post=1298"}],"curies":[{"name":"wp","href":"https:\/\/api.w.org\/{rel}","templated":true}]}}