{"id":1290,"date":"2023-06-05T13:06:20","date_gmt":"2023-06-05T13:06:20","guid":{"rendered":"https:\/\/rc-chemlab.net\/?post_type=product&#038;p=1290"},"modified":"2024-10-10T12:55:17","modified_gmt":"2024-10-10T12:55:17","slug":"5-cl-adb-a","status":"publish","type":"product","link":"https:\/\/rc-chemlab.net\/fr\/product\/5-cl-adb-a\/","title":{"rendered":"5-CL-ADB-A"},"content":{"rendered":"<h1>5-CL-ADB-A Acheter<\/h1>\n<p>Poudre 5-CL-ADB-A - Acheter 5-cl-adb-a en ligne, 5-cl-adb-a \u00e0 vendre en ligne en France.<\/p>\n<p><a href=\"\/fr\/\">Chemlab<\/a> est un vendeur de confiance des produits \u00e9num\u00e9r\u00e9s. Avec sa vaste exp\u00e9rience de livraison et de commerce, il a cr\u00e9\u00e9 un nom prestigieux sur le march\u00e9 en offrant des 5-CL-ADB-A de haute qualit\u00e9 et d'autres produits. L'entreprise est pr\u00e9sente dans toute l'Europe et sert une large client\u00e8le dans tout le pays, en mettant l'accent sur le client. Achetez 5-CL-ADB-A en ligne avec des produits qui garantissent la qualit\u00e9 en grandes quantit\u00e9s de LC. Il offre une boutique de chimie de recherche en ligne o\u00f9 vous pouvez facilement acheter 5-cl-adb-a de la plus haute qualit\u00e9. Lorsque vous commandez 5-cl-adb-a en ligne, vous recevez un cadeau en poudre de cristal blanche ou orange.<\/p>\n<h2>Que sait-on de 5-cl-adb-a ?<\/h2>\n<p>Il n'existe pas d'\u00e9tudes scientifiques officielles comparant le 5-cl-adb-a entre eux. Cependant, une \u00e9tude publi\u00e9e en 2018 dans la revue Forensic Toxicology a compar\u00e9 la puissance et les m\u00e9canismes d'action de plusieurs <a href=\"https:\/\/www.emcdda.europa.eu\/topics\/pods\/synthetic-cannabinoids_de\">de cannabino\u00efdes synth\u00e9tiques<\/a> de la classe des carboxamides. Ceux-ci, en plusieurs parties, comme le 5CL-ADB-A, ont un carbone asym\u00e9trique d\u00e9riv\u00e9 d'un composant amide constitu\u00e9 de d\u00e9riv\u00e9s d'acides amin\u00e9s. Notre \u00e9quipe d'assistance \u00e0 la client\u00e8le est disponible 24h\/24 et 7j\/7 pour r\u00e9pondre \u00e0 tous vos besoins et r\u00e9soudre votre probl\u00e8me le plus rapidement possible. Obtenir 5-cl-adb-a \u00e0 vendre. V\u00e9rifiez \u00e9galement les statuts de votre entreprise, car il y a de nombreuses implications l\u00e9gales que vous devez probablement conna\u00eetre avant de l'acheter sans ordonnance.<\/p>\n<h2>Pourquoi choisir le 5-cl-adb-a ?<\/h2>\n<p>Il n'existe pas de m\u00e9thode infaillible pour d\u00e9tecter l'abus de drogues et de produits chimiques. Les signes et les sympt\u00f4mes de la consommation et de l'abus de ces drogues sont tr\u00e8s variables, car dans certains cas, elles se comportent de la m\u00eame mani\u00e8re que toutes les autres drogues. Dans d'autres cas, en revanche, elles se comportent ind\u00e9pendamment des autres drogues. Une mani\u00e8re d'identifier et de soutenir l'abus de produits chimiques de recherche consiste \u00e0 se familiariser avec les signes et les sympt\u00f4mes des drogues auxquelles ils sont \u00e9troitement li\u00e9s, ainsi qu'avec les drogues de conception connues qui sont sur le march\u00e9 au fur et \u00e0 mesure que de nouvelles informations sont disponibles. Acheter 5-CL-ADB-A \u00e0 bas prix.<\/p>\n<p>Le 5-CL-ADB-A est un cannabino\u00efde synth\u00e9tique \u00e0 base d'indazole. 5-cl-adb-a est une drogue de synth\u00e8se disponible en ligne. 5-cl-adb-a, un analogue du d\u00e9riv\u00e9 amyl\u00e8ne 5f-adb, remplace l'ester m\u00e9thylique par un amyl\u00e8ne. Vous obtiendrez toutes les informations dont vous avez besoin sur ce nouveau cannabino\u00efde, d\u00e9j\u00e0 de plus en plus populaire, en nous contactant d\u00e8s aujourd'hui via notre chat en direct. Commandez 5-CL-ADB-A en ligne Nos nombreux clients ont ressenti de la joie, de l'euphorie dans leurs sens, une acc\u00e9l\u00e9ration de leur niveau de performance et une augmentation sexuelle dans leurs r\u00eaves.<\/p>","protected":false},"excerpt":{"rendered":"<p>5-CL-ADB-A Kaufen 5-CL-ADB-A Pulver &#8211; 5-cl-adb-a online kaufen, 5-cl-adb-a zum Verkauf online in Deutschland. Chemlab ist ein vertrauensw\u00fcrdiger Verk\u00e4ufer der<\/p>","protected":false},"featured_media":10313,"comment_status":"open","ping_status":"closed","template":"","meta":{"_seopress_robots_primary_cat":"none","_seopress_titles_title":"5-CL-ADB-A Kaufen %%sep%% %%sitetitle%%","_seopress_titles_desc":"5-CL-ADB-A Kaufen -","_seopress_robots_index":""},"product_brand":[],"product_cat":[140],"product_tag":[],"class_list":{"0":"post-1290","1":"product","2":"type-product","3":"status-publish","4":"has-post-thumbnail","6":"product_cat-forschungschemikalien","8":"first","9":"instock","10":"taxable","11":"shipping-taxable","12":"purchasable","13":"product-type-variable"},"_links":{"self":[{"href":"https:\/\/rc-chemlab.net\/fr\/wp-json\/wp\/v2\/product\/1290","targetHints":{"allow":["GET"]}}],"collection":[{"href":"https:\/\/rc-chemlab.net\/fr\/wp-json\/wp\/v2\/product"}],"about":[{"href":"https:\/\/rc-chemlab.net\/fr\/wp-json\/wp\/v2\/types\/product"}],"replies":[{"embeddable":true,"href":"https:\/\/rc-chemlab.net\/fr\/wp-json\/wp\/v2\/comments?post=1290"}],"version-history":[{"count":1,"href":"https:\/\/rc-chemlab.net\/fr\/wp-json\/wp\/v2\/product\/1290\/revisions"}],"predecessor-version":[{"id":10314,"href":"https:\/\/rc-chemlab.net\/fr\/wp-json\/wp\/v2\/product\/1290\/revisions\/10314"}],"wp:featuredmedia":[{"embeddable":true,"href":"https:\/\/rc-chemlab.net\/fr\/wp-json\/wp\/v2\/media\/10313"}],"wp:attachment":[{"href":"https:\/\/rc-chemlab.net\/fr\/wp-json\/wp\/v2\/media?parent=1290"}],"wp:term":[{"taxonomy":"product_brand","embeddable":true,"href":"https:\/\/rc-chemlab.net\/fr\/wp-json\/wp\/v2\/product_brand?post=1290"},{"taxonomy":"product_cat","embeddable":true,"href":"https:\/\/rc-chemlab.net\/fr\/wp-json\/wp\/v2\/product_cat?post=1290"},{"taxonomy":"product_tag","embeddable":true,"href":"https:\/\/rc-chemlab.net\/fr\/wp-json\/wp\/v2\/product_tag?post=1290"}],"curies":[{"name":"wp","href":"https:\/\/api.w.org\/{rel}","templated":true}]}}