{"id":1282,"date":"2023-06-05T11:47:29","date_gmt":"2023-06-05T11:47:29","guid":{"rendered":"https:\/\/rc-chemlab.net\/?post_type=product&#038;p=1282"},"modified":"2024-09-17T01:32:44","modified_gmt":"2024-09-17T01:32:44","slug":"5f-mdmb-2201-kaufen","status":"publish","type":"product","link":"https:\/\/rc-chemlab.net\/fr\/product\/5f-mdmb-2201-kaufen\/","title":{"rendered":"5f MDMB 2201"},"content":{"rendered":"<h1><span class=\"___SText_mzmpq-ko_\" data-ui-name=\"Link.Text\">5F-MDMB-2201 acheter<\/span><\/h1>\n<p>5F-MDMB-2201 est un tout nouveau <a href=\"https:\/\/www.drugcom.de\/drogenlexikon\/buchstabe-s\/synthetische-cannabinoide\/\">cannabino\u00efde synth\u00e9tique<\/a>. Si vous cherchiez le dernier cannabino\u00efde disponible sur le march\u00e9 de la recherche, vous \u00eates au bon endroit. 5F-MDMB-2201 est un agoniste puissant des r\u00e9cepteurs cannabino\u00efdes.<\/p>\n<p>Les exp\u00e9riences en laboratoire donnent g\u00e9n\u00e9ralement des r\u00e9sultats sur la relaxation, la l\u00e9g\u00e8ret\u00e9 physique, l'augmentation de l'humeur, la r\u00e9duction du stress, l'am\u00e9lioration des couleurs, l'augmentation de la perception de la musique et l'euphorie. Si vous agissez rapidement, vous pouvez \u00eatre l'un des premiers laboratoires \u00e0 ajouter cette substance chimique \u00e9tonnante \u00e0 votre approvisionnement de r\u00e9serve.<\/p>\n<h3><b>O\u00f9 acheter 5F-MDMB-2201 ?<\/b><\/h3>\n<p>Ici en\u00a0<span data-contrast=\"none\">notre activit\u00e9 chimique<\/span>\u00a0nous vendons 5F-MDMB-2201 d'une qualit\u00e9 extr\u00eamement \u00e9lev\u00e9e. Il se pr\u00e9sente typiquement sous forme de poudre. Cependant, nous avons souvent d'autres formes \u00e0 disposition. Donc si vous souhaitez un autre formulaire, il suffit de nous le demander, nous en avons probablement un \u00e0 disposition.<\/p>\n<p>Vous devez \u00eatre \u00e2g\u00e9 d'au moins 18 ans pour pouvoir acheter du 5F-MDMB-2201 chez nous. Vous devez \u00e9galement vous conformer pleinement aux lois sur la chimie de recherche de votre pays. Notre 5f-MDMB-2201 est uniquement destin\u00e9 \u00e0 la recherche. Il n'est pas destin\u00e9 \u00e0 la consommation humaine ou animale.<\/p>\n<h3><b>5F-MDMB-2201 L\u00e9galit\u00e9<\/b><\/h3>\n<p>\u00c9tant donn\u00e9 que la 5F-MDMB-2201 est si r\u00e9cente, elle est non planifi\u00e9e dans la plupart des pays et donc l\u00e9gale dans la plupart des endroits. Toutefois, dans les pays o\u00f9 la l\u00e9gislation est fortement analogue, comme les \u00c9tats-Unis, cela pourrait \u00eatre le cas. Pour plus d'informations, veuillez prendre <a href=\"https:\/\/rc-chemlab.net\/fr\/kontakt\/\">Nous contacter<\/a> sur.<\/p>","protected":false},"excerpt":{"rendered":"<p>5F-MDMB-2201 kaufen 5F-MDMB-2201 ist ein brandneues synthetisches Cannabinoid.\u00a0Wenn Sie nach dem zuletzt auf dem Forschungsmarkt erh\u00e4ltlichen Cannabinoid gesucht haben, sind<\/p>","protected":false},"featured_media":10311,"comment_status":"open","ping_status":"closed","template":"","meta":{"_seopress_robots_primary_cat":"none","_seopress_titles_title":"5F-MDMB-2201 kaufen %%sep%% %%sitetitle%%","_seopress_titles_desc":"5F-MDMB-2201 kaufen - 5F-MDMB-2201 ist ein brandneues synthetisches Cannabinoid.\u00a0Wenn Sie nach dem zuletzt auf dem Forschungsmarkt erh\u00e4ltlichen Cannabinoid","_seopress_robots_index":""},"product_brand":[],"product_cat":[140],"product_tag":[],"class_list":{"0":"post-1282","1":"product","2":"type-product","3":"status-publish","4":"has-post-thumbnail","6":"product_cat-forschungschemikalien","8":"first","9":"instock","10":"taxable","11":"shipping-taxable","12":"purchasable","13":"product-type-variable"},"_links":{"self":[{"href":"https:\/\/rc-chemlab.net\/fr\/wp-json\/wp\/v2\/product\/1282","targetHints":{"allow":["GET"]}}],"collection":[{"href":"https:\/\/rc-chemlab.net\/fr\/wp-json\/wp\/v2\/product"}],"about":[{"href":"https:\/\/rc-chemlab.net\/fr\/wp-json\/wp\/v2\/types\/product"}],"replies":[{"embeddable":true,"href":"https:\/\/rc-chemlab.net\/fr\/wp-json\/wp\/v2\/comments?post=1282"}],"version-history":[{"count":1,"href":"https:\/\/rc-chemlab.net\/fr\/wp-json\/wp\/v2\/product\/1282\/revisions"}],"predecessor-version":[{"id":10312,"href":"https:\/\/rc-chemlab.net\/fr\/wp-json\/wp\/v2\/product\/1282\/revisions\/10312"}],"wp:featuredmedia":[{"embeddable":true,"href":"https:\/\/rc-chemlab.net\/fr\/wp-json\/wp\/v2\/media\/10311"}],"wp:attachment":[{"href":"https:\/\/rc-chemlab.net\/fr\/wp-json\/wp\/v2\/media?parent=1282"}],"wp:term":[{"taxonomy":"product_brand","embeddable":true,"href":"https:\/\/rc-chemlab.net\/fr\/wp-json\/wp\/v2\/product_brand?post=1282"},{"taxonomy":"product_cat","embeddable":true,"href":"https:\/\/rc-chemlab.net\/fr\/wp-json\/wp\/v2\/product_cat?post=1282"},{"taxonomy":"product_tag","embeddable":true,"href":"https:\/\/rc-chemlab.net\/fr\/wp-json\/wp\/v2\/product_tag?post=1282"}],"curies":[{"name":"wp","href":"https:\/\/api.w.org\/{rel}","templated":true}]}}