{"id":1266,"date":"2023-06-04T09:38:16","date_gmt":"2023-06-04T09:38:16","guid":{"rendered":"https:\/\/rc-chemlab.net\/?post_type=product&#038;p=1266"},"modified":"2024-04-15T00:30:36","modified_gmt":"2024-04-15T00:30:36","slug":"jwh-210-kaufen","status":"publish","type":"product","link":"https:\/\/rc-chemlab.net\/fr\/product\/jwh-210-kaufen\/","title":{"rendered":"JWH 210"},"content":{"rendered":"<h1>Acheter JWH 210<\/h1>\n<p>Le JWH 210 est un alkylindole cannabimim\u00e9tique puissant qui se lie aux r\u00e9cepteurs cannabino\u00efdes centraux et p\u00e9riph\u00e9riques avec des valeurs Ki de 0,46 et 0,69 nM respectivement.<\/p>\n<p>Pour un stockage \u00e0 long terme, nous recommandons de stocker le JWH 210 \u00e0 -20\u00b0C, tel que livr\u00e9. Il devrait \u00eatre stable pendant au moins deux ans. Le JWH 210 est livr\u00e9 sous forme de solide cristallin. Une solution m\u00e8re peut \u00eatre pr\u00e9par\u00e9e en dissolvant le JWH 210 dans un solvant de votre choix. Le JWH 210 est soluble dans les solvants organiques tels que l'\u00e9thanol, le DMSO et l'eau. <a href=\"https:\/\/de.wikipedia.org\/wiki\/Dimethylformamid\">Dim\u00e9thylformamide<\/a> solubles, qui doivent \u00eatre purg\u00e9s avec un gaz inerte.<\/p>\n<p>La solubilit\u00e9 du JWH 210 dans ces solvants est d'environ 0,5, 20 et 50 mg\/ml, respectivement. Le JWH 210 est difficilement soluble dans les solutions aqueuses. Il convient donc de proc\u00e9der \u00e0 des dilutions suppl\u00e9mentaires de la solution de solvant organique dans des tampons aqueux ou une solution saline isotonique avant de r\u00e9aliser des exp\u00e9riences biologiques.<\/p>\n<p>Assurez-vous que la quantit\u00e9 de solvant organique restante est insignifiante, car les solvants organiques \u00e0 faible concentration peuvent avoir des effets physiologiques. Nous recommandons de ne pas conserver la solution aqueuse plus d'un jour.<\/p>\n<p>Ce produit est vendu uniquement \u00e0 des fins de recherche et ne doit pas \u00eatre utilis\u00e9 \u00e0 d'autres fins, y compris, mais sans s'y limiter, \u00e0 des fins de diagnostic in vivo, dans des aliments, des m\u00e9dicaments, des dispositifs m\u00e9dicaux et\/ou des produits cosm\u00e9tiques destin\u00e9s aux humains et\/ou aux animaux.<\/p>\n<p>Avant de passer commande, assurez-vous que vous \u00eates correctement \u00e9quip\u00e9 pour la recherche avec des produits chimiques et que votre lieu de travail est bien ventil\u00e9.<\/p>\n<p>Vous devez \u00eatre \u00e2g\u00e9(e) d'au moins 21 ans pour pouvoir commander ce produit.<\/p>\n<p>Il est de votre responsabilit\u00e9 de conna\u00eetre et de respecter les lois en vigueur dans votre pays\/province\/r\u00e9gion\/\u00e9tat\/ville. Nous ne sommes pas responsables des actions ou des cons\u00e9quences d\u00e9coulant de votre d\u00e9cision de passer une commande. Veuillez contacter <a href=\"https:\/\/rc-chemlab.net\/fr\/kontakt\/\">nous<\/a> pour plus d'informations.<\/p>","protected":false},"excerpt":{"rendered":"<p>JWH 210 kaufen JWH 210 ist ein starkes cannabimimetisches Alkylindol, das an zentrale Cannabinoid- und periphere Cannabinoidrezeptoren mit Ki-Werten von<\/p>","protected":false},"featured_media":10304,"comment_status":"open","ping_status":"closed","template":"","meta":{"_seopress_robots_primary_cat":"none","_seopress_titles_title":"JWH 210 kaufen %%sep%% %%sitetitle%%","_seopress_titles_desc":"JWH 210 kaufen - JWH 210 ist ein potentes cannabimimetisches Alkylindol, das die zentralen Cannabinoid- und peripheren Cannabinoid-Rezeptoren","_seopress_robots_index":""},"product_brand":[],"product_cat":[140],"product_tag":[],"class_list":{"0":"post-1266","1":"product","2":"type-product","3":"status-publish","4":"has-post-thumbnail","6":"product_cat-forschungschemikalien","8":"first","9":"instock","10":"taxable","11":"shipping-taxable","12":"purchasable","13":"product-type-variable"},"_links":{"self":[{"href":"https:\/\/rc-chemlab.net\/fr\/wp-json\/wp\/v2\/product\/1266","targetHints":{"allow":["GET"]}}],"collection":[{"href":"https:\/\/rc-chemlab.net\/fr\/wp-json\/wp\/v2\/product"}],"about":[{"href":"https:\/\/rc-chemlab.net\/fr\/wp-json\/wp\/v2\/types\/product"}],"replies":[{"embeddable":true,"href":"https:\/\/rc-chemlab.net\/fr\/wp-json\/wp\/v2\/comments?post=1266"}],"version-history":[{"count":2,"href":"https:\/\/rc-chemlab.net\/fr\/wp-json\/wp\/v2\/product\/1266\/revisions"}],"predecessor-version":[{"id":10306,"href":"https:\/\/rc-chemlab.net\/fr\/wp-json\/wp\/v2\/product\/1266\/revisions\/10306"}],"wp:featuredmedia":[{"embeddable":true,"href":"https:\/\/rc-chemlab.net\/fr\/wp-json\/wp\/v2\/media\/10304"}],"wp:attachment":[{"href":"https:\/\/rc-chemlab.net\/fr\/wp-json\/wp\/v2\/media?parent=1266"}],"wp:term":[{"taxonomy":"product_brand","embeddable":true,"href":"https:\/\/rc-chemlab.net\/fr\/wp-json\/wp\/v2\/product_brand?post=1266"},{"taxonomy":"product_cat","embeddable":true,"href":"https:\/\/rc-chemlab.net\/fr\/wp-json\/wp\/v2\/product_cat?post=1266"},{"taxonomy":"product_tag","embeddable":true,"href":"https:\/\/rc-chemlab.net\/fr\/wp-json\/wp\/v2\/product_tag?post=1266"}],"curies":[{"name":"wp","href":"https:\/\/api.w.org\/{rel}","templated":true}]}}