{"id":1258,"date":"2023-06-04T05:23:28","date_gmt":"2023-06-04T05:23:28","guid":{"rendered":"https:\/\/rc-chemlab.net\/?post_type=product&#038;p=1258"},"modified":"2024-04-15T00:26:28","modified_gmt":"2024-04-15T00:26:28","slug":"diclazepam-kaufen","status":"publish","type":"product","link":"https:\/\/rc-chemlab.net\/fr\/product\/diclazepam-kaufen\/","title":{"rendered":"Poudre de diclaz\u00e9pam"},"content":{"rendered":"<h1>Diclazepam kaufen<\/h1>\n<h2>Was ist Diclazepam?<\/h2>\n<p>Diclazepam ist auch als Chlordiazepam bekannt. Diese Forschungschemikalie f\u00e4llt unter die Klasse der Benzodiazepine. Diclazepam wurde erstmals in den 1960er Jahren synthetisiert. Viele Forscher experimentieren mit dieser Chemikalie, um die f\u00fcr andere <a href=\"https:\/\/www.drugcom.de\/drogenlexikon\/buchstabe-b\/benzodiazepine\/\">Benzodiaz\u00e9pines<\/a> typischen Ergebnisse zu erzielen. Experimente mit Diclazepam f\u00fchren in der Regel zu Muskelentspannung, Sedierung, Enthemmung, Angstunterdr\u00fcckung, Gedankenverz\u00f6gerung, Analyseunterdr\u00fcckung, Traumpotentialisierung und Restschl\u00e4frigkeit. Forscher sollten sich der Schl\u00e4frigkeit bewusst sein, bevor sie mit Diclazepam in ihren Laboratorien experimentieren.<\/p>\n<h2>Wie kann man Diclazepam kaufen?<\/h2>\n<p>Hier bei Chemical Planet bieten wir Diclazepam von hoher Qualit\u00e4t an. Unser Diclazepam wird normalerweise in Pulverform geliefert. Wenn Sie jedoch eine andere Form bevorzugen, k\u00f6nnen Sie uns kontaktieren, um zu sehen, wann wir es verf\u00fcgbar haben.<\/p>\n<p>Wenn Sie Chemical Planet Diclazepam kaufen m\u00f6chten, m\u00fcssen Sie mindestens 18 Jahre alt sein. Sie m\u00fcssen auch die Gesetze Ihres Landes vollst\u00e4ndig einhalten. Unser Diclazepam ist nicht f\u00fcr die innere Anwendung bei Tieren oder Menschen bestimmt. Es ist nur f\u00fcr Forschungszwecke bestimmt.<\/p>\n<h2>Rechtm\u00e4\u00dfigkeit von Diclazepam<\/h2>\n<p>Diclazepam ist in Deutschland illegal. Im Vereinigten K\u00f6nigreich ist es eine Droge der Klasse C. In den Vereinigten Staaten ist es legal. In Kanada ist es eine Substanz der Liste IV.<\/p>\n<p>Lagern Sie es immer an einem k\u00fchlen, trockenen Ort, um eine maximale Haltbarkeit zu gew\u00e4hrleisten. Dieses Produkt ist nur f\u00fcr den forensischen und wissenschaftlichen Gebrauch bestimmt. Es ist daher NICHT f\u00fcr den menschlichen Verzehr oder In-vivo-Tests jeglicher Art an Tieren oder lebenden Organismen bestimmt. Bitte kontaktieren Sie <a href=\"https:\/\/rc-chemlab.net\/fr\/kontakt\/\">nous<\/a> pour plus d'informations.<\/p>","protected":false},"excerpt":{"rendered":"<p>Diclazepam kaufen Was ist Diclazepam? Diclazepam ist auch als Chlordiazepam bekannt. Diese Forschungschemikalie f\u00e4llt unter die Klasse der Benzodiazepine. Diclazepam<\/p>","protected":false},"featured_media":10302,"comment_status":"open","ping_status":"closed","template":"","meta":{"_seopress_robots_primary_cat":"none","_seopress_titles_title":"Diclazepam Kaufen %%sep%% %%sitetitle%%","_seopress_titles_desc":"Diclazepam Kaufen - Diclazepam ist auch als Chlordiazepam bekannt. Diese Forschungschemikalie f\u00e4llt unter die Klasse der Benzodiazepine.","_seopress_robots_index":""},"product_brand":[],"product_cat":[140],"product_tag":[],"class_list":{"0":"post-1258","1":"product","2":"type-product","3":"status-publish","4":"has-post-thumbnail","6":"product_cat-forschungschemikalien","8":"first","9":"instock","10":"taxable","11":"shipping-taxable","12":"purchasable","13":"product-type-variable"},"_links":{"self":[{"href":"https:\/\/rc-chemlab.net\/fr\/wp-json\/wp\/v2\/product\/1258","targetHints":{"allow":["GET"]}}],"collection":[{"href":"https:\/\/rc-chemlab.net\/fr\/wp-json\/wp\/v2\/product"}],"about":[{"href":"https:\/\/rc-chemlab.net\/fr\/wp-json\/wp\/v2\/types\/product"}],"replies":[{"embeddable":true,"href":"https:\/\/rc-chemlab.net\/fr\/wp-json\/wp\/v2\/comments?post=1258"}],"version-history":[{"count":2,"href":"https:\/\/rc-chemlab.net\/fr\/wp-json\/wp\/v2\/product\/1258\/revisions"}],"predecessor-version":[{"id":10301,"href":"https:\/\/rc-chemlab.net\/fr\/wp-json\/wp\/v2\/product\/1258\/revisions\/10301"}],"wp:featuredmedia":[{"embeddable":true,"href":"https:\/\/rc-chemlab.net\/fr\/wp-json\/wp\/v2\/media\/10302"}],"wp:attachment":[{"href":"https:\/\/rc-chemlab.net\/fr\/wp-json\/wp\/v2\/media?parent=1258"}],"wp:term":[{"taxonomy":"product_brand","embeddable":true,"href":"https:\/\/rc-chemlab.net\/fr\/wp-json\/wp\/v2\/product_brand?post=1258"},{"taxonomy":"product_cat","embeddable":true,"href":"https:\/\/rc-chemlab.net\/fr\/wp-json\/wp\/v2\/product_cat?post=1258"},{"taxonomy":"product_tag","embeddable":true,"href":"https:\/\/rc-chemlab.net\/fr\/wp-json\/wp\/v2\/product_tag?post=1258"}],"curies":[{"name":"wp","href":"https:\/\/api.w.org\/{rel}","templated":true}]}}