{"id":9597,"date":"2023-06-21T22:20:25","date_gmt":"2023-06-21T22:20:25","guid":{"rendered":"https:\/\/rc-chemlab.net\/?page_id=9597"},"modified":"2023-06-21T22:20:25","modified_gmt":"2023-06-21T22:20:25","slug":"zahlung-und-lieferung","status":"publish","type":"page","link":"https:\/\/rc-chemlab.net\/fr\/zahlung-und-lieferung\/","title":{"rendered":"Paiement et livraison"},"content":{"rendered":"<h2>Livraison<\/h2>\n<p>Tous nos produits sont envoy\u00e9s dans des sachets\/enveloppes simples\/cartons inodores. Le paquet est scell\u00e9 deux fois avec des sachets r\u00e9sistants et inodores, puis ferm\u00e9 avec du ruban adh\u00e9sif pour s'assurer qu'aucune odeur ne peut \u00eatre d\u00e9tect\u00e9e. Bien que nous exp\u00e9diions les commandes le jour m\u00eame si elles sont re\u00e7ues avant 17 heures, il peut n\u00e9anmoins y avoir des retards, car le processus de livraison d\u00e9pend du prestataire de services et n'est pas sous notre contr\u00f4le. Si un article n'arrive pas comme pr\u00e9vu <a href=\"https:\/\/rc-chemlab.net\/fr\/kontakt\/\">veuillez nous envoyer un e-mail<\/a> et nous examinerons et suivrons l'envoi pour vous.<\/p>\n<blockquote><p><strong>Clause de non-responsabilit\u00e9<\/strong><\/p>\n<p>Bien que 99% de nos commandes soient livr\u00e9es, il y a une petite chance qu'elles soient perdues\/vol\u00e9es pendant l'exp\u00e9dition. Si c'est le cas et que vous n'avez pas re\u00e7u votre produit dans les 14 jours, veuillez nous contacter et nous essaierons de r\u00e9soudre le probl\u00e8me.<\/p><\/blockquote>\n<h2>Paiement<\/h2>\n<p>En raison de la nature du produit, nous ne pouvons actuellement pas traiter les paiements par carte de d\u00e9bit ou de cr\u00e9dit. Actuellement, les paiements peuvent \u00eatre effectu\u00e9s soit par crypto-monnaie, soit par virement SEPA.<\/p>\n<p>Pour payer avec des crypto-monnaies, vous devez cr\u00e9er un portefeuille Bitcoin et effectuer un virement \u00e0 l'adresse de notre portefeuille, que vous verrez \u00e0 la caisse. Cette m\u00e9thode est manuelle et votre commande sera trait\u00e9e d\u00e8s que nous aurons v\u00e9rifi\u00e9 la transaction. <a href=\"https:\/\/btcdirect.eu\/de-at\">Acheter du bitcoin en ligne<\/a>.<\/p>","protected":false},"excerpt":{"rendered":"<p>Lieferung Alle unsere Produkte werden in geruchsneutralen Beuteln\/einfachen Umschl\u00e4gen\/Kartons verschickt. Das Paket wird zweimal mit strapazierf\u00e4higen, geruchsfreien Beuteln versiegelt und<\/p>","protected":false},"author":1,"featured_media":0,"parent":0,"menu_order":0,"comment_status":"closed","ping_status":"closed","template":"","meta":{"_seopress_robots_primary_cat":"","_seopress_titles_title":"","_seopress_titles_desc":"","_seopress_robots_index":"","footnotes":""},"class_list":["post-9597","page","type-page","status-publish","hentry"],"_links":{"self":[{"href":"https:\/\/rc-chemlab.net\/fr\/wp-json\/wp\/v2\/pages\/9597","targetHints":{"allow":["GET"]}}],"collection":[{"href":"https:\/\/rc-chemlab.net\/fr\/wp-json\/wp\/v2\/pages"}],"about":[{"href":"https:\/\/rc-chemlab.net\/fr\/wp-json\/wp\/v2\/types\/page"}],"author":[{"embeddable":true,"href":"https:\/\/rc-chemlab.net\/fr\/wp-json\/wp\/v2\/users\/1"}],"replies":[{"embeddable":true,"href":"https:\/\/rc-chemlab.net\/fr\/wp-json\/wp\/v2\/comments?post=9597"}],"version-history":[{"count":1,"href":"https:\/\/rc-chemlab.net\/fr\/wp-json\/wp\/v2\/pages\/9597\/revisions"}],"predecessor-version":[{"id":9599,"href":"https:\/\/rc-chemlab.net\/fr\/wp-json\/wp\/v2\/pages\/9597\/revisions\/9599"}],"wp:attachment":[{"href":"https:\/\/rc-chemlab.net\/fr\/wp-json\/wp\/v2\/media?parent=9597"}],"curies":[{"name":"wp","href":"https:\/\/api.w.org\/{rel}","templated":true}]}}