{"id":9829,"date":"2023-08-26T00:15:45","date_gmt":"2023-08-26T00:15:45","guid":{"rendered":"https:\/\/rc-chemlab.net\/?post_type=product&#038;p=9829"},"modified":"2024-04-15T00:06:53","modified_gmt":"2024-04-15T00:06:53","slug":"5f-adb-kaufen","status":"publish","type":"product","link":"https:\/\/rc-chemlab.net\/es\/product\/5f-adb-kaufen\/","title":{"rendered":"5F ADB"},"content":{"rendered":"<h1>Comprar 5f-adb<\/h1>\n<p>Encargar 5f-adb online. (tambi\u00e9n conocido como 5F-MDMB-PINACA o 5F-ADB-PINACA) es un cannabinoide manipulado de la familia del indazol-3-carboxamida utilizado como fijador de trabajo en productos de cannabis. Tambi\u00e9n se ha vendido en l\u00ednea como preparado original. Es un agonista eficaz del receptor CB1, pero no est\u00e1 claro si es capaz de lograr este objetivo. En noviembre de 2014, fue honrado por primera vez por muestras p\u00f3stumas tomadas a una persona que estir\u00f3 la pata tras consumir un art\u00edculo que conten\u00eda la sustancia. Los resultados de las pruebas confirmaron que el art\u00edculo se utiliz\u00f3 en un total de diez personas en Jap\u00f3n entre septiembre y diciembre de 2014 por sobredosis inexplicables de drogas.<\/p>\n<p>Seg\u00fan las bajas concentraciones encontradas en las pruebas de tejidos, se cree que es incre\u00edblemente potente y parece ser significativamente m\u00e1s t\u00f3xica que las drogas cannabinoides fabricadas anteriormente que se han vendido recientemente.<\/p>\n<p>En 2018, fue el producto cannabinoide m\u00e1s utilizado y que m\u00e1s atenci\u00f3n atrajo en las crisis de la Administraci\u00f3n para el Control de Drogas. El 5F-ADB tambi\u00e9n se reconoci\u00f3 en productos de cannabidiol (CBD) de un fabricante estadounidense en 2018.<\/p>\n<h2>\u00bfQu\u00e9 son los cannabinoides?<\/h2>\n<p>La palabra \"cannabinoide\" se refiere a cualquier sustancia artificial que se une a los receptores cannabinoides del cuerpo y la mente y tiene el mismo efecto que los transmitidos por la planta de cannabis sativa. Los tres tipos de cannabinoides que consumen las personas son relajantes, \u00fatiles y desarrollados.<\/p>\n<p>Seg\u00fan el estudio, la planta de cannabis contiene entre 80 y 100 cannabinoides y unas 300 sustancias no cannabinoides. El delta-9-tetrahidrocannabinol o THC y el cannabidiol o CBD son los dos cannabinoides principales. El delta-9-tetrahidrocannabinol (THC), el potenciador en riesgo de los efectos psicoactivos del cannabis, es el m\u00e1s com\u00fanmente considerado de los dos.<\/p>\n<p>Las principales diferencias entre los dos cannabinoides son que el THC tiene fuertes efectos psicoactivos, lo que significa que coloca a la persona, mientras que el CBD controla o preserva los efectos psicoactivos del THC. Se cree que el CBD reduce algunos de los otros efectos negativos que la gente conoce del THC, como la inquietud.<\/p>\n<h2>Efectos negativos<\/h2>\n<p>La nocividad y los efectos a largo plazo del uso recreativo del 5F-AKB48 sobre el bienestar no parecen estar enfocados en ning\u00fan contexto l\u00f3gico, y no existe ninguna medici\u00f3n espec\u00edfica del t\u00f3xico. El hecho de que el 5F-AKB48 casi no tenga experiencia de uso humano motiva esta situaci\u00f3n. Las pruebas de personas que han probado el 5F-AKB48 dentro de la red sugieren que no hay impactos negativos sobre el bienestar (sin embargo, nada puede asegurarse por completo). Estudios aleatorios han demostrado que la sobredosis en dosis mucho m\u00e1s bajas que las de riesgo provoca molestias f\u00edsicas como palpitaciones, mareos y sedaci\u00f3n, lo que normalmente hace que el paciente soporte mucha tensi\u00f3n o se quede dormido.<\/p>\n<p>Dado que estas sustancias elevan claramente los estados cerebrales y emocionales actuales, a menudo se ha sugerido que las personas con trastornos graves del estado de \u00e1nimo previos no consuman estas sustancias. De forma similar al THC, el consumo prolongado de cannabinoides manufacturados como el 5F-AKB48 puede prolongar la aparici\u00f3n de conductas disfuncionales y psicosis, sobre todo en personas vulnerables con factores de riesgo de man\u00eda (como antecedentes previos o familiares de esquizofrenia).<\/p>\n<p>Es imperativo tomar las medidas adecuadas durante la dosificaci\u00f3n para mantener una distancia estrat\u00e9gica de un encuentro negativo, ya que los cannabinoides son din\u00e1micos en el rango de los miligramos (con una dosis t\u00edpica de menos de 5 mg).<\/p>\n<p>Se recomienda encarecidamente realizar pruebas del dolor cuando se utilice este medicamento.<\/p>\n<h2>5F-ADB - Resiliencia y potencial de adicci\u00f3n<\/h2>\n<p>Al igual que otros cannabinoides manipulados, el consumo a largo plazo de 5F-AKB48 es una adicci\u00f3n tolerable con un alto potencial de abuso que puede provocar dependencia psicol\u00f3gica en determinados pacientes. Si una persona deja de consumirlo bruscamente, pueden aparecer los deseos y efectos de la abstinencia hasta que se produce la dependencia.<\/p>\n<p>Con un uso prolongado y modificado, el 5F-AKB48 se vuelve resistente a golpes importantes. Por lo tanto, los clientes siempre observan porciones m\u00e1s grandes para lograr resultados similares. A partir de entonces, se tarda de 3 a 7 d\u00edas en reducir la resistencia a la mitad y de 1 a 14 d\u00edas en volver a la normalidad (sin uso adicional). 5F-AKB48 imparte resistencia cruzada a todos los cannabinoides, lo que significa que despu\u00e9s de usar 5F-AKB48, todos los cannabinoides tendr\u00e1n un efecto reducido.<\/p>\n<p>Haga clic aqu\u00ed para saber m\u00e1s sobre nuestros art\u00edculos.<\/p>","protected":false},"excerpt":{"rendered":"<p>5f-adb kaufen Bestellen Sie 5f-adb online. (auch bekannt als 5F-MDMB-PINACA oder 5F-ADB-PINACA) ist ein technisch hergestelltes Cannabinoid der Indazol-3-carboxamid-Familie, das<\/p>","protected":false},"featured_media":10285,"comment_status":"open","ping_status":"closed","template":"","meta":{"_seopress_robots_primary_cat":"none","_seopress_titles_title":"5f-adb kaufen %%sep%% %%sitetitle%%","_seopress_titles_desc":"5f-adb kaufen - Bestellen Sie 5f-adb online. (auch bekannt als 5F-MDMB-PINACA oder 5F-ADB-PINACA) ist ein technisch hergestelltes","_seopress_robots_index":""},"product_brand":[],"product_cat":[140],"product_tag":[],"class_list":{"0":"post-9829","1":"product","2":"type-product","3":"status-publish","4":"has-post-thumbnail","6":"product_cat-forschungschemikalien","8":"first","9":"instock","10":"taxable","11":"shipping-taxable","12":"purchasable","13":"product-type-variable"},"_links":{"self":[{"href":"https:\/\/rc-chemlab.net\/es\/wp-json\/wp\/v2\/product\/9829","targetHints":{"allow":["GET"]}}],"collection":[{"href":"https:\/\/rc-chemlab.net\/es\/wp-json\/wp\/v2\/product"}],"about":[{"href":"https:\/\/rc-chemlab.net\/es\/wp-json\/wp\/v2\/types\/product"}],"replies":[{"embeddable":true,"href":"https:\/\/rc-chemlab.net\/es\/wp-json\/wp\/v2\/comments?post=9829"}],"version-history":[{"count":3,"href":"https:\/\/rc-chemlab.net\/es\/wp-json\/wp\/v2\/product\/9829\/revisions"}],"predecessor-version":[{"id":10286,"href":"https:\/\/rc-chemlab.net\/es\/wp-json\/wp\/v2\/product\/9829\/revisions\/10286"}],"wp:featuredmedia":[{"embeddable":true,"href":"https:\/\/rc-chemlab.net\/es\/wp-json\/wp\/v2\/media\/10285"}],"wp:attachment":[{"href":"https:\/\/rc-chemlab.net\/es\/wp-json\/wp\/v2\/media?parent=9829"}],"wp:term":[{"taxonomy":"product_brand","embeddable":true,"href":"https:\/\/rc-chemlab.net\/es\/wp-json\/wp\/v2\/product_brand?post=9829"},{"taxonomy":"product_cat","embeddable":true,"href":"https:\/\/rc-chemlab.net\/es\/wp-json\/wp\/v2\/product_cat?post=9829"},{"taxonomy":"product_tag","embeddable":true,"href":"https:\/\/rc-chemlab.net\/es\/wp-json\/wp\/v2\/product_tag?post=9829"}],"curies":[{"name":"wp","href":"https:\/\/api.w.org\/{rel}","templated":true}]}}