{"id":68,"date":"2020-03-13T10:27:32","date_gmt":"2020-03-13T10:27:32","guid":{"rendered":"https:\/\/demo.creativethemes.com\/blocksy\/modern-shop\/?post_type=product&#038;p=68"},"modified":"2024-04-11T16:32:23","modified_gmt":"2024-04-11T16:32:23","slug":"2-methyl-ap-237-hcl","status":"publish","type":"product","link":"https:\/\/rc-chemlab.net\/es\/product\/2-methyl-ap-237-hcl\/","title":{"rendered":"2-METIL-AP-237-HCL"},"content":{"rendered":"<h1>2-METIL-AP-237-HCL<\/h1>\n<p>\u00bfD\u00f3nde puedo comprar 2-METIL-AP-237-HCL? Chemlab ofrece los mejores medicamentos innovadores. 2metil-ap-237.hcl es la abreviatura de <a href=\"https:\/\/en.wikipedia.org\/wiki\/2-Fluoromethamphetamine\">2-fluorometanfetamina<\/a>.<\/p>\n<p>El producto se utiliza como droga de dise\u00f1o desde 2014. Nunca m\u00e1s pagues demasiado por drogas de dise\u00f1o. We kunnen altijd de best prijs garanderen, weil we rechtstreeks bij de fabrikanten inkopen.<\/p>\n<p>2-METHYL-AP-237-HCL de alta calidad. Tenga cuidado al comprar drogas de dise\u00f1o en l\u00ednea; hay numerosas tiendas en l\u00ednea que venden drogas de dise\u00f1o falsas o de mala calidad.<\/p>\n<p>Je weet zeker dat de producten die je in Chemlab koopt van de hoogste kwaliteit zijn. \u00a1Cada medicamento de dise\u00f1o que pidas a Chemlab Team ser\u00e1 entregado de forma segura y discreta en tu casa!<\/p>\n<p>2-METIL-AP-237-HCL, analizado en laboratorio<br \/>\nJe wilt er zeker van zijn dat de producten van hoge kwaliteit zijn als je op zoek bent nach designerdrogen. Todos nuestros medicamentos creativos est\u00e1n disponibles en una gran variedad de colores y tama\u00f1os. Todos los medicamentos que desarrollamos son de la m\u00e1xima calidad y se prueban constantemente en el laboratorio.<\/p>\n<p>Orden Discreet drogas de dise\u00f1o: Las drogas de dise\u00f1o ya se pueden comprar legalmente por Internet.<\/p>\n<p>Het is van cruciaal belang om de juiste bron te gebruiken wanneer u designerdrogen kauft. Het is van cruciaal belang om de juiste bron te gebruiken wanneer u designerdrogen kauft.<\/p>\n<p>Por ello, le recomendamos que encargue sus medicamentos innovadores al equipo de Chemlab.<\/p>\n<p>Chemlab cuenta con una amplia cartera de clientes y lleva mucho tiempo liderando el mercado de los medicamentos de dise\u00f1o innovadores. Si desea m\u00e1s informaci\u00f3n, p\u00f3ngase en contacto con nosotros.<\/p>","protected":false},"excerpt":{"rendered":"<p>2-METHYL-AP-237-HCL Waar kan ik 2-METHYL-AP-237-HCL goedkoop kopen? Chemlab zoekt de beste innovatieve medicijnen. 2methyl-ap-237.hcl ist die Abk\u00fcrzung f\u00fcr 2-fluormethamfetamine. Seit<\/p>","protected":false},"featured_media":10249,"comment_status":"open","ping_status":"closed","template":"","meta":{"_seopress_robots_primary_cat":"none","_seopress_titles_title":"2-METHYL-AP-237-HCL %%sep%% %%sitetitle%%","_seopress_titles_desc":"Waar kan ik 2-METHYL-AP-237-HCL goedkoop kopen? Chemlab zoekt de beste innovatieve medicijnen. 2methyl-ap-237.hcl ist die Abk\u00fcrzung f\u00fcr 2-fluormethamfetamine.","_seopress_robots_index":""},"product_brand":[],"product_cat":[140],"product_tag":[],"class_list":{"0":"post-68","1":"product","2":"type-product","3":"status-publish","4":"has-post-thumbnail","6":"product_cat-forschungschemikalien","8":"first","9":"instock","10":"featured","11":"taxable","12":"shipping-taxable","13":"purchasable","14":"product-type-variable"},"_links":{"self":[{"href":"https:\/\/rc-chemlab.net\/es\/wp-json\/wp\/v2\/product\/68","targetHints":{"allow":["GET"]}}],"collection":[{"href":"https:\/\/rc-chemlab.net\/es\/wp-json\/wp\/v2\/product"}],"about":[{"href":"https:\/\/rc-chemlab.net\/es\/wp-json\/wp\/v2\/types\/product"}],"replies":[{"embeddable":true,"href":"https:\/\/rc-chemlab.net\/es\/wp-json\/wp\/v2\/comments?post=68"}],"version-history":[{"count":3,"href":"https:\/\/rc-chemlab.net\/es\/wp-json\/wp\/v2\/product\/68\/revisions"}],"predecessor-version":[{"id":10251,"href":"https:\/\/rc-chemlab.net\/es\/wp-json\/wp\/v2\/product\/68\/revisions\/10251"}],"wp:featuredmedia":[{"embeddable":true,"href":"https:\/\/rc-chemlab.net\/es\/wp-json\/wp\/v2\/media\/10249"}],"wp:attachment":[{"href":"https:\/\/rc-chemlab.net\/es\/wp-json\/wp\/v2\/media?parent=68"}],"wp:term":[{"taxonomy":"product_brand","embeddable":true,"href":"https:\/\/rc-chemlab.net\/es\/wp-json\/wp\/v2\/product_brand?post=68"},{"taxonomy":"product_cat","embeddable":true,"href":"https:\/\/rc-chemlab.net\/es\/wp-json\/wp\/v2\/product_cat?post=68"},{"taxonomy":"product_tag","embeddable":true,"href":"https:\/\/rc-chemlab.net\/es\/wp-json\/wp\/v2\/product_tag?post=68"}],"curies":[{"name":"wp","href":"https:\/\/api.w.org\/{rel}","templated":true}]}}