{"id":66,"date":"2020-03-13T10:24:27","date_gmt":"2020-03-13T10:24:27","guid":{"rendered":"https:\/\/demo.creativethemes.com\/blocksy\/modern-shop\/?post_type=product&#038;p=66"},"modified":"2024-12-21T15:40:24","modified_gmt":"2024-12-21T15:40:24","slug":"3-cmc-kaufen","status":"publish","type":"product","link":"https:\/\/rc-chemlab.net\/es\/product\/3-cmc-kaufen\/","title":{"rendered":"3 CMC"},"content":{"rendered":"<h1>Comprar 3-CMC<\/h1>\n<p>La mol\u00e9cula 3-MMC, tambi\u00e9n conocida como 3-metilmetacatinona, pertenece a la clase de las catinonas sustituidas. Las catinonas son un subgrupo de anfetaminas que tienen la estructura central anfetam\u00ednica de un anillo de fenilo unido a un grupo amino (NH2) a trav\u00e9s de una cadena de etilo y una sustituci\u00f3n adicional de metilo en R\u03b1.<\/p>\n<p>La 3MMC y otras catinonas difieren en su sustituci\u00f3n cet\u00f3nica en el carbono beta del esqueleto anfetam\u00ednico, por lo que son \u03b2-ceto-anfetaminas. La 3MMC tiene dos sustituciones de metilo en su esqueleto de catinona: una en el R3 del anillo fenilo y otra en el grupo nitr\u00f3geno RN. La 3MMC es similar a la mefedrona; tiene la misma estructura salvo que el grupo metilo se sit\u00faa en R3 en lugar de en R4.<\/p>\n<h2>Comprar 3-CMC Alemania<\/h2>\n<p>La 3-MMC se vende \u00fanicamente con fines de investigaci\u00f3n y no puede utilizarse para otros fines como el diagn\u00f3stico in vivo, en alimentos, f\u00e1rmacos, productos sanitarios y\/o cosm\u00e9ticos para humanos o animales.<\/p>\n<p>Antes de realizar el pedido, aseg\u00farese de que est\u00e1 debidamente equipado para manipular productos qu\u00edmicos de investigaci\u00f3n y de que su lugar de trabajo est\u00e1 bien ventilado. Debe tener al menos 18 a\u00f1os para pedir este producto.<\/p>\n<p>3-MMC es legal en nuestro pa\u00eds de origen. Es su responsabilidad entender y cumplir con las leyes de su estado, condado, regi\u00f3n, pa\u00eds o ciudad. No asumimos ninguna responsabilidad por las acciones o consecuencias derivadas de su pedido.<\/p>","protected":false},"excerpt":{"rendered":"<p>3-CMC kaufen Der Molek\u00fcl 3-MMC, auch bekannt als 3-Methylmethcathinon, geh\u00f6rt zur Klasse der substituierten Cathinone. Cathinone sind eine Untergruppe der<\/p>","protected":false},"featured_media":10257,"comment_status":"open","ping_status":"closed","template":"","meta":{"_seopress_robots_primary_cat":"none","_seopress_titles_title":"3 CMC Kaufen %%sep%% %%sitetitle%%","_seopress_titles_desc":"Der Molek\u00fcl 3-MMC, auch bekannt als 3-Methylmethcathinon, geh\u00f6rt zur Klasse der substituierten Cathinone.","_seopress_robots_index":""},"product_brand":[],"product_cat":[140],"product_tag":[],"class_list":{"0":"post-66","1":"product","2":"type-product","3":"status-publish","4":"has-post-thumbnail","6":"product_cat-forschungschemikalien","8":"first","9":"instock","10":"featured","11":"taxable","12":"shipping-taxable","13":"purchasable","14":"product-type-variable"},"_links":{"self":[{"href":"https:\/\/rc-chemlab.net\/es\/wp-json\/wp\/v2\/product\/66","targetHints":{"allow":["GET"]}}],"collection":[{"href":"https:\/\/rc-chemlab.net\/es\/wp-json\/wp\/v2\/product"}],"about":[{"href":"https:\/\/rc-chemlab.net\/es\/wp-json\/wp\/v2\/types\/product"}],"replies":[{"embeddable":true,"href":"https:\/\/rc-chemlab.net\/es\/wp-json\/wp\/v2\/comments?post=66"}],"version-history":[{"count":2,"href":"https:\/\/rc-chemlab.net\/es\/wp-json\/wp\/v2\/product\/66\/revisions"}],"predecessor-version":[{"id":10258,"href":"https:\/\/rc-chemlab.net\/es\/wp-json\/wp\/v2\/product\/66\/revisions\/10258"}],"wp:featuredmedia":[{"embeddable":true,"href":"https:\/\/rc-chemlab.net\/es\/wp-json\/wp\/v2\/media\/10257"}],"wp:attachment":[{"href":"https:\/\/rc-chemlab.net\/es\/wp-json\/wp\/v2\/media?parent=66"}],"wp:term":[{"taxonomy":"product_brand","embeddable":true,"href":"https:\/\/rc-chemlab.net\/es\/wp-json\/wp\/v2\/product_brand?post=66"},{"taxonomy":"product_cat","embeddable":true,"href":"https:\/\/rc-chemlab.net\/es\/wp-json\/wp\/v2\/product_cat?post=66"},{"taxonomy":"product_tag","embeddable":true,"href":"https:\/\/rc-chemlab.net\/es\/wp-json\/wp\/v2\/product_tag?post=66"}],"curies":[{"name":"wp","href":"https:\/\/api.w.org\/{rel}","templated":true}]}}