{"id":64,"date":"2020-03-13T10:16:57","date_gmt":"2020-03-13T10:16:57","guid":{"rendered":"https:\/\/demo.creativethemes.com\/blocksy\/modern-shop\/?post_type=product&#038;p=64"},"modified":"2024-04-11T16:18:31","modified_gmt":"2024-04-11T16:18:31","slug":"2-fma-kaufen","status":"publish","type":"product","link":"https:\/\/rc-chemlab.net\/es\/product\/2-fma-kaufen\/","title":{"rendered":"2-FMA"},"content":{"rendered":"<h1>Comprar 2-FMA<\/h1>\n<p>2-FMA, tambi\u00e9n <a href=\"https:\/\/en.wikipedia.org\/wiki\/2-Fluoromethamphetamine\">2-Fluorometanfetamina<\/a> es un estimulante poco com\u00fan de la familia de la metanfetamina muy buscado por muchos y cuya investigaci\u00f3n es muy interesante.<\/p>\n<p>Los estudios demuestran que la sustancia qu\u00edmica de investigaci\u00f3n 2-FMA act\u00faa como agente liberador de dopamina y noradrenalina, aunque no se ha estudiado oficialmente al mismo nivel que las anfetaminas convencionales. Esto demuestra que aumenta eficazmente los niveles de norepinefrina y dopamina al unirse a las prote\u00ednas transportadoras, que normalmente las eliminan de la hendidura sin\u00e1ptica, y bloquearlas parcialmente. Por lo tanto, la dopamina y la noradrenalina pueden acumularse, dando lugar a resultados estimulantes y euf\u00f3ricos en los estudios qu\u00edmicos.<\/p>\n<h2>\u00bfC\u00f3mo utilizar 2-FMA?<\/h2>\n<p>Compre 2-FMA en la mejor forma de polvo en l\u00ednea. Compre 2-FDCK en 50 gramos, 100 gramos, 150 gramos, 200 gramos y 250 gramos. Para maximizar la vida \u00fatil del polvo de 2-FDCK, gu\u00e1rdelo en un lugar seco y fresco. Lo mejor es guardarlo en un lugar seco y fresco. Tome las precauciones adecuadas al manipular productos qu\u00edmicos de investigaci\u00f3n en el laboratorio, como limpiar las superficies y utilizar guantes, mascarilla y ropa protectora.<\/p>\n<h2>Definici\u00f3n de 2-FMA<\/h2>\n<p>El nombre oficial de la 2-FMA es 2-fluorometanfetamina, una sustancia rara de la clase de las anfetaminas. Est\u00e1 relacionada con la 2-FA, la 3-FA y la 4-FMA y presenta similitudes estructurales con la metanfetamina. Adem\u00e1s de otras anfetaminas fluoradas como la 2-FA y la 4-FA, tambi\u00e9n existe la 2-FEA. Actualmente, la 2-FMA es cada vez m\u00e1s popular en el mercado de los productos qu\u00edmicos de investigaci\u00f3n, aunque hace tiempo que no se estudia formalmente al mismo nivel que las anfetaminas tradicionales.<\/p>\n<h2>Informaci\u00f3n b\u00e1sica sobre la qu\u00edmica de la 2-FMA<\/h2>\n<p>La 2-Fluorometanfetamina es una mol\u00e9cula de la clase de las anfetaminas que se produce sint\u00e9ticamente. Las mol\u00e9culas de la clase de las anfetaminas contienen un grupo metilo unido a la endamina RN del n\u00facleo de la anfetamina, que comparte con la metanfetamina. La 2-FMA est\u00e1 estrechamente relacionada con la metanfetamina y la 2-fluoroanfetamina. Se cree que la 2-FMA ejerce sus propiedades estimulantes influyendo en los receptores de dopamina y noradrenalina. Se recomienda encarecidamente utilizar procedimientos de reducci\u00f3n de da\u00f1os cuando se consuma esta sustancia, ya que la investigaci\u00f3n sobre la 2-FMA es limitada.<\/p>\n<h2>\u00bfD\u00f3nde puedo comprar 2-FMA?<\/h2>\n<p>Es posible comprar 2-FMA en la p\u00e1gina web de Chemlab. Vendemos 2-FMA en forma de polvo de primera calidad. Pero a menudo disponemos de otras formas de sustancias. P\u00f3ngase en contacto con nosotros para saber si tenemos en stock su forma de sustancia preferida. Para comprar 2-FMA debe tener al menos 18 a\u00f1os.<\/p>","protected":false},"excerpt":{"rendered":"<p>2-FMA kaufen 2-FMA, auch 2-Fluormethamphetamin genannt, ist ein seltenes Stimulans der Methamphetamin-Familie, das von vielen sehr gesucht wird und eine<\/p>","protected":false},"featured_media":10244,"comment_status":"open","ping_status":"closed","template":"","meta":{"_seopress_robots_primary_cat":"none","_seopress_titles_title":"2-FMA kaufen %%sep%% %%sitetitle%%","_seopress_titles_desc":"2-FMA, auch 2-Fluormethamphetamin genannt, ist ein seltenes Stimulans der Methamphetamin-Familie, das von vielen sehr gesucht wird und eine sehr interessante Forschung ist.","_seopress_robots_index":""},"product_brand":[],"product_cat":[140],"product_tag":[],"class_list":{"0":"post-64","1":"product","2":"type-product","3":"status-publish","4":"has-post-thumbnail","6":"product_cat-forschungschemikalien","8":"first","9":"instock","10":"featured","11":"taxable","12":"shipping-taxable","13":"purchasable","14":"product-type-variable"},"_links":{"self":[{"href":"https:\/\/rc-chemlab.net\/es\/wp-json\/wp\/v2\/product\/64","targetHints":{"allow":["GET"]}}],"collection":[{"href":"https:\/\/rc-chemlab.net\/es\/wp-json\/wp\/v2\/product"}],"about":[{"href":"https:\/\/rc-chemlab.net\/es\/wp-json\/wp\/v2\/types\/product"}],"replies":[{"embeddable":true,"href":"https:\/\/rc-chemlab.net\/es\/wp-json\/wp\/v2\/comments?post=64"}],"version-history":[{"count":3,"href":"https:\/\/rc-chemlab.net\/es\/wp-json\/wp\/v2\/product\/64\/revisions"}],"predecessor-version":[{"id":10245,"href":"https:\/\/rc-chemlab.net\/es\/wp-json\/wp\/v2\/product\/64\/revisions\/10245"}],"wp:featuredmedia":[{"embeddable":true,"href":"https:\/\/rc-chemlab.net\/es\/wp-json\/wp\/v2\/media\/10244"}],"wp:attachment":[{"href":"https:\/\/rc-chemlab.net\/es\/wp-json\/wp\/v2\/media?parent=64"}],"wp:term":[{"taxonomy":"product_brand","embeddable":true,"href":"https:\/\/rc-chemlab.net\/es\/wp-json\/wp\/v2\/product_brand?post=64"},{"taxonomy":"product_cat","embeddable":true,"href":"https:\/\/rc-chemlab.net\/es\/wp-json\/wp\/v2\/product_cat?post=64"},{"taxonomy":"product_tag","embeddable":true,"href":"https:\/\/rc-chemlab.net\/es\/wp-json\/wp\/v2\/product_tag?post=64"}],"curies":[{"name":"wp","href":"https:\/\/api.w.org\/{rel}","templated":true}]}}