{"id":57,"date":"2020-03-13T10:07:44","date_gmt":"2020-03-13T10:07:44","guid":{"rendered":"https:\/\/demo.creativethemes.com\/blocksy\/modern-shop\/?post_type=product&#038;p=57"},"modified":"2024-10-10T12:54:44","modified_gmt":"2024-10-10T12:54:44","slug":"2-fdck-kaufen-deutschland","status":"publish","type":"product","link":"https:\/\/rc-chemlab.net\/es\/product\/2-fdck-kaufen-deutschland\/","title":{"rendered":"2-FDCK"},"content":{"rendered":"<h1><span class=\"___SText_v2vqb-ko_\" data-ui-name=\"Link.Text\">2-FDCK comprar Alemania<\/span><\/h1>\n<p>Comprar 2-FDCK en Alemania. \u00bfBusca la mejor oferta de 2-FDCK en polvo? \u00a1Rc-Chemlab es la mejor opci\u00f3n! Nuestro 2-FDCK de alta calidad est\u00e1 siempre disponible y listo para enviar, para que puedas conseguir las mejores drogas de dise\u00f1o disponibles r\u00e1pidamente. Adem\u00e1s, con nuestras opciones de pago seguro, puedes estar seguro de que recibir\u00e1s tu producto exactamente cuando lo necesites. \u00a1Compra ahora y ahorra dinero!<\/p>\n<p>Llevamos 7 a\u00f1os trabajando con drogas de dise\u00f1o y siempre podemos ofrecerle productos de primera calidad. Todos nuestros productos son seguros para fines de investigaci\u00f3n, ya que han sido probados en el laboratorio.<\/p>\n<h3><span class=\"___SText_v2vqb-ko_\" data-ui-name=\"Link.Text\">2-FDCK comprar Alemania<\/span><\/h3>\n<p>Hay muchas tiendas en l\u00ednea que venden drogas de dise\u00f1o falsificadas o de mala calidad, as\u00ed que tenga cuidado al comprar drogas de dise\u00f1o en l\u00ednea. Puede estar seguro de que los productos que compra son de primera calidad si recurre a Chemlab. Pedidos de medicamentos discretos para dise\u00f1adores.<\/p>\n<p>Por supuesto, es importante comprar drogas de dise\u00f1o en la fuente adecuada. Debido al hecho de que numerosos sitios web no son fiables y pueden enviar productos nocivos. Por este motivo, le recomendamos que encargue sus drogas de dise\u00f1o al equipo de Rc-Chemlab.<\/p>\n<p>Rc-Chemlab cuenta con una amplia cartera de clientes y es l\u00edder del mercado en la venta de drogas de dise\u00f1o de primera calidad desde hace a\u00f1os.<\/p>","protected":false},"excerpt":{"rendered":"<p>2-FDCK kaufen Deutschland 2-FDCK in Deutschland kaufen. Sie suchen nach dem besten 2-FDCK-Pulverangebot? Rc-Chemlab ist die beste Wahl! Unser hochwertiges<\/p>","protected":false},"featured_media":10240,"comment_status":"open","ping_status":"closed","template":"","meta":{"_seopress_robots_primary_cat":"none","_seopress_titles_title":"2-FDCK kaufen Deutschland %%sep%% %%sitetitle%%","_seopress_titles_desc":"2-FDCK in Deutschland kaufen. Sie suchen nach dem besten 2-FDCK-Pulverangebot? Rc-Chemlab ist die beste Wahl!","_seopress_robots_index":""},"product_brand":[],"product_cat":[140],"product_tag":[],"class_list":{"0":"post-57","1":"product","2":"type-product","3":"status-publish","4":"has-post-thumbnail","6":"product_cat-forschungschemikalien","8":"first","9":"instock","10":"featured","11":"taxable","12":"shipping-taxable","13":"purchasable","14":"product-type-variable"},"_links":{"self":[{"href":"https:\/\/rc-chemlab.net\/es\/wp-json\/wp\/v2\/product\/57","targetHints":{"allow":["GET"]}}],"collection":[{"href":"https:\/\/rc-chemlab.net\/es\/wp-json\/wp\/v2\/product"}],"about":[{"href":"https:\/\/rc-chemlab.net\/es\/wp-json\/wp\/v2\/types\/product"}],"replies":[{"embeddable":true,"href":"https:\/\/rc-chemlab.net\/es\/wp-json\/wp\/v2\/comments?post=57"}],"version-history":[{"count":3,"href":"https:\/\/rc-chemlab.net\/es\/wp-json\/wp\/v2\/product\/57\/revisions"}],"predecessor-version":[{"id":1157,"href":"https:\/\/rc-chemlab.net\/es\/wp-json\/wp\/v2\/product\/57\/revisions\/1157"}],"wp:featuredmedia":[{"embeddable":true,"href":"https:\/\/rc-chemlab.net\/es\/wp-json\/wp\/v2\/media\/10240"}],"wp:attachment":[{"href":"https:\/\/rc-chemlab.net\/es\/wp-json\/wp\/v2\/media?parent=57"}],"wp:term":[{"taxonomy":"product_brand","embeddable":true,"href":"https:\/\/rc-chemlab.net\/es\/wp-json\/wp\/v2\/product_brand?post=57"},{"taxonomy":"product_cat","embeddable":true,"href":"https:\/\/rc-chemlab.net\/es\/wp-json\/wp\/v2\/product_cat?post=57"},{"taxonomy":"product_tag","embeddable":true,"href":"https:\/\/rc-chemlab.net\/es\/wp-json\/wp\/v2\/product_tag?post=57"}],"curies":[{"name":"wp","href":"https:\/\/api.w.org\/{rel}","templated":true}]}}