{"id":279,"date":"2020-03-18T15:35:09","date_gmt":"2020-03-18T15:35:09","guid":{"rendered":"https:\/\/demo.creativethemes.com\/blocksy\/modern-shop\/?post_type=product&#038;p=279"},"modified":"2024-04-12T20:55:47","modified_gmt":"2024-04-12T20:55:47","slug":"4f-mph-kaufen","status":"publish","type":"product","link":"https:\/\/rc-chemlab.net\/es\/product\/4f-mph-kaufen\/","title":{"rendered":"4F-MPH"},"content":{"rendered":"<h1><span class=\"___SText_mzmpq-ko_\" data-ui-name=\"Link.Text\">Comprar 4F MPH<\/span><\/h1>\n<p>\u00bfQuiere comprar 4F-MPH? Entonces est\u00e1 en <a href=\"\/es\/\">Rc-Chemlab<\/a> \u00a1en su punto! Todos los productos de Research Chemicals Nederland han sido probados en laboratorio y son de la m\u00e1xima calidad. Los pedidos se empaquetan discretamente y se env\u00edan en 24 horas. Adem\u00e1s, tiene la opci\u00f3n de pagar de forma segura y r\u00e1pida mediante criptodivisa y transferencia bancaria.<\/p>\n<h2>\u00bfQu\u00e9 son los 4F-MPH?<\/h2>\n<p>El 4F-MPH es una sustancia estimulante que pertenece a la <a href=\"https:\/\/docplayer.org\/129150624-Institut-fuer-organische-katalyseforschung-an-der.html\">Clases de enetilamina y piperidina<\/a> de productos qu\u00edmicos de investigaci\u00f3n. La 4F-Ritalina, tambi\u00e9n conocida como 4F-MPH, es estructuralmente casi id\u00e9ntica al metilfenidato. La \u00fanica excepci\u00f3n es un \u00fanico \u00e1tomo de fl\u00faor unido a la posici\u00f3n cuatro del n\u00facleo de fenetilamina. La similitud entre el metilfenidato y el 4F-MPH puede apreciarse en la imagen del producto. El metilfenidato se receta en los Pa\u00edses Bajos para el TDAH y la narcolepsia, entre otros. Por esta raz\u00f3n, el 4F-MPH es un posible sustituto del Ritalin.<\/p>\n<p>La 4F-Ritalina puede adquirirse sin receta, pero sus efectos deseados son muy similares a los de la Ritalina. Esto ahorra mucho tiempo y esfuerzo. Como es de esperar, la 4F-Ritalina funciona de forma similar a la metilfenidaatt. Sin embargo, la 4F-MPH aumenta el estado de alerta y la fatiga, pero no la energ\u00eda. A pesar de las similitudes entre ambas sustancias, la 4F-MPH no debe consumirse. \u00bfDesea m\u00e1s informaci\u00f3n sobre los efectos de la 4F-MPH? Entonces deber\u00edas consultar Wikipedia o Psychonaut Wiki.<\/p>\n<h2>\u00bfD\u00f3nde puedo comprar 4F-MPH?<\/h2>\n<p>RC-Chemlab es el lugar adecuado para descubrir todos sus productos qu\u00edmicos de investigaci\u00f3n, incluidos los 4F-MPH de la m\u00e1s alta calidad. Enviamos todos los productos qu\u00edmicos de investigaci\u00f3n desde los Pa\u00edses Bajos, lo que significa que su pedido llegar\u00e1 en 1 \u00f3 2 d\u00edas laborables. Los 4F-MPH est\u00e1n disponibles en forma de polvo para que pueda elegir la forma m\u00e1s adecuada para su experimento.<\/p>\n<h2>Comprar 4F-MPH a un precio favorable<\/h2>\n<p>\u00bfQuiere saber si Ritalin tiene el efecto deseado en usted? Entonces pida aqu\u00ed 4F-MPH y pru\u00e9belo en su laboratorio. Nota: Al igual que otros productos qu\u00edmicos de investigaci\u00f3n, el 4F-MPH est\u00e1 destinado exclusivamente a fines de investigaci\u00f3n y nunca debe ser consumido por seres humanos, animales u otros seres vivos. El 4F-MPH debe almacenarse en un lugar seco y fresco para garantizar su m\u00e1xima conservaci\u00f3n. Si desea m\u00e1s informaci\u00f3n, p\u00f3ngase en contacto con <a href=\"https:\/\/rc-chemlab.net\/es\/kontakt\/\">Contacte con nosotros<\/a> en.<\/p>","protected":false},"excerpt":{"rendered":"<p>4F MPH kaufen Willst du 4F-MPH kaufen? Dann sind Sie bei Rc-Chemlab genau richtig! Alle Produkte von Research Chemicals Nederland<\/p>","protected":false},"featured_media":10272,"comment_status":"open","ping_status":"closed","template":"","meta":{"_seopress_robots_primary_cat":"none","_seopress_titles_title":"4F MPH kaufen %%sep%% %%sitetitle%%","_seopress_titles_desc":"Willst du 4F-MPH kaufen? Dann sind Sie bei Rc-Chemlab genau richtig! Alle Produkte von Research Chemicals Nederland wurden im Labor getestet und sind von h\u00f6chster Qualit\u00e4t.","_seopress_robots_index":""},"product_brand":[],"product_cat":[140],"product_tag":[],"class_list":{"0":"post-279","1":"product","2":"type-product","3":"status-publish","4":"has-post-thumbnail","6":"product_cat-forschungschemikalien","8":"first","9":"instock","10":"featured","11":"taxable","12":"shipping-taxable","13":"purchasable","14":"product-type-variable"},"_links":{"self":[{"href":"https:\/\/rc-chemlab.net\/es\/wp-json\/wp\/v2\/product\/279","targetHints":{"allow":["GET"]}}],"collection":[{"href":"https:\/\/rc-chemlab.net\/es\/wp-json\/wp\/v2\/product"}],"about":[{"href":"https:\/\/rc-chemlab.net\/es\/wp-json\/wp\/v2\/types\/product"}],"replies":[{"embeddable":true,"href":"https:\/\/rc-chemlab.net\/es\/wp-json\/wp\/v2\/comments?post=279"}],"version-history":[{"count":3,"href":"https:\/\/rc-chemlab.net\/es\/wp-json\/wp\/v2\/product\/279\/revisions"}],"predecessor-version":[{"id":10273,"href":"https:\/\/rc-chemlab.net\/es\/wp-json\/wp\/v2\/product\/279\/revisions\/10273"}],"wp:featuredmedia":[{"embeddable":true,"href":"https:\/\/rc-chemlab.net\/es\/wp-json\/wp\/v2\/media\/10272"}],"wp:attachment":[{"href":"https:\/\/rc-chemlab.net\/es\/wp-json\/wp\/v2\/media?parent=279"}],"wp:term":[{"taxonomy":"product_brand","embeddable":true,"href":"https:\/\/rc-chemlab.net\/es\/wp-json\/wp\/v2\/product_brand?post=279"},{"taxonomy":"product_cat","embeddable":true,"href":"https:\/\/rc-chemlab.net\/es\/wp-json\/wp\/v2\/product_cat?post=279"},{"taxonomy":"product_tag","embeddable":true,"href":"https:\/\/rc-chemlab.net\/es\/wp-json\/wp\/v2\/product_tag?post=279"}],"curies":[{"name":"wp","href":"https:\/\/api.w.org\/{rel}","templated":true}]}}