{"id":170,"date":"2020-03-16T09:21:08","date_gmt":"2020-03-16T09:21:08","guid":{"rendered":"https:\/\/demo.creativethemes.com\/blocksy\/modern-shop\/?post_type=product&#038;p=170"},"modified":"2024-12-21T15:56:21","modified_gmt":"2024-12-21T15:56:21","slug":"clonazolam-kaufen","status":"publish","type":"product","link":"https:\/\/rc-chemlab.net\/es\/product\/clonazolam-kaufen\/","title":{"rendered":"Clonazolam en polvo"},"content":{"rendered":"<h1>Comprar Clonazolam<\/h1>\n<p>El clonazolam en polvo pertenece al grupo de los <a href=\"https:\/\/www.gelbe-liste.de\/wirkstoffgruppen\/benzodiazepine\">Benzodiacepinas<\/a> y se utiliza en muchas situaciones con diversos fines en los seres humanos. Se sintetiz\u00f3 por primera vez como droga de dise\u00f1o en 1971. En los \u00faltimos a\u00f1os, se ha convertido en una de las drogas m\u00e1s utilizadas en el mundo debido a sus propiedades \u00fanicas. Hoy en d\u00eda se utiliza como producto qu\u00edmico de investigaci\u00f3n y para el tratamiento de diversas enfermedades.<\/p>\n<h2>Efecto del clonazolam en polvo<\/h2>\n<ul>\n<li>El clonazolam en polvo tambi\u00e9n es una droga psicoactiva perteneciente a las benzodiacepinas y act\u00faa de la misma manera que todos estos prof\u00e1rmacos. Tiene un potencial m\u00e1s elevado que otros prof\u00e1rmacos de la serie de las benzodiacepinas.<\/li>\n<li>Tambi\u00e9n act\u00faa de la misma manera que todos los prof\u00e1rmacos, pero act\u00faa m\u00e1s r\u00e1pidamente que todos los prof\u00e1rmacos, no s\u00f3lo de esta familia, sino tambi\u00e9n de otros miembros de otras familias de prof\u00e1rmacos. Su efecto se basa en una influencia directa sobre el sistema de neurotransmisores del cerebro humano.<\/li>\n<li>Esto estimula una serie de sustancias qu\u00edmicas espec\u00edficas para que cumplan la funci\u00f3n en cuesti\u00f3n. Tambi\u00e9n se utiliza para relajar los m\u00fasculos y garantizar un sue\u00f1o reparador.<\/li>\n<li>Clonazolam en polvo asegura un sue\u00f1o adecuado para el cuerpo humano. Es utilizado por casi todos los m\u00e9dicos para los pacientes que sufren de insomnio. Los m\u00e9dicos tambi\u00e9n lo utilizan durante procedimientos quir\u00fargicos en los que quieren dejar inconsciente al paciente.<\/li>\n<li>Este medicamento tambi\u00e9n ayuda a los m\u00e9dicos a mantener al paciente alejado de otras drogas. Tambi\u00e9n se utiliza para eliminar el alcohol de todo el cuerpo mediante diversos procedimientos. El clonazolam es un f\u00e1rmaco muy bueno, pero s\u00f3lo si se utiliza de acuerdo con las necesidades del organismo y seg\u00fan lo prescrito.<\/li>\n<li>El clonazolam en polvo no es bueno para la salud humana si se toma durante un largo periodo de tiempo. Puede causar graves da\u00f1os a la salud y afectar al sistema neuronal del cerebro humano.<\/li>\n<\/ul>\n<p>Nuestra tienda online ofrece Clonazolam a precios muy bajos. Nuestra tienda tambi\u00e9n ofrece la entrega del producto en un plazo muy corto. Para obtener m\u00e1s informaci\u00f3n, p\u00f3ngase en contacto con <a href=\"https:\/\/rc-chemlab.net\/es\/kontakt\/\">us<\/a>.<\/p>","protected":false},"excerpt":{"rendered":"<p>Clonazolam kaufen Clonazolam-Pulver geh\u00f6rt zur Gruppe der Benzodiazepine und wird in vielen Situationen f\u00fcr verschiedene Zwecke beim Menschen eingesetzt. Es<\/p>","protected":false},"featured_media":10296,"comment_status":"open","ping_status":"closed","template":"","meta":{"_seopress_robots_primary_cat":"none","_seopress_titles_title":"Clonazolam kaufen %%sep%% %%sitetitle%%","_seopress_titles_desc":"Clonazolam kaufen - Clonazolam-Pulver geh\u00f6rt zur Gruppe der Benzodiazepine und wird in vielen Situationen f\u00fcr verschiedene Zwecke beim Menschen eingesetzt.","_seopress_robots_index":""},"product_brand":[],"product_cat":[140],"product_tag":[],"class_list":{"0":"post-170","1":"product","2":"type-product","3":"status-publish","4":"has-post-thumbnail","6":"product_cat-forschungschemikalien","8":"first","9":"instock","10":"taxable","11":"shipping-taxable","12":"purchasable","13":"product-type-variable"},"_links":{"self":[{"href":"https:\/\/rc-chemlab.net\/es\/wp-json\/wp\/v2\/product\/170","targetHints":{"allow":["GET"]}}],"collection":[{"href":"https:\/\/rc-chemlab.net\/es\/wp-json\/wp\/v2\/product"}],"about":[{"href":"https:\/\/rc-chemlab.net\/es\/wp-json\/wp\/v2\/types\/product"}],"replies":[{"embeddable":true,"href":"https:\/\/rc-chemlab.net\/es\/wp-json\/wp\/v2\/comments?post=170"}],"version-history":[{"count":2,"href":"https:\/\/rc-chemlab.net\/es\/wp-json\/wp\/v2\/product\/170\/revisions"}],"predecessor-version":[{"id":1244,"href":"https:\/\/rc-chemlab.net\/es\/wp-json\/wp\/v2\/product\/170\/revisions\/1244"}],"wp:featuredmedia":[{"embeddable":true,"href":"https:\/\/rc-chemlab.net\/es\/wp-json\/wp\/v2\/media\/10296"}],"wp:attachment":[{"href":"https:\/\/rc-chemlab.net\/es\/wp-json\/wp\/v2\/media?parent=170"}],"wp:term":[{"taxonomy":"product_brand","embeddable":true,"href":"https:\/\/rc-chemlab.net\/es\/wp-json\/wp\/v2\/product_brand?post=170"},{"taxonomy":"product_cat","embeddable":true,"href":"https:\/\/rc-chemlab.net\/es\/wp-json\/wp\/v2\/product_cat?post=170"},{"taxonomy":"product_tag","embeddable":true,"href":"https:\/\/rc-chemlab.net\/es\/wp-json\/wp\/v2\/product_tag?post=170"}],"curies":[{"name":"wp","href":"https:\/\/api.w.org\/{rel}","templated":true}]}}