{"id":168,"date":"2020-03-16T09:19:03","date_gmt":"2020-03-16T09:19:03","guid":{"rendered":"https:\/\/demo.creativethemes.com\/blocksy\/modern-shop\/?post_type=product&#038;p=168"},"modified":"2024-12-21T03:50:31","modified_gmt":"2024-12-21T03:50:31","slug":"etizolam-kaufen","status":"publish","type":"product","link":"https:\/\/rc-chemlab.net\/es\/product\/etizolam-kaufen\/","title":{"rendered":"Etizolam en polvo"},"content":{"rendered":"<h1><span class=\"___SText_mzmpq-ko_\" data-ui-name=\"Link.Text\">Comprar Etizolam<\/span><\/h1>\n<p>El flunitrazolam es una evoluci\u00f3n del etizolam. El etizolam tiene efectos menos conocidos que el oxazepam o el diazepam. La sustancia es conocida por su efecto sedante. A menudo se utiliza para inducir el sue\u00f1o.<\/p>\n<h2>\u00bfQu\u00e9 es el etizolam?<\/h2>\n<p>El etizolam es un medicamento muy conocido que puede utilizarse para diversos fines. Por ejemplo, se utiliza para tratar la ansiedad, los trastornos de p\u00e1nico, la depresi\u00f3n o los trastornos del sue\u00f1o. Afortunadamente, existe una copia casi exacta del etizolam. Se trata del flunitrazolam. Por supuesto, tiene la opci\u00f3n de encargarnos este medicamento de forma discreta y segura.<\/p>\n<p>El flunitrazolam (Etizolam) pertenece a la categor\u00eda de los <a href=\"https:\/\/de.wikipedia.org\/wiki\/Kategorie:Benzodiazepin\">Benzodiapina<\/a>. Las benzodiapinas pueden tener diferentes efectos terap\u00e9uticos. Estos f\u00e1rmacos tienen un efecto calmante a dosis bajas. El diazepam y el alprazolam (Xanax) entran en la misma categor\u00eda. Con las benzodiacepinas, es muy importante hacer pausas entre los distintos medicamentos. Tomarlos durante m\u00e1s de 6 semanas seguidas puede tener efectos negativos en tu estado mental. Esto se debe a que se supone que el cuerpo no se acostumbra al benzo y espera tomarlo.<\/p>\n<p>Si tiene dificultades para conciliar el sue\u00f1o, \u00a1el Etizolam es el somn\u00edfero ideal!<\/p>\n<h2>\u00bfCu\u00e1ndo debo utilizar Etizolam?<\/h2>\n<p>Los consumidores de etizolam declararon haber tomado estimulantes antes de tomar la droga. Piensa en coca\u00edna, 3mmc, speed, etc. Como has tomado estimulantes, no puedes dormir. Deje de tomar estimulantes y espere al menos 1,5 horas antes de tomar Etizolam. El efecto de los estimulantes disminuir\u00e1 durante esta hora y cuando tomes Etizolam, te relajar\u00e1s. Como el cerebro ya no produce dopamina, suelen aparecer sensaciones de ansiedad o p\u00e1nico despu\u00e9s de tomar estimulantes. El Etizolam le ayuda a conciliar el sue\u00f1o tranquilamente y a evitar la ansiedad.<\/p>\n<h2>\u00bfQui\u00e9nes son los usuarios de Etizolam?<\/h2>\n<p>El etizolam se utiliza en muchos \u00e1mbitos. Piense, por ejemplo, en periodistas, abogados, contables o DJ muy ocupados. Las personas con una agenda apretada tienen mucho estr\u00e9s cada d\u00eda. Estas personas son m\u00e1s propensas a tomar medicaci\u00f3n o algo similar para conciliar el sue\u00f1o y reducir la ansiedad\/estr\u00e9s.<\/p>\n<p>Tambi\u00e9n hay un grupo muy grande de consumidores de fiesta que utilizan Etizolam. Esto incluye a las personas que consumen coca\u00edna, 3mmc (o 3cmc), speed o algo similar. Despu\u00e9s de una larga fiesta o de un acogedor d\u00eda de fiesta, siempre hay una sensaci\u00f3n de temor en la fiesta. Para aliviar la ansiedad y el nerviosismo, toman una silla el\u00e9ctrica para poder relajarse y dormir bien.<\/p>\n<h2>Duraci\u00f3n del efecto<\/h2>\n<p>El f\u00e1rmaco hace efecto en el organismo al cabo de unos 30 a 60 minutos. El etizolam permanece en la sangre del usuario durante un periodo de 6 a 8 horas. Si desea m\u00e1s informaci\u00f3n, p\u00f3ngase en contacto con <a href=\"https:\/\/rc-chemlab.net\/es\/kontakt\/\">P\u00f3ngase en contacto con nosotros<\/a> con nosotros.<\/p>","protected":false},"excerpt":{"rendered":"<p>Etizolam kaufen Flunitrazolam ist eine Weiterentwicklung von Etizolam. Etizolam hat weniger bekannte Wirkungen als Oxazepam oder Diazepam. Die Substanz ist<\/p>","protected":false},"featured_media":10276,"comment_status":"open","ping_status":"closed","template":"","meta":{"_seopress_robots_primary_cat":"none","_seopress_titles_title":"Etizolam kaufen %%sep%% %%sitetitle%%","_seopress_titles_desc":"Etizolam kaufen - Flunitrazolam ist eine Weiterentwicklung von Etizolam. Etizolam hat weniger bekannte Wirkungen als Oxazepam oder Diazepam.","_seopress_robots_index":""},"product_brand":[],"product_cat":[140],"product_tag":[],"class_list":{"0":"post-168","1":"product","2":"type-product","3":"status-publish","4":"has-post-thumbnail","6":"product_cat-forschungschemikalien","8":"first","9":"instock","10":"featured","11":"taxable","12":"shipping-taxable","13":"purchasable","14":"product-type-variable"},"_links":{"self":[{"href":"https:\/\/rc-chemlab.net\/es\/wp-json\/wp\/v2\/product\/168","targetHints":{"allow":["GET"]}}],"collection":[{"href":"https:\/\/rc-chemlab.net\/es\/wp-json\/wp\/v2\/product"}],"about":[{"href":"https:\/\/rc-chemlab.net\/es\/wp-json\/wp\/v2\/types\/product"}],"replies":[{"embeddable":true,"href":"https:\/\/rc-chemlab.net\/es\/wp-json\/wp\/v2\/comments?post=168"}],"version-history":[{"count":2,"href":"https:\/\/rc-chemlab.net\/es\/wp-json\/wp\/v2\/product\/168\/revisions"}],"predecessor-version":[{"id":10277,"href":"https:\/\/rc-chemlab.net\/es\/wp-json\/wp\/v2\/product\/168\/revisions\/10277"}],"wp:featuredmedia":[{"embeddable":true,"href":"https:\/\/rc-chemlab.net\/es\/wp-json\/wp\/v2\/media\/10276"}],"wp:attachment":[{"href":"https:\/\/rc-chemlab.net\/es\/wp-json\/wp\/v2\/media?parent=168"}],"wp:term":[{"taxonomy":"product_brand","embeddable":true,"href":"https:\/\/rc-chemlab.net\/es\/wp-json\/wp\/v2\/product_brand?post=168"},{"taxonomy":"product_cat","embeddable":true,"href":"https:\/\/rc-chemlab.net\/es\/wp-json\/wp\/v2\/product_cat?post=168"},{"taxonomy":"product_tag","embeddable":true,"href":"https:\/\/rc-chemlab.net\/es\/wp-json\/wp\/v2\/product_tag?post=168"}],"curies":[{"name":"wp","href":"https:\/\/api.w.org\/{rel}","templated":true}]}}