{"id":166,"date":"2020-03-16T09:14:43","date_gmt":"2020-03-16T09:14:43","guid":{"rendered":"https:\/\/demo.creativethemes.com\/blocksy\/modern-shop\/?post_type=product&#038;p=166"},"modified":"2024-04-15T00:17:02","modified_gmt":"2024-04-15T00:17:02","slug":"al-lad-blotter-kaufen","status":"publish","type":"product","link":"https:\/\/rc-chemlab.net\/es\/product\/al-lad-blotter-kaufen\/","title":{"rendered":"AL-LAD 150MCG"},"content":{"rendered":"<h1>Comprar AL LAD Blotter<\/h1>\n<p>La dietilamida del \u00e1cido 6-alil-6-nor-lis\u00e9rgico, m\u00e1s conocida como AL-LAD, es una sustancia semisint\u00e9tica de la <a href=\"https:\/\/psychonautwiki.org\/wiki\/Lysergamides\">Clase de lisergamidas<\/a>. AL-LAD se sintetiz\u00f3 por primera vez en 1984. Vendemos esta sustancia procesada en blotters de 2x 150mcg cada uno. Los blotters son sellos en los que se ha secado la sustancia. Este producto es s\u00f3lo para fines de investigaci\u00f3n y expresamente no est\u00e1 destinado al consumo. Por lo tanto, mant\u00e9ngalo fuera del alcance de los ni\u00f1os y los animales dom\u00e9sticos y lea las instrucciones de seguridad en nuestro sitio web antes de usarlo. <a href=\"\/es\/\">P\u00e1gina web<\/a>.<\/p>\n<p><strong>\u00a1Atenci\u00f3n!<\/strong> No vendemos a menores de 21 a\u00f1os. El producto AL-LAD Blotters (2x150mcg) puede ser perjudicial para la salud y no es apto para el consumo. Tenga en cuenta que el incumplimiento de nuestras precauciones de seguridad puede conllevar graves riesgos para la salud. Por lo tanto, observe nuestras instrucciones de seguridad.<\/p>","protected":false},"excerpt":{"rendered":"<p>AL LAD Blotter kaufen 6-Allyl-6-nor-Lysergs\u00e4urediethylamid, besser bekannt als AL-LAD, ist eine halbsynthetische Substanz aus der Klasse der Lysergamide. AL-LAD wurde<\/p>","protected":false},"featured_media":10292,"comment_status":"open","ping_status":"closed","template":"","meta":{"_seopress_robots_primary_cat":"none","_seopress_titles_title":"AL LAD Blotter kaufen %%sep%% %%sitetitle%%","_seopress_titles_desc":"6-Allyl-6-nor-Lysergs\u00e4urediethylamid, besser bekannt als AL-LAD, ist eine halbsynthetische Substanz aus der Klasse der Lysergamide.","_seopress_robots_index":""},"product_brand":[],"product_cat":[140],"product_tag":[],"class_list":{"0":"post-166","1":"product","2":"type-product","3":"status-publish","4":"has-post-thumbnail","6":"product_cat-forschungschemikalien","8":"first","9":"instock","10":"taxable","11":"shipping-taxable","12":"purchasable","13":"product-type-variable"},"_links":{"self":[{"href":"https:\/\/rc-chemlab.net\/es\/wp-json\/wp\/v2\/product\/166","targetHints":{"allow":["GET"]}}],"collection":[{"href":"https:\/\/rc-chemlab.net\/es\/wp-json\/wp\/v2\/product"}],"about":[{"href":"https:\/\/rc-chemlab.net\/es\/wp-json\/wp\/v2\/types\/product"}],"replies":[{"embeddable":true,"href":"https:\/\/rc-chemlab.net\/es\/wp-json\/wp\/v2\/comments?post=166"}],"version-history":[{"count":2,"href":"https:\/\/rc-chemlab.net\/es\/wp-json\/wp\/v2\/product\/166\/revisions"}],"predecessor-version":[{"id":10293,"href":"https:\/\/rc-chemlab.net\/es\/wp-json\/wp\/v2\/product\/166\/revisions\/10293"}],"wp:featuredmedia":[{"embeddable":true,"href":"https:\/\/rc-chemlab.net\/es\/wp-json\/wp\/v2\/media\/10292"}],"wp:attachment":[{"href":"https:\/\/rc-chemlab.net\/es\/wp-json\/wp\/v2\/media?parent=166"}],"wp:term":[{"taxonomy":"product_brand","embeddable":true,"href":"https:\/\/rc-chemlab.net\/es\/wp-json\/wp\/v2\/product_brand?post=166"},{"taxonomy":"product_cat","embeddable":true,"href":"https:\/\/rc-chemlab.net\/es\/wp-json\/wp\/v2\/product_cat?post=166"},{"taxonomy":"product_tag","embeddable":true,"href":"https:\/\/rc-chemlab.net\/es\/wp-json\/wp\/v2\/product_tag?post=166"}],"curies":[{"name":"wp","href":"https:\/\/api.w.org\/{rel}","templated":true}]}}