{"id":164,"date":"2020-03-16T09:11:32","date_gmt":"2020-03-16T09:11:32","guid":{"rendered":"https:\/\/demo.creativethemes.com\/blocksy\/modern-shop\/?post_type=product&#038;p=164"},"modified":"2024-04-15T00:12:18","modified_gmt":"2024-04-15T00:12:18","slug":"flualprazolam-kaufen","status":"publish","type":"product","link":"https:\/\/rc-chemlab.net\/es\/product\/flualprazolam-kaufen\/","title":{"rendered":"Flualprazolam"},"content":{"rendered":"<h1>Comprar Flualprazolam<\/h1>\n<p>El flualprazolam es un nuevo <a href=\"https:\/\/checkit.wien\/warnung-synthetisches-opioid-in-benzodiazepin\/\">benzodiacepina sint\u00e9tica<\/a>. El flualprazolam es conocido por sus potentes efectos sedantes, euforizantes y relajantes musculares.<\/p>\n<h2>Posolog\u00eda del flualprazolam<\/h2>\n<p>No existe una dosis recomendada, ya que el flualprazolam no est\u00e1 destinado al consumo humano, sino que s\u00f3lo se vende con fines de investigaci\u00f3n cient\u00edfica.<\/p>\n<h2>Efectos del flualprazolam:<\/h2>\n<p>Los efectos cl\u00ednicos de la mayor\u00eda de las nuevas drogas de dise\u00f1o, como el flualprazolam, pueden describirse como alucin\u00f3genos, estimulantes u opi\u00e1ceos. A menudo se consigue una combinaci\u00f3n de estos efectos sustituyendo las cadenas laterales por drogas de dise\u00f1o. Los informes de experiencias correspondientes sobre el flualprazolam pueden encontrarse en abundancia en foros relevantes y a trav\u00e9s de motores de b\u00fasqueda.<\/p>\n<h2>Efectos secundarios del flualprazolam<\/h2>\n<p>Como ocurre con otras drogas de dise\u00f1o, el consumo de flualprazolam puede provocar efectos secundarios graves; \u00a1la sustancia no ha sido probada cl\u00ednicamente ni autorizada como producto de consumo! Por lo tanto, el flualprazolam no se recomienda para el consumo humano, \u00a1s\u00f3lo para la investigaci\u00f3n y las pruebas cient\u00edficas!<\/p>\n<h2>Almacenamiento y vida \u00fatil del flualprazolam<\/h2>\n<p>Conservar siempre el flualprazolam a menos de 30 grados Celsius y en su envase original. Prot\u00e9jalo de la luz solar directa y de la humedad. El periodo de validez del principio activo es de al menos 1 a\u00f1o si se conserva adecuadamente. Por favor <a href=\"https:\/\/rc-chemlab.net\/es\/kontakt\/\">P\u00f3ngase en contacto con nosotros<\/a> para m\u00e1s informaci\u00f3n.<\/p>","protected":false},"excerpt":{"rendered":"<p>Flualprazolam Kaufen Flualprazolam ist ein neues synthetisches Benzodiazepin. Flualprazolam ist bekannt f\u00fcr seine stark sedierende, euphorisierende und muskelentspannende Wirkung. Dosierung<\/p>","protected":false},"featured_media":10289,"comment_status":"open","ping_status":"closed","template":"","meta":{"_seopress_robots_primary_cat":"none","_seopress_titles_title":"Flualprazolam Kaufen %%sep%% %%sitetitle%%","_seopress_titles_desc":"Flualprazolam ist ein neues synthetisches Benzodiazepin. Flualprazolam ist bekannt f\u00fcr seine stark sedierende, euphorisierende und muskelentspannende Wirkung.","_seopress_robots_index":""},"product_brand":[],"product_cat":[140],"product_tag":[],"class_list":{"0":"post-164","1":"product","2":"type-product","3":"status-publish","4":"has-post-thumbnail","6":"product_cat-forschungschemikalien","8":"first","9":"instock","10":"taxable","11":"shipping-taxable","12":"purchasable","13":"product-type-variable"},"_links":{"self":[{"href":"https:\/\/rc-chemlab.net\/es\/wp-json\/wp\/v2\/product\/164","targetHints":{"allow":["GET"]}}],"collection":[{"href":"https:\/\/rc-chemlab.net\/es\/wp-json\/wp\/v2\/product"}],"about":[{"href":"https:\/\/rc-chemlab.net\/es\/wp-json\/wp\/v2\/types\/product"}],"replies":[{"embeddable":true,"href":"https:\/\/rc-chemlab.net\/es\/wp-json\/wp\/v2\/comments?post=164"}],"version-history":[{"count":3,"href":"https:\/\/rc-chemlab.net\/es\/wp-json\/wp\/v2\/product\/164\/revisions"}],"predecessor-version":[{"id":10290,"href":"https:\/\/rc-chemlab.net\/es\/wp-json\/wp\/v2\/product\/164\/revisions\/10290"}],"wp:featuredmedia":[{"embeddable":true,"href":"https:\/\/rc-chemlab.net\/es\/wp-json\/wp\/v2\/media\/10289"}],"wp:attachment":[{"href":"https:\/\/rc-chemlab.net\/es\/wp-json\/wp\/v2\/media?parent=164"}],"wp:term":[{"taxonomy":"product_brand","embeddable":true,"href":"https:\/\/rc-chemlab.net\/es\/wp-json\/wp\/v2\/product_brand?post=164"},{"taxonomy":"product_cat","embeddable":true,"href":"https:\/\/rc-chemlab.net\/es\/wp-json\/wp\/v2\/product_cat?post=164"},{"taxonomy":"product_tag","embeddable":true,"href":"https:\/\/rc-chemlab.net\/es\/wp-json\/wp\/v2\/product_tag?post=164"}],"curies":[{"name":"wp","href":"https:\/\/api.w.org\/{rel}","templated":true}]}}