{"id":162,"date":"2020-03-16T09:08:51","date_gmt":"2020-03-16T09:08:51","guid":{"rendered":"https:\/\/demo.creativethemes.com\/blocksy\/modern-shop\/?post_type=product&#038;p=162"},"modified":"2024-06-15T13:25:32","modified_gmt":"2024-06-15T13:25:32","slug":"4f-adb-kaufen","status":"publish","type":"product","link":"https:\/\/rc-chemlab.net\/es\/product\/4f-adb-kaufen\/","title":{"rendered":"4F-ADB"},"content":{"rendered":"<h1>Comprar 4F-ADB<\/h1>\n<h2>\u00bfQu\u00e9 es el polvo 4F-ADB?<\/h2>\n<p>El 4F-ADB es un cannabinoide sint\u00e9tico a base de indazol. Tiene un fuerte efecto sobre los receptores cannabinoides. Es muy similar a otros cannabinoides sint\u00e9ticos como el 5F-ADB. Para experimentar con este cannabinoide, s\u00f3lo necesitas peque\u00f1as dosis.<\/p>\n<p>Esto se debe a lo fuerte que es esta sustancia qu\u00edmica. Sigue atentamente las normas de seguridad para evitar experimentos.<\/p>\n<h2>Comprar 4F-ADB<\/h2>\n<p>Rc-Chemlab vende 4F-ADB de la mejor calidad. El 4F-ADB que ofrecemos est\u00e1 disponible en forma de polvo. Para comprar 4F-ADB de nosotros, usted debe tener al menos 18 a\u00f1os de edad.<\/p>\n<p>El producto no est\u00e1 destinado a seres humanos ni animales. Se ha desarrollado \u00fanicamente con fines experimentales. Adem\u00e1s, la compra debe realizarse respetando plenamente la legislaci\u00f3n nacional de su pa\u00eds.<\/p>\n<h2>Estatuto jur\u00eddico de los 4F-ADB<\/h2>\n<p>La 4F-ADB es actualmente desconocida en muchos pa\u00edses y, por tanto, legal en muchos lugares. Sin embargo, podr\u00eda considerarse un an\u00e1logo del 5F-ADB, lo que podr\u00eda hacerlo ilegal en pa\u00edses con estrictas leyes sobre an\u00e1logos, como Estados Unidos. Si desea m\u00e1s informaci\u00f3n, p\u00f3ngase en contacto con<a href=\"https:\/\/rc-chemlab.net\/es\/kontakt\/\"> Contacte con nosotros<\/a> en.<\/p>","protected":false},"excerpt":{"rendered":"<p>4F-ADB kaufen Was ist 4F-ADB Pulver? 4F-ADB ist ein synthetisches Indazol-basiertes Cannabinoid. Es wirkt sich stark auf die Cannabinoidrezeptoren aus.<\/p>","protected":false},"featured_media":10269,"comment_status":"open","ping_status":"closed","template":"","meta":{"_seopress_robots_primary_cat":"none","_seopress_titles_title":"4F-ADB kaufen %%sep%% %%sitetitle%%","_seopress_titles_desc":"4F-ADB kaufen - 4F-ADB ist ein synthetisches Indazol-basiertes Cannabinoid. Es wirkt sich stark auf die Cannabinoidrezeptoren aus.","_seopress_robots_index":""},"product_brand":[],"product_cat":[140],"product_tag":[],"class_list":{"0":"post-162","1":"product","2":"type-product","3":"status-publish","4":"has-post-thumbnail","6":"product_cat-forschungschemikalien","8":"first","9":"instock","10":"featured","11":"taxable","12":"shipping-taxable","13":"purchasable","14":"product-type-variable"},"_links":{"self":[{"href":"https:\/\/rc-chemlab.net\/es\/wp-json\/wp\/v2\/product\/162","targetHints":{"allow":["GET"]}}],"collection":[{"href":"https:\/\/rc-chemlab.net\/es\/wp-json\/wp\/v2\/product"}],"about":[{"href":"https:\/\/rc-chemlab.net\/es\/wp-json\/wp\/v2\/types\/product"}],"replies":[{"embeddable":true,"href":"https:\/\/rc-chemlab.net\/es\/wp-json\/wp\/v2\/comments?post=162"}],"version-history":[{"count":2,"href":"https:\/\/rc-chemlab.net\/es\/wp-json\/wp\/v2\/product\/162\/revisions"}],"predecessor-version":[{"id":10270,"href":"https:\/\/rc-chemlab.net\/es\/wp-json\/wp\/v2\/product\/162\/revisions\/10270"}],"wp:featuredmedia":[{"embeddable":true,"href":"https:\/\/rc-chemlab.net\/es\/wp-json\/wp\/v2\/media\/10269"}],"wp:attachment":[{"href":"https:\/\/rc-chemlab.net\/es\/wp-json\/wp\/v2\/media?parent=162"}],"wp:term":[{"taxonomy":"product_brand","embeddable":true,"href":"https:\/\/rc-chemlab.net\/es\/wp-json\/wp\/v2\/product_brand?post=162"},{"taxonomy":"product_cat","embeddable":true,"href":"https:\/\/rc-chemlab.net\/es\/wp-json\/wp\/v2\/product_cat?post=162"},{"taxonomy":"product_tag","embeddable":true,"href":"https:\/\/rc-chemlab.net\/es\/wp-json\/wp\/v2\/product_tag?post=162"}],"curies":[{"name":"wp","href":"https:\/\/api.w.org\/{rel}","templated":true}]}}