{"id":159,"date":"2020-03-16T09:03:45","date_gmt":"2020-03-16T09:03:45","guid":{"rendered":"https:\/\/demo.creativethemes.com\/blocksy\/modern-shop\/?post_type=product&#038;p=159"},"modified":"2024-09-17T01:32:26","modified_gmt":"2024-09-17T01:32:26","slug":"3-fpm-kaufen","status":"publish","type":"product","link":"https:\/\/rc-chemlab.net\/es\/product\/3-fpm-kaufen\/","title":{"rendered":"3-FPM"},"content":{"rendered":"<h1>Compra 3-FPM<\/h1>\n<h2>\u00bfQu\u00e9 es 3-FPM?<\/h2>\n<p>3FPM es la abreviatura de <a href=\"https:\/\/psychonautwiki.org\/wiki\/3-fpm\">3-Fluorofenmetrazina<\/a>. 3-FPM es un estimulante qu\u00edmico con fines de investigaci\u00f3n. La 3-FPM es una clase qu\u00edmica de la fenilmorfolina. Los resultados experimentales con 3-FPM son generalmente muy similares y casi id\u00e9nticos a los de la anfetamina.<\/p>\n<p>Los experimentos con 3-FPM suelen producir un aumento de la concentraci\u00f3n y la motivaci\u00f3n, aceleraci\u00f3n del pensamiento y euforia. Sin embargo, estos resultados suelen describirse como menos intensos que los de la anfetamina u otros estimulantes. Como resultado de la reducci\u00f3n de las dosis de 3-FPM, hubo dos resultados menos presentes: el nerviosismo y el insomnio.<\/p>\n<h2>\u00bfD\u00f3nde se puede comprar 3-FPM?<\/h2>\n<p>En Chemical Planet ofrecemos un excelente 3-FPM. Nuestro 3-FPM est\u00e1 disponible en gr\u00e1nulos y en polvo. Tenemos la soluci\u00f3n para cualquier condici\u00f3n qu\u00edmica que prefiera.<br \/>\nEl 3-FPM que vendemos est\u00e1 destinado \u00fanicamente a fines de investigaci\u00f3n. No est\u00e1 destinado al uso en interiores. Adem\u00e1s, usted debe tener al menos 18 a\u00f1os de edad para comprar 3-FPM de nosotros y debe cumplir plenamente con la legislaci\u00f3n nacional.<\/p>\n<h2>3-FPM estatuto jur\u00eddico<\/h2>\n<p>Es ilegal comprar, vender o poseer 3-FPM en Israel, Suiza y Estados Unidos. En el Reino Unido, se considera el equivalente de la fenmetracina, que, cuando se utiliza para consumo humano, es una droga de la Lista II.<\/p>\n<p>Gu\u00e1rdelo siempre en un lugar fresco y seco para que dure lo m\u00e1ximo posible. Este producto est\u00e1 destinado exclusivamente a fines forenses y de investigaci\u00f3n. Por lo tanto, NO est\u00e1 destinado al consumo humano ni a pruebas in vivo de ning\u00fan tipo en animales u organismos vivos. Si desea m\u00e1s informaci\u00f3n, p\u00f3ngase en contacto con <a href=\"https:\/\/rc-chemlab.net\/es\/kontakt\/\">Contacte con nosotros<\/a> en.<\/p>","protected":false},"excerpt":{"rendered":"<p>3-FPM-Kaufen Was ist 3-FPM? 3FPM ist die Abk\u00fcrzung f\u00fcr 3-Fluorophenmetrazin. 3-FPM ist ein chemisches Stimulans f\u00fcr Forschungszwecke. 3-FPM ist eine<\/p>","protected":false},"featured_media":10264,"comment_status":"open","ping_status":"closed","template":"","meta":{"_seopress_robots_primary_cat":"none","_seopress_titles_title":"3-FPM-Kaufen %%sep%% %%sitetitle%%","_seopress_titles_desc":"3-FPM-Kaufen - 3FPM ist die Abk\u00fcrzung f\u00fcr 3-Fluorophenmetrazin. 3-FPM ist ein chemisches Stimulans f\u00fcr Forschungszwecke.","_seopress_robots_index":""},"product_brand":[],"product_cat":[140],"product_tag":[],"class_list":{"0":"post-159","1":"product","2":"type-product","3":"status-publish","4":"has-post-thumbnail","6":"product_cat-forschungschemikalien","8":"first","9":"instock","10":"featured","11":"taxable","12":"shipping-taxable","13":"purchasable","14":"product-type-variable"},"_links":{"self":[{"href":"https:\/\/rc-chemlab.net\/es\/wp-json\/wp\/v2\/product\/159","targetHints":{"allow":["GET"]}}],"collection":[{"href":"https:\/\/rc-chemlab.net\/es\/wp-json\/wp\/v2\/product"}],"about":[{"href":"https:\/\/rc-chemlab.net\/es\/wp-json\/wp\/v2\/types\/product"}],"replies":[{"embeddable":true,"href":"https:\/\/rc-chemlab.net\/es\/wp-json\/wp\/v2\/comments?post=159"}],"version-history":[{"count":4,"href":"https:\/\/rc-chemlab.net\/es\/wp-json\/wp\/v2\/product\/159\/revisions"}],"predecessor-version":[{"id":10266,"href":"https:\/\/rc-chemlab.net\/es\/wp-json\/wp\/v2\/product\/159\/revisions\/10266"}],"wp:featuredmedia":[{"embeddable":true,"href":"https:\/\/rc-chemlab.net\/es\/wp-json\/wp\/v2\/media\/10264"}],"wp:attachment":[{"href":"https:\/\/rc-chemlab.net\/es\/wp-json\/wp\/v2\/media?parent=159"}],"wp:term":[{"taxonomy":"product_brand","embeddable":true,"href":"https:\/\/rc-chemlab.net\/es\/wp-json\/wp\/v2\/product_brand?post=159"},{"taxonomy":"product_cat","embeddable":true,"href":"https:\/\/rc-chemlab.net\/es\/wp-json\/wp\/v2\/product_cat?post=159"},{"taxonomy":"product_tag","embeddable":true,"href":"https:\/\/rc-chemlab.net\/es\/wp-json\/wp\/v2\/product_tag?post=159"}],"curies":[{"name":"wp","href":"https:\/\/api.w.org\/{rel}","templated":true}]}}