{"id":157,"date":"2020-03-16T09:02:10","date_gmt":"2020-03-16T09:02:10","guid":{"rendered":"https:\/\/demo.creativethemes.com\/blocksy\/modern-shop\/?post_type=product&#038;p=157"},"modified":"2024-11-16T20:01:58","modified_gmt":"2024-11-16T20:01:58","slug":"3-fma-kaufen","status":"publish","type":"product","link":"https:\/\/rc-chemlab.net\/es\/product\/3-fma-kaufen\/","title":{"rendered":"3-FMA"},"content":{"rendered":"<h1>3-FMA Comprar<\/h1>\n<h2><strong><span data-contrast=\"auto\">\u00bfQu\u00e9 es la 3-FMA?<\/span><\/strong><\/h2>\n<p>La 3-FMA es una sustancia qu\u00edmica de investigaci\u00f3n de la clase de las anfetaminas sustituidas. Las estructuras qu\u00edmicas de la 3-FMA y la 4-FMA son muy similares a las de la 2-FMA, la 3-FA, la 4-FMA y la 4-FA. 3-FMA es la abreviatura de 3-fluorometanfetamina. A\u00fan no hay muchos informes sobre los resultados de los experimentos con este producto qu\u00edmico de investigaci\u00f3n, ya que es muy nuevo.<\/p>\n<p>Por lo tanto, se deben observar medidas de seguridad al experimentar con ella. Sin embargo, informes anteriores han demostrado que la 3-FMA proporciona estimulaci\u00f3n, potenciaci\u00f3n t\u00e1ctica, euforia cognitiva, distorsi\u00f3n del tiempo, aceleraci\u00f3n de los procesos de pensamiento, estado de alerta, potenciaci\u00f3n de la motivaci\u00f3n y potenciaci\u00f3n del an\u00e1lisis. Cuando experimente con 3-FMA, aseg\u00farese de llevar gafas de seguridad.<\/p>\n<h2><strong><span data-contrast=\"auto\">\u00bfD\u00f3nde se puede comprar 3-FMA?<\/span><\/strong><\/h2>\n<p>En Chemical Planet vendemos las mejores calidades de 3-FMA. Nuestro 3-FMA se suministra normalmente en forma de polvo. Sin embargo, a veces disponemos de formatos alternativos. As\u00ed que si desea comprar 3-FMA en una forma diferente, no dude en ponerse en contacto con nosotros.<\/p>\n<p>Para comprarnos 3-FMA, debe tener al menos 18 a\u00f1os y cumplir \u00edntegramente las leyes de su pa\u00eds. Aceptamos tanto Bitcoin como las principales tarjetas de cr\u00e9dito como m\u00e9todos de pago. El env\u00edo en el mismo d\u00eda est\u00e1 disponible en muchos pa\u00edses.<\/p>\n<h2><strong><span data-contrast=\"auto\">3-FMA Legalidad<\/span><\/strong><\/h2>\n<p>En EE.UU., la 3-FMA es probablemente ilegal, ya que es un an\u00e1logo de la anfetamina. En el Reino Unido, la 3-FMA se considera una droga de clase A. En Canad\u00e1, la 3-FMA es una droga de la Lista 1. En China, la 3-FMA se considera una sustancia controlada. En Nueva Zelanda, la 3-FMA es un an\u00e1logo de la anfetamina y es ilegal. En Alemania es una sustancia controlada. Si desea m\u00e1s informaci\u00f3n, p\u00f3ngase en contacto con <a href=\"https:\/\/rc-chemlab.net\/es\/kontakt\/\">P\u00f3ngase en contacto con nosotros<\/a> con nosotros.<\/p>","protected":false},"excerpt":{"rendered":"<p>3-FMA Kaufen Was ist 3-FMA? 3-FMA ist eine Forschungschemikalie der substituierten Amphetamine-Klasse. Die chemischen Strukturen von 3-FMA und 4-FMA \u00e4hneln<\/p>","protected":false},"featured_media":10260,"comment_status":"open","ping_status":"closed","template":"","meta":{"_seopress_robots_primary_cat":"none","_seopress_titles_title":"3-FMA kaufen %%sep%% %%sitetitle%%","_seopress_titles_desc":"3-FMA kaufen - 3-FMA ist eine Forschungschemikalie der substituierten Amphetamine-Klasse.","_seopress_robots_index":""},"product_brand":[],"product_cat":[140],"product_tag":[],"class_list":{"0":"post-157","1":"product","2":"type-product","3":"status-publish","4":"has-post-thumbnail","6":"product_cat-forschungschemikalien","8":"first","9":"instock","10":"featured","11":"taxable","12":"shipping-taxable","13":"purchasable","14":"product-type-variable"},"_links":{"self":[{"href":"https:\/\/rc-chemlab.net\/es\/wp-json\/wp\/v2\/product\/157","targetHints":{"allow":["GET"]}}],"collection":[{"href":"https:\/\/rc-chemlab.net\/es\/wp-json\/wp\/v2\/product"}],"about":[{"href":"https:\/\/rc-chemlab.net\/es\/wp-json\/wp\/v2\/types\/product"}],"replies":[{"embeddable":true,"href":"https:\/\/rc-chemlab.net\/es\/wp-json\/wp\/v2\/comments?post=157"}],"version-history":[{"count":3,"href":"https:\/\/rc-chemlab.net\/es\/wp-json\/wp\/v2\/product\/157\/revisions"}],"predecessor-version":[{"id":10261,"href":"https:\/\/rc-chemlab.net\/es\/wp-json\/wp\/v2\/product\/157\/revisions\/10261"}],"wp:featuredmedia":[{"embeddable":true,"href":"https:\/\/rc-chemlab.net\/es\/wp-json\/wp\/v2\/media\/10260"}],"wp:attachment":[{"href":"https:\/\/rc-chemlab.net\/es\/wp-json\/wp\/v2\/media?parent=157"}],"wp:term":[{"taxonomy":"product_brand","embeddable":true,"href":"https:\/\/rc-chemlab.net\/es\/wp-json\/wp\/v2\/product_brand?post=157"},{"taxonomy":"product_cat","embeddable":true,"href":"https:\/\/rc-chemlab.net\/es\/wp-json\/wp\/v2\/product_cat?post=157"},{"taxonomy":"product_tag","embeddable":true,"href":"https:\/\/rc-chemlab.net\/es\/wp-json\/wp\/v2\/product_tag?post=157"}],"curies":[{"name":"wp","href":"https:\/\/api.w.org\/{rel}","templated":true}]}}