{"id":155,"date":"2020-03-16T09:00:48","date_gmt":"2020-03-16T09:00:48","guid":{"rendered":"https:\/\/demo.creativethemes.com\/blocksy\/modern-shop\/?post_type=product&#038;p=155"},"modified":"2024-04-11T16:43:03","modified_gmt":"2024-04-11T16:43:03","slug":"2-mmc-kaufen","status":"publish","type":"product","link":"https:\/\/rc-chemlab.net\/es\/product\/2-mmc-kaufen\/","title":{"rendered":"2-MMC"},"content":{"rendered":"<h1>Comprar 2-MMC<\/h1>\n<h2><strong>\u00bfQu\u00e9 es 2-MMC?<\/strong><\/h2>\n<p>La 2-MMC es un producto qu\u00edmico de investigaci\u00f3n que, al igual que la MDPHP, <a href=\"https:\/\/rc-chemlab.net\/es\/product\/3-cmc-kaufen-deutschland\/\">3-CMC<\/a> y el 5-MMPA (mefedreno) se clasifica como catinona.<\/p>\n<p>La droga se notific\u00f3 por primera vez en Suecia en 2014 y desde entonces ha aparecido en otros pa\u00edses europeos. La droga tiene varios efectos muy similares a los de la mefedrona. La 2-MMC tiene el potencial de ser un ingrediente muy importante para la producci\u00f3n de <a href=\"https:\/\/en.wikipedia.org\/wiki\/4-Methylcathinone#:~:text=4%2DMethylcathinone%20(also%20known%20as,mephedrone%20(4%2Dmethylmethcathinone).\">4-metil-MC<\/a> ser.<\/p>\n<p>Los efectos toxicol\u00f3gicos de esta sustancia qu\u00edmica a\u00fan no se han investigado a fondo, por lo que s\u00f3lo debe utilizarse con fines de investigaci\u00f3n.<\/p>\n<h2><strong>Descargo de responsabilidad<\/strong><\/h2>\n<p>Vendemos 2-MMC s\u00f3lo con fines de investigaci\u00f3n. Este producto no debe utilizarse en seres humanos ni en animales. Tambi\u00e9n aconsejamos encarecidamente a nuestros clientes que tomen las medidas de protecci\u00f3n adecuadas al manipular este producto qu\u00edmico, como el uso de mascarillas, guantes y otros equipos de protecci\u00f3n.<\/p>\n<h2><strong>\u00bfEs legal la 2-MMC?<\/strong><\/h2>\n<p>En cuanto a la legalidad, recomendamos encarecidamente a nuestros clientes que consulten con las autoridades competentes la legalidad de 2-MMC en su pa\u00eds de residencia o de entrega. Hemos impuesto restricciones estrictas para evitar cualquier complicaci\u00f3n legal a nuestros clientes. Sin embargo, debido a los cambios en la legislaci\u00f3n de las distintas regiones, no aceptamos ninguna responsabilidad por las consecuencias legales que puedan surgir. En \u00faltima instancia, es responsabilidad exclusiva de nuestros clientes asegurarse de que no infringen ninguna ley al comprar este producto qu\u00edmico.<\/p>\n<h2><strong>\u00bfD\u00f3nde puedo comprar 2-MMC?<\/strong><\/h2>\n<p>En Chemical Planet estamos orgullosos de ser uno de los mejores proveedores de productos qu\u00edmicos de investigaci\u00f3n de alta calidad de la UE. La 2-MMC est\u00e1 disponible en forma cristalina y se vende \u00fanicamente para uso en investigaci\u00f3n. No se vende para su uso en humanos o animales. S\u00f3lo las personas mayores de 18 a\u00f1os pueden comprar este producto de nosotros. Para m\u00e1s informaci\u00f3n <a href=\"https:\/\/rc-chemlab.net\/es\/kontakt\/\">p\u00f3ngase en contacto con<\/a> por favor <a href=\"https:\/\/rc-chemlab.net\/es\/kontakt\/\">a nosotros<\/a>.<\/p>","protected":false},"excerpt":{"rendered":"<p>2-MMC Kaufen Was ist 2-MMC? 2-MMC ist eine Forschungschemikalie, die wie MDPHP, 3-CMC und 5-MMPA (Mephedren) als Cathinon kategorisiert wird.<\/p>","protected":false},"featured_media":10254,"comment_status":"open","ping_status":"closed","template":"","meta":{"_seopress_robots_primary_cat":"none","_seopress_titles_title":"2-MMC Kaufen %%sep%% %%sitetitle%%","_seopress_titles_desc":"2-MMC ist eine Forschungschemikalie, die wie MDPHP, 3-CMC und 5-MMPA (Mephedren) als Cathinon kategorisiert wird.","_seopress_robots_index":""},"product_brand":[],"product_cat":[140],"product_tag":[],"class_list":{"0":"post-155","1":"product","2":"type-product","3":"status-publish","4":"has-post-thumbnail","6":"product_cat-forschungschemikalien","8":"first","9":"instock","10":"featured","11":"taxable","12":"shipping-taxable","13":"purchasable","14":"product-type-variable"},"_links":{"self":[{"href":"https:\/\/rc-chemlab.net\/es\/wp-json\/wp\/v2\/product\/155","targetHints":{"allow":["GET"]}}],"collection":[{"href":"https:\/\/rc-chemlab.net\/es\/wp-json\/wp\/v2\/product"}],"about":[{"href":"https:\/\/rc-chemlab.net\/es\/wp-json\/wp\/v2\/types\/product"}],"replies":[{"embeddable":true,"href":"https:\/\/rc-chemlab.net\/es\/wp-json\/wp\/v2\/comments?post=155"}],"version-history":[{"count":2,"href":"https:\/\/rc-chemlab.net\/es\/wp-json\/wp\/v2\/product\/155\/revisions"}],"predecessor-version":[{"id":10256,"href":"https:\/\/rc-chemlab.net\/es\/wp-json\/wp\/v2\/product\/155\/revisions\/10256"}],"wp:featuredmedia":[{"embeddable":true,"href":"https:\/\/rc-chemlab.net\/es\/wp-json\/wp\/v2\/media\/10254"}],"wp:attachment":[{"href":"https:\/\/rc-chemlab.net\/es\/wp-json\/wp\/v2\/media?parent=155"}],"wp:term":[{"taxonomy":"product_brand","embeddable":true,"href":"https:\/\/rc-chemlab.net\/es\/wp-json\/wp\/v2\/product_brand?post=155"},{"taxonomy":"product_cat","embeddable":true,"href":"https:\/\/rc-chemlab.net\/es\/wp-json\/wp\/v2\/product_cat?post=155"},{"taxonomy":"product_tag","embeddable":true,"href":"https:\/\/rc-chemlab.net\/es\/wp-json\/wp\/v2\/product_tag?post=155"}],"curies":[{"name":"wp","href":"https:\/\/api.w.org\/{rel}","templated":true}]}}