{"id":1375,"date":"2023-06-08T03:07:20","date_gmt":"2023-06-08T03:07:20","guid":{"rendered":"https:\/\/rc-chemlab.net\/?post_type=product&#038;p=1375"},"modified":"2024-04-16T02:02:41","modified_gmt":"2024-04-16T02:02:41","slug":"o-dsmt-kaufen","status":"publish","type":"product","link":"https:\/\/rc-chemlab.net\/es\/product\/o-dsmt-kaufen\/","title":{"rendered":"O-DSMT"},"content":{"rendered":"<h1><span class=\"___SText_mzmpq-ko_\" data-ui-name=\"Link.Text\">Comprar O-DSMT<\/span><\/h1>\n<p>O-desmetiltramadol (tambi\u00e9n conocido como O-DSMT y <a href=\"https:\/\/en.wikipedia.org\/wiki\/Desmetramadol\">Desmetramadol<\/a>) es un metabolito activo del tramadol y s\u00f3lo debe utilizarse con fines de investigaci\u00f3n.<\/p>\n<h2>Efectos O-DSMT<\/h2>\n<ul>\n<li>euf\u00f3rico<\/li>\n<li>Calmante<\/li>\n<li>narcotizando<\/li>\n<\/ul>\n<h2>Duraci\u00f3n del efecto y dosis O-DSMT<\/h2>\n<p>Existen pocos datos fiables sobre la ingesta de O-DSMT. Los informes disponibles indican que la duraci\u00f3n del efecto oscila entre 3 y 4 horas. Despertarse puede llevar a veces una hora. As\u00ed que \u00a1cuidado con la dosis!<\/p>\n<p>ATENCI\u00d3N: O-DSMT es una sustancia muy potente, \u00a1no combinar con benzodiacepinas, antidepresivos y alcohol en las pruebas!<\/p>\n<h2>Advertencias de peligro para O-DSMT:<\/h2>\n<p>Puede causar irritaci\u00f3n respiratoria y ocular. No verter nunca RC al medio ambiente.<br \/>\nRecomendaciones de seguridad O-DSMT:<\/p>\n<p>En caso de contacto con los ojos: Aclarar abundantemente con agua durante al menos 10 a 15 minutos, quitar las lentes de contacto si es necesario. En caso de contacto con la piel: Aclarar con agua, si es posible tambi\u00e9n con jab\u00f3n. En caso de inhalaci\u00f3n: Suministrar aire fresco y adoptar posici\u00f3n de respiraci\u00f3n.<\/p>\n<p>No poner en contacto con fuentes de calor. Conservar en un ambiente seco a temperatura ambiente en un recipiente bien cerrado y mantener fuera del alcance de los ni\u00f1os. La buena estabilidad de los secantes en las condiciones mencionadas puede durar hasta 2 a\u00f1os. Si desea m\u00e1s informaci\u00f3n, p\u00f3ngase en contacto con <a href=\"https:\/\/rc-chemlab.net\/es\/kontakt\/\">Contacte con nosotros<\/a> en.<\/p>","protected":false},"excerpt":{"rendered":"<p>O-DSMT kaufen O-Desmethyltramadol (auch bekannt als O-DSMT und Desmetramadol) ist ein aktiver Metabolit von Tramadol und sollte nur zu Forschungszwecken<\/p>","protected":false},"featured_media":10347,"comment_status":"open","ping_status":"closed","template":"","meta":{"_seopress_robots_primary_cat":"none","_seopress_titles_title":"O-DSMT kaufen %%sep%% %%sitetitle%%","_seopress_titles_desc":"O-DSMT kaufen - O-Desmethyltramadol (auch bekannt als O-DSMT und Desmetramadol) ist ein aktiver Metabolit von Tramadol und sollte nur zu Forschungszwecken verwendet werden.","_seopress_robots_index":""},"product_brand":[],"product_cat":[140],"product_tag":[],"class_list":{"0":"post-1375","1":"product","2":"type-product","3":"status-publish","4":"has-post-thumbnail","6":"product_cat-forschungschemikalien","8":"first","9":"instock","10":"taxable","11":"shipping-taxable","12":"purchasable","13":"product-type-variable"},"_links":{"self":[{"href":"https:\/\/rc-chemlab.net\/es\/wp-json\/wp\/v2\/product\/1375","targetHints":{"allow":["GET"]}}],"collection":[{"href":"https:\/\/rc-chemlab.net\/es\/wp-json\/wp\/v2\/product"}],"about":[{"href":"https:\/\/rc-chemlab.net\/es\/wp-json\/wp\/v2\/types\/product"}],"replies":[{"embeddable":true,"href":"https:\/\/rc-chemlab.net\/es\/wp-json\/wp\/v2\/comments?post=1375"}],"version-history":[{"count":1,"href":"https:\/\/rc-chemlab.net\/es\/wp-json\/wp\/v2\/product\/1375\/revisions"}],"predecessor-version":[{"id":10348,"href":"https:\/\/rc-chemlab.net\/es\/wp-json\/wp\/v2\/product\/1375\/revisions\/10348"}],"wp:featuredmedia":[{"embeddable":true,"href":"https:\/\/rc-chemlab.net\/es\/wp-json\/wp\/v2\/media\/10347"}],"wp:attachment":[{"href":"https:\/\/rc-chemlab.net\/es\/wp-json\/wp\/v2\/media?parent=1375"}],"wp:term":[{"taxonomy":"product_brand","embeddable":true,"href":"https:\/\/rc-chemlab.net\/es\/wp-json\/wp\/v2\/product_brand?post=1375"},{"taxonomy":"product_cat","embeddable":true,"href":"https:\/\/rc-chemlab.net\/es\/wp-json\/wp\/v2\/product_cat?post=1375"},{"taxonomy":"product_tag","embeddable":true,"href":"https:\/\/rc-chemlab.net\/es\/wp-json\/wp\/v2\/product_tag?post=1375"}],"curies":[{"name":"wp","href":"https:\/\/api.w.org\/{rel}","templated":true}]}}