{"id":1348,"date":"2023-06-08T02:32:49","date_gmt":"2023-06-08T02:32:49","guid":{"rendered":"https:\/\/rc-chemlab.net\/?post_type=product&#038;p=1348"},"modified":"2024-04-16T01:56:02","modified_gmt":"2024-04-16T01:56:02","slug":"alpha-php-bestellen","status":"publish","type":"product","link":"https:\/\/rc-chemlab.net\/es\/product\/alpha-php-bestellen\/","title":{"rendered":"Alfa-PHP"},"content":{"rendered":"<h1><span class=\"___SText_mzmpq-ko_\" data-ui-name=\"Link.Text\">Pedido Alpha PHP<\/span><\/h1>\n<p>Ingredientes activos en a-PHP Contiene 1000 mg al menos 99 % de a-PHP puro (polvo puro) por unidad de pedido.<\/p>\n<p><a href=\"https:\/\/en.wikipedia.org\/wiki\/Alpha-Pyrrolidinohexiophenone\">alfa-pirrolidinohexiofenona<\/a> o \u03b1-PHP \/ alfa-PHP \/ a-PHP es una superior, sintetizada por primera vez en los a\u00f1os 60, que pertenece a las catinonas y est\u00e1 muy estrechamente relacionada con el alfa-PVP (a-PVP, \u03b1-PVP) y la pirovalerona. a-PHP pertenece no s\u00f3lo a las catinonas, sino tambi\u00e9n a las pirovaleronas.<\/p>\n<p>Entre los consumidores, la a-PHP se considera uno de los an\u00e1logos m\u00e1s potentes de la pirovalerona, comparable a la a-PVP o la MDPV.<\/p>\n<h2>Dosificaci\u00f3n de a-PHP<\/h2>\n<p>No existe una dosis recomendada, ya que el a-PHP no est\u00e1 destinado al consumo humano, sino que s\u00f3lo se vende con fines de investigaci\u00f3n cient\u00edfica.<\/p>\n<h2>Efectos de a-PHP:<\/h2>\n<p>Los efectos cl\u00ednicos de la mayor\u00eda de las nuevas drogas de dise\u00f1o, como la a-PHP, pueden describirse como alucin\u00f3genos, estimulantes u opi\u00e1ceos. Al sustituir las cadenas laterales por drogas de dise\u00f1o, a menudo se consigue una combinaci\u00f3n de estos efectos. Los informes de experiencias correspondientes con a-PHP se pueden encontrar en abundancia en foros relevantes y a trav\u00e9s de motores de b\u00fasqueda.<\/p>\n<h2>Efectos secundarios de a-PHP<\/h2>\n<p>Al igual que ocurre con otras drogas de dise\u00f1o, el consumo de a-PHP puede provocar graves efectos secundarios; \u00a1la sustancia no ha sido probada cl\u00ednicamente ni aprobada como producto para el consumo humano! a-PHP no se recomienda, por tanto, para el consumo humano, \u00a1s\u00f3lo para investigaci\u00f3n y pruebas cient\u00edficas!<\/p>\n<h2>Almacenamiento y caducidad de a-PHP<\/h2>\n<p>Guarde siempre a-PHP a menos de 30 grados Celsius y en el embalaje original. Prot\u00e9jalo de la luz solar directa y de la humedad. La vida \u00fatil del principio activo es de al menos 1 a\u00f1o si se almacena correctamente. Si desea m\u00e1s informaci\u00f3n, p\u00f3ngase en contacto con <a href=\"https:\/\/rc-chemlab.net\/es\/kontakt\/\">Contacte con nosotros<\/a> en.<\/p>","protected":false},"excerpt":{"rendered":"<p>Alpha PHP Bestellen Wirkstoffe in a-PHP Enth\u00e4lt 1000 mg mindestens 99 % reines a-PHP (Pulver rein) pro Bestelleinheit. alpha-Pyrrolidinohexiophenon oder<\/p>","protected":false},"featured_media":10336,"comment_status":"open","ping_status":"closed","template":"","meta":{"_seopress_robots_primary_cat":"none","_seopress_titles_title":"Alpha PHP Bestellen %%sep%% %%sitetitle%%","_seopress_titles_desc":"Alpha PHP Bestellen - Wirkstoffe in a-PHP Enth\u00e4lt 1000 mg mindestens 99 % reines a-PHP (Pulver rein) pro Bestelleinheit.","_seopress_robots_index":""},"product_brand":[],"product_cat":[140],"product_tag":[],"class_list":{"0":"post-1348","1":"product","2":"type-product","3":"status-publish","4":"has-post-thumbnail","6":"product_cat-forschungschemikalien","8":"first","9":"instock","10":"taxable","11":"shipping-taxable","12":"purchasable","13":"product-type-variable"},"_links":{"self":[{"href":"https:\/\/rc-chemlab.net\/es\/wp-json\/wp\/v2\/product\/1348","targetHints":{"allow":["GET"]}}],"collection":[{"href":"https:\/\/rc-chemlab.net\/es\/wp-json\/wp\/v2\/product"}],"about":[{"href":"https:\/\/rc-chemlab.net\/es\/wp-json\/wp\/v2\/types\/product"}],"replies":[{"embeddable":true,"href":"https:\/\/rc-chemlab.net\/es\/wp-json\/wp\/v2\/comments?post=1348"}],"version-history":[{"count":1,"href":"https:\/\/rc-chemlab.net\/es\/wp-json\/wp\/v2\/product\/1348\/revisions"}],"predecessor-version":[{"id":10337,"href":"https:\/\/rc-chemlab.net\/es\/wp-json\/wp\/v2\/product\/1348\/revisions\/10337"}],"wp:featuredmedia":[{"embeddable":true,"href":"https:\/\/rc-chemlab.net\/es\/wp-json\/wp\/v2\/media\/10336"}],"wp:attachment":[{"href":"https:\/\/rc-chemlab.net\/es\/wp-json\/wp\/v2\/media?parent=1348"}],"wp:term":[{"taxonomy":"product_brand","embeddable":true,"href":"https:\/\/rc-chemlab.net\/es\/wp-json\/wp\/v2\/product_brand?post=1348"},{"taxonomy":"product_cat","embeddable":true,"href":"https:\/\/rc-chemlab.net\/es\/wp-json\/wp\/v2\/product_cat?post=1348"},{"taxonomy":"product_tag","embeddable":true,"href":"https:\/\/rc-chemlab.net\/es\/wp-json\/wp\/v2\/product_tag?post=1348"}],"curies":[{"name":"wp","href":"https:\/\/api.w.org\/{rel}","templated":true}]}}