{"id":1340,"date":"2023-06-07T03:47:53","date_gmt":"2023-06-07T03:47:53","guid":{"rendered":"https:\/\/rc-chemlab.net\/?post_type=product&#038;p=1340"},"modified":"2024-04-16T01:49:53","modified_gmt":"2024-04-16T01:49:53","slug":"a-pihp","status":"publish","type":"product","link":"https:\/\/rc-chemlab.net\/es\/product\/a-pihp\/","title":{"rendered":"A PiHP"},"content":{"rendered":"<h1>A PiHP<\/h1>\n<p>\u03b1-PHiP, tambi\u00e9n denominada com\u00fanmente <a href=\"https:\/\/en.wikipedia.org\/wiki\/%CE%91-PHiP\">Alfa-PHiP<\/a> es un compuesto de la clase de las catinonas y un is\u00f3mero estructural del compuesto de origen pirovalerona, que se ha recetado ampliamente en las \u00faltimas d\u00e9cadas para el tratamiento del letargo, la somnolencia y la fatiga cr\u00f3nica.<\/p>\n<p>Tambi\u00e9n es muy similar a otros compuestos m\u00e1s conocidos, el A-PHP y la MDPV, sustancias que producen una sensaci\u00f3n de euforia cuando se ingieren.<\/p>\n<p>Aunque la estructura de la \u03b1-PHiP es similar a la de compuestos que han sido probados y aprobados para el consumo humano, la \u03b1-PHiP s\u00f3lo tiene fines de investigaci\u00f3n y no est\u00e1 destinada al consumo humano.<\/p>\n<h2>Propiedades qu\u00edmicas de la \u03b1-PHiP<\/h2>\n<ul>\n<li>F\u00f3rmula qu\u00edmica: C23H27N3O2<\/li>\n<li>Nombre completo: 4-metil-1-fenil-2-(pirrolidin-1-il) pentan-1-ona<\/li>\n<li>Peso molecular: g \/ mol<\/li>\n<li>Pureza:&gt; 98%<\/li>\n<\/ul>\n<p>Como ya se ha mencionado, la A PiHP es un compuesto de la clase de las catinonas y comparte propiedades qu\u00edmicas con la pirovalerona, m\u00e1s investigada, con la \u00fanica diferencia de un grupo metilo desplazado de la posici\u00f3n 4 del anillo arom\u00e1tico a la posici\u00f3n 4 de la cadena acilo. Al igual que la pirovalerona, cabe esperar que la \u03b1-PHiP produzca euforia, un aumento de la energ\u00eda y una mejora de la concentraci\u00f3n cuando se ingiere, aunque no se han realizado estudios que lo confirmen.<\/p>\n<p>Como ocurre con todas las catinonas psicoactivas, se supone que la \u03b1-PHiP aumenta la liberaci\u00f3n de dopamina e inhibe la recaptaci\u00f3n de adrenalina, noradrenalina y serotonina en el sistema nervioso central.<\/p>\n<p>Cabe se\u00f1alar que todas las catinonas se basan en los compuestos psicoactivos de la planta del khat (Catha edulis), cuyas hojas producen un efecto estimulante en quienes las mastican. El khat se consume de esta forma en muchos pa\u00edses africanos desde hace cientos de a\u00f1os. Todas las sustancias qu\u00edmicas de la familia de las catinonas proceden de esta planta.<\/p>\n<blockquote><p><strong>NOTA:\u00a0<\/strong>\u00a0A diferencia del khat o la pirovalerona, la \u03b1-PHiP no tiene antecedentes de uso humano y s\u00f3lo puede utilizarse con fines de investigaci\u00f3n y no para consumo humano.<\/p><\/blockquote>\n<h2><strong>\u00bfD\u00f3nde comprar?<\/strong><\/h2>\n<p>En\u00a0<span data-contrast=\"none\">nuestro negocio qu\u00edmico<\/span>\u00a0una fuente N1 de confianza, ofrecemos \u03b1-PHiP de alta calidad en calidad de laboratorio en forma de polvo de sal.\u00a0<span data-contrast=\"none\">Nuestra actividad qu\u00edmica<\/span>\u00a0es la primera opci\u00f3n para quienes desean comprar productos qu\u00edmicos de investigaci\u00f3n. Tenga en cuenta que debe tener al menos 18 a\u00f1os para comprar \u03b1-PHiP en\u00a0<span data-contrast=\"none\">nuestro negocio qu\u00edmico<\/span> comprar . Todos los productos qu\u00edmicos de investigaci\u00f3n que se venden son para pruebas y experimentos de laboratorio y no est\u00e1n destinados al consumo humano. Si desea m\u00e1s informaci\u00f3n, p\u00f3ngase en contacto con <a href=\"https:\/\/rc-chemlab.net\/es\/kontakt\/\">Contacte con nosotros<\/a> en.<\/p>","protected":false},"excerpt":{"rendered":"<p>A PiHP \u03b1-PHiP, auch allgemein als Alpha-PHiP bezeichnet, ist eine Verbindung der Cathinon-Klasse und ein Strukturisomer der Ausgangsverbindung Pyrovaleron, die<\/p>","protected":false},"featured_media":10330,"comment_status":"open","ping_status":"closed","template":"","meta":{"_seopress_robots_primary_cat":"none","_seopress_titles_title":"A PiHP %%sep%% %%sitetitle%%","_seopress_titles_desc":"\u03b1-PHiP, auch allgemein als Alpha-PHiP bezeichnet, ist eine Verbindung der Cathinon-Klasse - \u03b1-PHiP, auch allgemein als Alpha-PHiP bezeichnet, ist eine Verbindung der Cathinon-Klasse","_seopress_robots_index":""},"product_brand":[],"product_cat":[140],"product_tag":[],"class_list":{"0":"post-1340","1":"product","2":"type-product","3":"status-publish","4":"has-post-thumbnail","6":"product_cat-forschungschemikalien","8":"first","9":"instock","10":"taxable","11":"shipping-taxable","12":"purchasable","13":"product-type-variable"},"_links":{"self":[{"href":"https:\/\/rc-chemlab.net\/es\/wp-json\/wp\/v2\/product\/1340","targetHints":{"allow":["GET"]}}],"collection":[{"href":"https:\/\/rc-chemlab.net\/es\/wp-json\/wp\/v2\/product"}],"about":[{"href":"https:\/\/rc-chemlab.net\/es\/wp-json\/wp\/v2\/types\/product"}],"replies":[{"embeddable":true,"href":"https:\/\/rc-chemlab.net\/es\/wp-json\/wp\/v2\/comments?post=1340"}],"version-history":[{"count":1,"href":"https:\/\/rc-chemlab.net\/es\/wp-json\/wp\/v2\/product\/1340\/revisions"}],"predecessor-version":[{"id":10331,"href":"https:\/\/rc-chemlab.net\/es\/wp-json\/wp\/v2\/product\/1340\/revisions\/10331"}],"wp:featuredmedia":[{"embeddable":true,"href":"https:\/\/rc-chemlab.net\/es\/wp-json\/wp\/v2\/media\/10330"}],"wp:attachment":[{"href":"https:\/\/rc-chemlab.net\/es\/wp-json\/wp\/v2\/media?parent=1340"}],"wp:term":[{"taxonomy":"product_brand","embeddable":true,"href":"https:\/\/rc-chemlab.net\/es\/wp-json\/wp\/v2\/product_brand?post=1340"},{"taxonomy":"product_cat","embeddable":true,"href":"https:\/\/rc-chemlab.net\/es\/wp-json\/wp\/v2\/product_cat?post=1340"},{"taxonomy":"product_tag","embeddable":true,"href":"https:\/\/rc-chemlab.net\/es\/wp-json\/wp\/v2\/product_tag?post=1340"}],"curies":[{"name":"wp","href":"https:\/\/api.w.org\/{rel}","templated":true}]}}