{"id":1332,"date":"2023-06-05T23:53:41","date_gmt":"2023-06-05T23:53:41","guid":{"rendered":"https:\/\/rc-chemlab.net\/?post_type=product&#038;p=1332"},"modified":"2024-04-16T01:38:04","modified_gmt":"2024-04-16T01:38:04","slug":"4-fma-kaufen","status":"publish","type":"product","link":"https:\/\/rc-chemlab.net\/es\/product\/4-fma-kaufen\/","title":{"rendered":"4-FMA"},"content":{"rendered":"<h1>Comprar 4-FMA<\/h1>\n<p>\u00bfDesea comprar 4-FMA? Todos los productos de Rc-<a href=\"\/es\/\">Chemlab<\/a> se someten a pruebas de laboratorio y son de la m\u00e1xima calidad. Los pedidos se empaquetan discretamente y se env\u00edan en 24 horas. Los pedidos se empaquetan con discreci\u00f3n y se env\u00edan en 24 horas.<\/p>\n<h2>\u00bfQu\u00e9 es la 4-FMA?<\/h2>\n<p>La 4-FMA es una clase de sustancias qu\u00edmicas estrechamente relacionadas con la anfetamina. Es un compuesto fluorado, lo que significa que se ha a\u00f1adido un \u00e1tomo de fl\u00faor a la mol\u00e9cula para alterar sus propiedades. La 4-FMA consiste en un grupo fenilo unido a una mol\u00e9cula de anfetamina. <a href=\"https:\/\/xtcdrogenhaus.com\/Produkt-Kategorie\/amphetamine-kaufen\/\">Anfetamina<\/a> es una sustancia que afecta al cerebro y al sistema nervioso. Aumenta la liberaci\u00f3n de determinadas sustancias qu\u00edmicas cerebrales como la dopamina y la noradrenalina, lo que puede provocar una sensaci\u00f3n de euforia, mayor estado de alerta y energ\u00eda.<\/p>\n<h2>\u00bfD\u00f3nde puedo comprar 4-FMA?<\/h2>\n<p>En Chemlab puede comprar todos los productos qu\u00edmicos para investigaci\u00f3n, y aqu\u00ed tambi\u00e9n puede comprar 4-FMA de la mejor calidad. Esta sustancia se suministra en forma de polvo y est\u00e1 destinada \u00fanicamente para uso en laboratorio, por lo que siempre debe tomar las precauciones de seguridad adecuadas. Nota: la 4-FMA, al igual que otros productos qu\u00edmicos de investigaci\u00f3n, es para uso exclusivo en investigaci\u00f3n y nunca debe ser consumida por humanos, animales u otros seres vivos. No vendemos productos qu\u00edmicos de investigaci\u00f3n a menores de 18 a\u00f1os. Si desea m\u00e1s informaci\u00f3n, p\u00f3ngase en contacto con <a href=\"https:\/\/rc-chemlab.net\/es\/kontakt\/\">Contacte con nosotros<\/a> en.<\/p>","protected":false},"excerpt":{"rendered":"<p>4-FMA kaufen Sie m\u00f6chten 4-FMA kaufen? Alle Produkte von Rc-Chemlab sind laborgepr\u00fcft und von h\u00f6chster Qualit\u00e4t. Die Bestellungen werden diskret<\/p>","protected":false},"featured_media":10327,"comment_status":"open","ping_status":"closed","template":"","meta":{"_seopress_robots_primary_cat":"none","_seopress_titles_title":"4-FMA kaufen %%sep%% %%sitetitle%%","_seopress_titles_desc":"4-FMA kaufen - Sie m\u00f6chten 4-FMA kaufen? Alle Produkte von Rc-Chemlab sind laborgepr\u00fcft und von h\u00f6chster Qualit\u00e4t.","_seopress_robots_index":""},"product_brand":[],"product_cat":[140],"product_tag":[],"class_list":{"0":"post-1332","1":"product","2":"type-product","3":"status-publish","4":"has-post-thumbnail","6":"product_cat-forschungschemikalien","8":"first","9":"instock","10":"taxable","11":"shipping-taxable","12":"purchasable","13":"product-type-variable"},"_links":{"self":[{"href":"https:\/\/rc-chemlab.net\/es\/wp-json\/wp\/v2\/product\/1332","targetHints":{"allow":["GET"]}}],"collection":[{"href":"https:\/\/rc-chemlab.net\/es\/wp-json\/wp\/v2\/product"}],"about":[{"href":"https:\/\/rc-chemlab.net\/es\/wp-json\/wp\/v2\/types\/product"}],"replies":[{"embeddable":true,"href":"https:\/\/rc-chemlab.net\/es\/wp-json\/wp\/v2\/comments?post=1332"}],"version-history":[{"count":2,"href":"https:\/\/rc-chemlab.net\/es\/wp-json\/wp\/v2\/product\/1332\/revisions"}],"predecessor-version":[{"id":10328,"href":"https:\/\/rc-chemlab.net\/es\/wp-json\/wp\/v2\/product\/1332\/revisions\/10328"}],"wp:featuredmedia":[{"embeddable":true,"href":"https:\/\/rc-chemlab.net\/es\/wp-json\/wp\/v2\/media\/10327"}],"wp:attachment":[{"href":"https:\/\/rc-chemlab.net\/es\/wp-json\/wp\/v2\/media?parent=1332"}],"wp:term":[{"taxonomy":"product_brand","embeddable":true,"href":"https:\/\/rc-chemlab.net\/es\/wp-json\/wp\/v2\/product_brand?post=1332"},{"taxonomy":"product_cat","embeddable":true,"href":"https:\/\/rc-chemlab.net\/es\/wp-json\/wp\/v2\/product_cat?post=1332"},{"taxonomy":"product_tag","embeddable":true,"href":"https:\/\/rc-chemlab.net\/es\/wp-json\/wp\/v2\/product_tag?post=1332"}],"curies":[{"name":"wp","href":"https:\/\/api.w.org\/{rel}","templated":true}]}}