{"id":1324,"date":"2023-06-05T23:21:14","date_gmt":"2023-06-05T23:21:14","guid":{"rendered":"https:\/\/rc-chemlab.net\/?post_type=product&#038;p=1324"},"modified":"2024-04-16T01:30:39","modified_gmt":"2024-04-16T01:30:39","slug":"6-apb-kaufen","status":"publish","type":"product","link":"https:\/\/rc-chemlab.net\/es\/product\/6-apb-kaufen\/","title":{"rendered":"6-APB"},"content":{"rendered":"<h1>Comprar 6-APB<\/h1>\n<p>\u00bfDesea comprar 6-APB? Entonces Chemlab es la direcci\u00f3n adecuada para usted. Todos los productos se prueban en laboratorio y tienen una pureza m\u00ednima de 95%. Adem\u00e1s, \u00a1enviamos todos los productos qu\u00edmicos de investigaci\u00f3n desde los Pa\u00edses Bajos para que lleguen a su laboratorio en un plazo de 24 horas tras el pago!<\/p>\n<h2>\u00bfQu\u00e9 es el 6-APB?<\/h2>\n<p>El 6-APB, tambi\u00e9n conocido como Benzo Fury, es un producto qu\u00edmico de investigaci\u00f3n que pertenece a la clase de los benzofuranos. Es una sustancia muy popular y bien acogida por muchos investigadores qu\u00edmicos. En t\u00e9rminos de estructura qu\u00edmica, el 6-APB es similar a sustancias como <a href=\"https:\/\/xtcdrogenhaus.com\/Produkt-Kategorie\/ecstasys-kaufen\/\">MDMA<\/a> y XTC, los efectos del 6-APB tambi\u00e9n son similares a los de estas sustancias. Los estudios con 6-APB duran varias horas m\u00e1s que los de MDMA. A dosis bajas se tiene m\u00e1s control y los efectos son m\u00e1s suaves que con XTC. Con 6-APB, puedes esperar una prueba euf\u00f3rica y energizante. Sin embargo, este producto qu\u00edmico de investigaci\u00f3n tambi\u00e9n puede proporcionar un resultado de investigaci\u00f3n trippy. Este no es el caso con una dosis m\u00e1s baja.<\/p>\n<h2>6-Experiencia APB<\/h2>\n<p>\u00bfQuieres saber m\u00e1s sobre el 6-APB y los efectos de esta sustancia qu\u00edmica de investigaci\u00f3n? Entonces puedes informarte sobre esta sustancia en sitios web como Psychonaut Wiki y Wikipedia.<\/p>\n<h2>Comprar 6-APB en l\u00ednea<\/h2>\n<p>En Nachtapotheker.nl puede confiar en Benzofury de alta calidad que tambi\u00e9n ha sido probado en el laboratorio. Esto nos permite garantizar una pureza de al menos 95%. Nachtapotheker.nl vende 6-APB en polvo en cantidades de 0,25, 0,5, 1, 2 y 5 gramos. Todos los productos qu\u00edmicos de investigaci\u00f3n se env\u00edan desde los Pa\u00edses Bajos y estar\u00e1n en su laboratorio en un plazo de 24 horas a partir de la recepci\u00f3n del pago. Nota: el 6-APB, al igual que otros productos qu\u00edmicos de investigaci\u00f3n, es para uso exclusivo en investigaci\u00f3n y nunca debe ser consumido por seres humanos, animales u otros seres vivos. Gu\u00e1rdelo en un lugar seco y fresco para garantizar su m\u00e1xima conservaci\u00f3n. No vendemos productos qu\u00edmicos de investigaci\u00f3n a menores de 18 a\u00f1os. Si desea m\u00e1s informaci\u00f3n, p\u00f3ngase en contacto con <a href=\"https:\/\/rc-chemlab.net\/es\/kontakt\/\">Contacte con nosotros<\/a> en.<\/p>","protected":false},"excerpt":{"rendered":"<p>6-APB kaufen M\u00f6chten Sie 6-APB kaufen? Dann sind Sie bei Chemlab an der richtigen Adresse. Alle Produkte sind laborgepr\u00fcft und<\/p>","protected":false},"featured_media":10323,"comment_status":"open","ping_status":"closed","template":"","meta":{"_seopress_robots_primary_cat":"none","_seopress_titles_title":"6-APB kaufen %%sep%% %%sitetitle%%","_seopress_titles_desc":"6-APB kaufen - M\u00f6chten Sie 6-APB kaufen? Dann sind Sie bei Chemlab an der richtigen Adresse.","_seopress_robots_index":""},"product_brand":[],"product_cat":[140],"product_tag":[],"class_list":{"0":"post-1324","1":"product","2":"type-product","3":"status-publish","4":"has-post-thumbnail","6":"product_cat-forschungschemikalien","8":"first","9":"instock","10":"taxable","11":"shipping-taxable","12":"purchasable","13":"product-type-variable"},"_links":{"self":[{"href":"https:\/\/rc-chemlab.net\/es\/wp-json\/wp\/v2\/product\/1324","targetHints":{"allow":["GET"]}}],"collection":[{"href":"https:\/\/rc-chemlab.net\/es\/wp-json\/wp\/v2\/product"}],"about":[{"href":"https:\/\/rc-chemlab.net\/es\/wp-json\/wp\/v2\/types\/product"}],"replies":[{"embeddable":true,"href":"https:\/\/rc-chemlab.net\/es\/wp-json\/wp\/v2\/comments?post=1324"}],"version-history":[{"count":1,"href":"https:\/\/rc-chemlab.net\/es\/wp-json\/wp\/v2\/product\/1324\/revisions"}],"predecessor-version":[{"id":10324,"href":"https:\/\/rc-chemlab.net\/es\/wp-json\/wp\/v2\/product\/1324\/revisions\/10324"}],"wp:featuredmedia":[{"embeddable":true,"href":"https:\/\/rc-chemlab.net\/es\/wp-json\/wp\/v2\/media\/10323"}],"wp:attachment":[{"href":"https:\/\/rc-chemlab.net\/es\/wp-json\/wp\/v2\/media?parent=1324"}],"wp:term":[{"taxonomy":"product_brand","embeddable":true,"href":"https:\/\/rc-chemlab.net\/es\/wp-json\/wp\/v2\/product_brand?post=1324"},{"taxonomy":"product_cat","embeddable":true,"href":"https:\/\/rc-chemlab.net\/es\/wp-json\/wp\/v2\/product_cat?post=1324"},{"taxonomy":"product_tag","embeddable":true,"href":"https:\/\/rc-chemlab.net\/es\/wp-json\/wp\/v2\/product_tag?post=1324"}],"curies":[{"name":"wp","href":"https:\/\/api.w.org\/{rel}","templated":true}]}}