{"id":1314,"date":"2023-06-05T21:47:41","date_gmt":"2023-06-05T21:47:41","guid":{"rendered":"https:\/\/rc-chemlab.net\/?post_type=product&#038;p=1314"},"modified":"2024-11-16T11:35:43","modified_gmt":"2024-11-16T11:35:43","slug":"n-ethyl-hexedrone","status":"publish","type":"product","link":"https:\/\/rc-chemlab.net\/es\/product\/n-ethyl-hexedrone\/","title":{"rendered":"N-etil-hexedrona"},"content":{"rendered":"<h1>N Hexedrona et\u00edlica<\/h1>\n<p>N-etilhexedrona (<a href=\"https:\/\/de.wikibrief.org\/wiki\/N-Ethylhexedrone\">a-Etilaminocaprofenona<\/a>NEH o Hexen) es una sustancia qu\u00edmica estimulante de la clase de las catinonas y est\u00e1 disponible en el mercado de los productos qu\u00edmicos de investigaci\u00f3n desde mediados de la d\u00e9cada de 2010. Se dice que act\u00faa aumentando los niveles de dopamina y noradrenalina. Informes anecd\u00f3ticos afirman que los participantes han mostrado efectos de estimulaci\u00f3n, aumento de la concentraci\u00f3n, euforia y desinhibici\u00f3n.<\/p>\n<p>HEX-EN, etil-hexedrona, etil-hex es un nuevo producto qu\u00edmico de investigaci\u00f3n desarrollado tras la prohibici\u00f3n en China el 1 de octubre de 2015. Este producto tiene tres veces el valor de investigaci\u00f3n de la conocida Hexedrona. Con propiedades y efectos similares a la Pentedrona, 4-CMC, <a href=\"https:\/\/rc-chemlab.net\/es\/product\/3-cmc-kaufen-deutschland\/\">3-CMC<\/a>.<\/p>\n<p>Los productos adquiridos en EUsynth.org son exclusivamente para fines de investigaci\u00f3n de laboratorio y no est\u00e1n destinados al consumo humano. Si los compra, lo hace por su cuenta y riesgo y es responsable del cumplimiento de las leyes de su jurisdicci\u00f3n. EUsynth.org no se hace responsable de la legalidad de los productos en los pa\u00edses de los clientes. Si desea m\u00e1s informaci\u00f3n, p\u00f3ngase en contacto con <a href=\"https:\/\/rc-chemlab.net\/es\/kontakt\/\">Contacte con nosotros<\/a> en.<\/p>","protected":false},"excerpt":{"rendered":"<p>N Ethyl Hexedrone N-Ethylhexedron (a-Ethylaminocaprophenon, NEH oder Hexen) ist eine stimulierende Chemikalie aus der Klasse der Cathinone und ist seit<\/p>","protected":false},"featured_media":10321,"comment_status":"open","ping_status":"closed","template":"","meta":{"_seopress_robots_primary_cat":"none","_seopress_titles_title":"N Ethyl Hexedrone %%sep%% %%sitetitle%%","_seopress_titles_desc":"N Ethyl Hexedrone - HEX-EN, Ethyl-Hexedron, Ethyl-Hex ist eine neue Forschungschemikalie, die nach dem Verbot in China vom 1.10.2015 entwickelt wurde.","_seopress_robots_index":""},"product_brand":[],"product_cat":[140],"product_tag":[],"class_list":{"0":"post-1314","1":"product","2":"type-product","3":"status-publish","4":"has-post-thumbnail","6":"product_cat-forschungschemikalien","8":"first","9":"instock","10":"taxable","11":"shipping-taxable","12":"purchasable","13":"product-type-variable"},"_links":{"self":[{"href":"https:\/\/rc-chemlab.net\/es\/wp-json\/wp\/v2\/product\/1314","targetHints":{"allow":["GET"]}}],"collection":[{"href":"https:\/\/rc-chemlab.net\/es\/wp-json\/wp\/v2\/product"}],"about":[{"href":"https:\/\/rc-chemlab.net\/es\/wp-json\/wp\/v2\/types\/product"}],"replies":[{"embeddable":true,"href":"https:\/\/rc-chemlab.net\/es\/wp-json\/wp\/v2\/comments?post=1314"}],"version-history":[{"count":2,"href":"https:\/\/rc-chemlab.net\/es\/wp-json\/wp\/v2\/product\/1314\/revisions"}],"predecessor-version":[{"id":10322,"href":"https:\/\/rc-chemlab.net\/es\/wp-json\/wp\/v2\/product\/1314\/revisions\/10322"}],"wp:featuredmedia":[{"embeddable":true,"href":"https:\/\/rc-chemlab.net\/es\/wp-json\/wp\/v2\/media\/10321"}],"wp:attachment":[{"href":"https:\/\/rc-chemlab.net\/es\/wp-json\/wp\/v2\/media?parent=1314"}],"wp:term":[{"taxonomy":"product_brand","embeddable":true,"href":"https:\/\/rc-chemlab.net\/es\/wp-json\/wp\/v2\/product_brand?post=1314"},{"taxonomy":"product_cat","embeddable":true,"href":"https:\/\/rc-chemlab.net\/es\/wp-json\/wp\/v2\/product_cat?post=1314"},{"taxonomy":"product_tag","embeddable":true,"href":"https:\/\/rc-chemlab.net\/es\/wp-json\/wp\/v2\/product_tag?post=1314"}],"curies":[{"name":"wp","href":"https:\/\/api.w.org\/{rel}","templated":true}]}}