{"id":1298,"date":"2023-06-05T13:38:44","date_gmt":"2023-06-05T13:38:44","guid":{"rendered":"https:\/\/rc-chemlab.net\/?post_type=product&#038;p=1298"},"modified":"2024-04-15T00:49:43","modified_gmt":"2024-04-15T00:49:43","slug":"mdphp-hcl","status":"publish","type":"product","link":"https:\/\/rc-chemlab.net\/es\/product\/mdphp-hcl\/","title":{"rendered":"MDPHP HCL"},"content":{"rendered":"<h1>MDPHP HCL<\/h1>\n<p>\u00bfQuieres comprar MDPHP HCL en polvo al precio m\u00e1s bajo? Puedes ir a Chemlab para conseguir las mejores drogas de dise\u00f1o. MDPHP HCL significa <a href=\"https:\/\/en.wikipedia.org\/wiki\/3%27,4%27-Methylenedioxy-%CE%B1-pyrrolidinobutiophenone\">3 ', 4'-metilendioxi-\u03b1-pirrolidinohexiofenona<\/a>. MDPHP HCL es un estimulante de la clase catinona sustituida y ha sido una droga de dise\u00f1o desde 2018. Nunca vuelvas a pagar demasiado por drogas de dise\u00f1o limpias. Siempre en stock y entregado en 1 - 2 d\u00edas laborables. Pago seguro con Giropay, Bitcoin o tarjeta de cr\u00e9dito.<\/p>\n<h2>Comprar drogas de dise\u00f1o de forma segura<\/h2>\n<p>Como compramos directamente al fabricante, siempre podemos garantizar el precio m\u00e1s bajo. Pague de forma segura con Giropay, Bitcoin o tarjeta de cr\u00e9dito en nuestra tienda online.<br \/>\n\u00a1Siempre todo en stock! Nuestro sitio web utiliza encriptaci\u00f3n SSL. El cifrado SSL garantiza que los datos se env\u00edan de forma encriptada y nunca son accesibles a terceros.<\/p>\n<h2>MDPHP HCL de alta calidad<\/h2>\n<p>Vendemos las drogas de dise\u00f1o de mayor calidad del Benelux. Debido a que hemos estado activos en la industria de las drogas de dise\u00f1o durante 7 a\u00f1os, siempre podemos suministrarle productos de alta calidad. Todos nuestros productos han sido probados en laboratorio y, por lo tanto, son seguros para su uso con fines de investigaci\u00f3n.<\/p>\n<p>\u00a1Cuidado al comprar drogas de dise\u00f1o en Internet! Hay muchas tiendas online que venden drogas de dise\u00f1o falsas o de mala calidad. Si compras tus drogas de dise\u00f1o en <a href=\"\/es\/\">Chemlab<\/a> podr\u00e1 recibir su pedido en casa de forma segura y discreta en el menor tiempo posible.<\/p>\n<h2>MDPHP HCL analizado en laboratorio<\/h2>\n<p>Si busca drogas de dise\u00f1o, naturalmente querr\u00e1 estar seguro de que los productos son de alta calidad. Todas nuestras drogas de dise\u00f1o son de alta calidad y siempre se prueban en laboratorio. Con nosotros estar\u00e1 muy satisfecho con productos de alta calidad al mejor precio. Para m\u00e1s informaci\u00f3n, p\u00f3ngase en contacto con <a href=\"https:\/\/rc-chemlab.net\/es\/kontakt\/\">Contacte con nosotros<\/a> en.<\/p>","protected":false},"excerpt":{"rendered":"<p>MDPHP HCL M\u00f6chten Sie MDPHP HCL Pulver zum niedrigsten Preis kaufen? Sie k\u00f6nnen zu Chemlab gehen, um die besten Designerdrogen<\/p>","protected":false},"featured_media":10316,"comment_status":"open","ping_status":"closed","template":"","meta":{"_seopress_robots_primary_cat":"none","_seopress_titles_title":"MDPHP HCL %%sep%% %%sitetitle%%","_seopress_titles_desc":"MDPHP HCL - M\u00f6chten Sie MDPHP HCL Pulver zum niedrigsten Preis kaufen? Sie k\u00f6nnen zu Chemlab gehen, um die besten Designerdrogen zu erhalten.","_seopress_robots_index":""},"product_brand":[],"product_cat":[140],"product_tag":[],"class_list":{"0":"post-1298","1":"product","2":"type-product","3":"status-publish","4":"has-post-thumbnail","6":"product_cat-forschungschemikalien","8":"first","9":"instock","10":"taxable","11":"shipping-taxable","12":"purchasable","13":"product-type-variable"},"_links":{"self":[{"href":"https:\/\/rc-chemlab.net\/es\/wp-json\/wp\/v2\/product\/1298","targetHints":{"allow":["GET"]}}],"collection":[{"href":"https:\/\/rc-chemlab.net\/es\/wp-json\/wp\/v2\/product"}],"about":[{"href":"https:\/\/rc-chemlab.net\/es\/wp-json\/wp\/v2\/types\/product"}],"replies":[{"embeddable":true,"href":"https:\/\/rc-chemlab.net\/es\/wp-json\/wp\/v2\/comments?post=1298"}],"version-history":[{"count":1,"href":"https:\/\/rc-chemlab.net\/es\/wp-json\/wp\/v2\/product\/1298\/revisions"}],"predecessor-version":[{"id":10317,"href":"https:\/\/rc-chemlab.net\/es\/wp-json\/wp\/v2\/product\/1298\/revisions\/10317"}],"wp:featuredmedia":[{"embeddable":true,"href":"https:\/\/rc-chemlab.net\/es\/wp-json\/wp\/v2\/media\/10316"}],"wp:attachment":[{"href":"https:\/\/rc-chemlab.net\/es\/wp-json\/wp\/v2\/media?parent=1298"}],"wp:term":[{"taxonomy":"product_brand","embeddable":true,"href":"https:\/\/rc-chemlab.net\/es\/wp-json\/wp\/v2\/product_brand?post=1298"},{"taxonomy":"product_cat","embeddable":true,"href":"https:\/\/rc-chemlab.net\/es\/wp-json\/wp\/v2\/product_cat?post=1298"},{"taxonomy":"product_tag","embeddable":true,"href":"https:\/\/rc-chemlab.net\/es\/wp-json\/wp\/v2\/product_tag?post=1298"}],"curies":[{"name":"wp","href":"https:\/\/api.w.org\/{rel}","templated":true}]}}