{"id":1290,"date":"2023-06-05T13:06:20","date_gmt":"2023-06-05T13:06:20","guid":{"rendered":"https:\/\/rc-chemlab.net\/?post_type=product&#038;p=1290"},"modified":"2024-10-10T12:55:17","modified_gmt":"2024-10-10T12:55:17","slug":"5-cl-adb-a","status":"publish","type":"product","link":"https:\/\/rc-chemlab.net\/es\/product\/5-cl-adb-a\/","title":{"rendered":"5-CL-ADB-A"},"content":{"rendered":"<h1>5-CL-ADB-A Comprar<\/h1>\n<p>5-CL-ADB-A en polvo - comprar 5-cl-adb-a online, 5-cl-adb-a a la venta online en el Reino Unido.<\/p>\n<p><a href=\"\/es\/\">Chemlab<\/a> es un vendedor de confianza de los productos enumerados. Gracias a su dilatada experiencia en el suministro y el comercio, se ha creado un nombre reputado en el mercado ofreciendo 5-CL-ADB-A y otros productos de alta calidad. La empresa tiene una presencia paneuropea y atiende a una amplia base de clientes en todo el pa\u00eds, dando prioridad a la atenci\u00f3n al cliente. Compre 5-CL-ADB-A online con productos de calidad garantizada en grandes cantidades a LC. Ofrece una tienda online de qu\u00edmica de investigaci\u00f3n donde podr\u00e1 comprar f\u00e1cilmente 5-cl-adb-a de la m\u00e1xima calidad. Al hacer su pedido de 5-cl-adb-a online, recibir\u00e1 un regalo en polvo cristalino blanco o naranja.<\/p>\n<h2>\u00bfQu\u00e9 se sabe de 5-cl-adb-a?<\/h2>\n<p>No existen estudios cient\u00edficos oficiales que comparen el 5-cl-adb-a entre s\u00ed. Sin embargo, un estudio de 2018 publicado en la revista Forensic Toxicology compar\u00f3 la potencia y los mecanismos de acci\u00f3n de varias <a href=\"https:\/\/www.emcdda.europa.eu\/topics\/pods\/synthetic-cannabinoids_de\">cannabinoides sint\u00e9ticos<\/a> de la clase de las carboxamidas. Estas multipart\u00edculas, como 5CL-ADB-A, tienen un carbono asim\u00e9trico derivado de una fracci\u00f3n amida formada por derivados de amino\u00e1cidos. Nuestro equipo de atenci\u00f3n al cliente est\u00e1 disponible 24 horas al d\u00eda, 7 d\u00edas a la semana, para satisfacer todas sus necesidades y resolver su problema lo antes posible. Consiga 5-cl-adb-a a la venta. Compruebe tambi\u00e9n los estatutos de su empresa, ya que existen muchas implicaciones legales que probablemente deba conocer antes de comprarlo sin receta.<\/p>\n<h2>\u00bfPor qu\u00e9 elegir 5-cl-adb-a?<\/h2>\n<p>No existe un modo infalible de reconocer el abuso de drogas y sustancias qu\u00edmicas. Los signos y s\u00edntomas de uso y abuso de estas drogas var\u00edan mucho, ya que en algunos casos se comportan de la misma manera que cualquier otra droga. En otros casos, sin embargo, se comportan independientemente de otras drogas. Una forma de reconocer y apoyar el abuso de sustancias qu\u00edmicas de investigaci\u00f3n es familiarizarse con los signos y s\u00edntomas de las drogas con las que est\u00e1n estrechamente relacionadas, as\u00ed como con las conocidas drogas de dise\u00f1o que aparecen en el mercado a medida que se dispone de nueva informaci\u00f3n. Comprar 5-CL-ADB-A barato.<\/p>\n<p>El 5-CL-ADB-A es un cannabinoide sint\u00e9tico a base de indazol. La 5-cl-adb-a es una droga de dise\u00f1o disponible online. La 5-cl-adb-a, un an\u00e1logo del derivado amileno 5f-adb, sustituye el \u00e9ster met\u00edlico por un amileno. Puedes obtener toda la informaci\u00f3n que necesites sobre este nuevo cannabinoide, cuya popularidad ya est\u00e1 creciendo, poni\u00e9ndote en contacto con nosotros hoy mismo a trav\u00e9s de nuestro chat en directo. Pedir 5-CL-ADB-A online Nuestros numerosos clientes han experimentado placer, euforia en sus sentidos, una aceleraci\u00f3n en sus niveles de rendimiento y una mejora sexual de ensue\u00f1o.<\/p>","protected":false},"excerpt":{"rendered":"<p>5-CL-ADB-A Kaufen 5-CL-ADB-A Pulver &#8211; 5-cl-adb-a online kaufen, 5-cl-adb-a zum Verkauf online in Deutschland. Chemlab ist ein vertrauensw\u00fcrdiger Verk\u00e4ufer der<\/p>","protected":false},"featured_media":10313,"comment_status":"open","ping_status":"closed","template":"","meta":{"_seopress_robots_primary_cat":"none","_seopress_titles_title":"5-CL-ADB-A Kaufen %%sep%% %%sitetitle%%","_seopress_titles_desc":"5-CL-ADB-A Kaufen -","_seopress_robots_index":""},"product_brand":[],"product_cat":[140],"product_tag":[],"class_list":{"0":"post-1290","1":"product","2":"type-product","3":"status-publish","4":"has-post-thumbnail","6":"product_cat-forschungschemikalien","8":"first","9":"instock","10":"taxable","11":"shipping-taxable","12":"purchasable","13":"product-type-variable"},"_links":{"self":[{"href":"https:\/\/rc-chemlab.net\/es\/wp-json\/wp\/v2\/product\/1290","targetHints":{"allow":["GET"]}}],"collection":[{"href":"https:\/\/rc-chemlab.net\/es\/wp-json\/wp\/v2\/product"}],"about":[{"href":"https:\/\/rc-chemlab.net\/es\/wp-json\/wp\/v2\/types\/product"}],"replies":[{"embeddable":true,"href":"https:\/\/rc-chemlab.net\/es\/wp-json\/wp\/v2\/comments?post=1290"}],"version-history":[{"count":1,"href":"https:\/\/rc-chemlab.net\/es\/wp-json\/wp\/v2\/product\/1290\/revisions"}],"predecessor-version":[{"id":10314,"href":"https:\/\/rc-chemlab.net\/es\/wp-json\/wp\/v2\/product\/1290\/revisions\/10314"}],"wp:featuredmedia":[{"embeddable":true,"href":"https:\/\/rc-chemlab.net\/es\/wp-json\/wp\/v2\/media\/10313"}],"wp:attachment":[{"href":"https:\/\/rc-chemlab.net\/es\/wp-json\/wp\/v2\/media?parent=1290"}],"wp:term":[{"taxonomy":"product_brand","embeddable":true,"href":"https:\/\/rc-chemlab.net\/es\/wp-json\/wp\/v2\/product_brand?post=1290"},{"taxonomy":"product_cat","embeddable":true,"href":"https:\/\/rc-chemlab.net\/es\/wp-json\/wp\/v2\/product_cat?post=1290"},{"taxonomy":"product_tag","embeddable":true,"href":"https:\/\/rc-chemlab.net\/es\/wp-json\/wp\/v2\/product_tag?post=1290"}],"curies":[{"name":"wp","href":"https:\/\/api.w.org\/{rel}","templated":true}]}}