{"id":1282,"date":"2023-06-05T11:47:29","date_gmt":"2023-06-05T11:47:29","guid":{"rendered":"https:\/\/rc-chemlab.net\/?post_type=product&#038;p=1282"},"modified":"2024-09-17T01:32:44","modified_gmt":"2024-09-17T01:32:44","slug":"5f-mdmb-2201-kaufen","status":"publish","type":"product","link":"https:\/\/rc-chemlab.net\/es\/product\/5f-mdmb-2201-kaufen\/","title":{"rendered":"5f MDMB 2201"},"content":{"rendered":"<h1><span class=\"___SText_mzmpq-ko_\" data-ui-name=\"Link.Text\">Comprar 5F-MDMB-2201<\/span><\/h1>\n<p>5F-MDMB-2201 es un nuevo <a href=\"https:\/\/www.drugcom.de\/drogenlexikon\/buchstabe-s\/synthetische-cannabinoide\/\">cannabinoide sint\u00e9tico<\/a>. Si has estado buscando el \u00faltimo cannabinoide disponible en el mercado de la investigaci\u00f3n, has llegado al lugar correcto. 5F-MDMB-2201 es un potente agonista de los receptores cannabinoides.<\/p>\n<p>Los experimentos de laboratorio suelen arrojar resultados de relajaci\u00f3n, ligereza f\u00edsica, elevaci\u00f3n del estado de \u00e1nimo, reducci\u00f3n del estr\u00e9s, realce de los colores, aumento de la percepci\u00f3n musical y euforia. Si act\u00faa con rapidez, puede ser uno de los primeros laboratorios en a\u00f1adir esta asombrosa sustancia qu\u00edmica a su reserva de suministro.<\/p>\n<h3><b>\u00bfD\u00f3nde puedo comprar 5F-MDMB-2201?<\/b><\/h3>\n<p>Aqu\u00ed en\u00a0<span data-contrast=\"none\">nuestro negocio qu\u00edmico<\/span>\u00a0vendemos 5F-MDMB-2201 de alt\u00edsima calidad. Normalmente se presenta en forma de polvo. Sin embargo, a menudo disponemos de otras formas. As\u00ed que si desea una forma diferente, preg\u00fantenos, probablemente tengamos una disponible.<\/p>\n<p>Debe tener al menos 18 a\u00f1os para comprar 5F-MDMB-2201 con nosotros. Tambi\u00e9n debe cumplir plenamente las leyes de investigaci\u00f3n qu\u00edmica de su pa\u00eds. Nuestro 5f-MDMB-2201 es para uso exclusivo en investigaci\u00f3n. No est\u00e1 destinado al consumo humano o animal.<\/p>\n<h3><b>5F-MDMB-2201 Legalidad<\/b><\/h3>\n<p>Dado que el 5F-MDMB-2201 es tan nuevo, no est\u00e1 regulado en la mayor\u00eda de los pa\u00edses y, por tanto, es legal en la mayor\u00eda de los lugares. Sin embargo, en pa\u00edses con leyes an\u00e1logas estrictas, como Estados Unidos, puede serlo. Si desea m\u00e1s informaci\u00f3n, p\u00f3ngase en contacto con <a href=\"https:\/\/rc-chemlab.net\/es\/kontakt\/\">Contacte con nosotros<\/a> en.<\/p>","protected":false},"excerpt":{"rendered":"<p>5F-MDMB-2201 kaufen 5F-MDMB-2201 ist ein brandneues synthetisches Cannabinoid.\u00a0Wenn Sie nach dem zuletzt auf dem Forschungsmarkt erh\u00e4ltlichen Cannabinoid gesucht haben, sind<\/p>","protected":false},"featured_media":10311,"comment_status":"open","ping_status":"closed","template":"","meta":{"_seopress_robots_primary_cat":"none","_seopress_titles_title":"5F-MDMB-2201 kaufen %%sep%% %%sitetitle%%","_seopress_titles_desc":"5F-MDMB-2201 kaufen - 5F-MDMB-2201 ist ein brandneues synthetisches Cannabinoid.\u00a0Wenn Sie nach dem zuletzt auf dem Forschungsmarkt erh\u00e4ltlichen Cannabinoid","_seopress_robots_index":""},"product_brand":[],"product_cat":[140],"product_tag":[],"class_list":{"0":"post-1282","1":"product","2":"type-product","3":"status-publish","4":"has-post-thumbnail","6":"product_cat-forschungschemikalien","8":"first","9":"instock","10":"taxable","11":"shipping-taxable","12":"purchasable","13":"product-type-variable"},"_links":{"self":[{"href":"https:\/\/rc-chemlab.net\/es\/wp-json\/wp\/v2\/product\/1282","targetHints":{"allow":["GET"]}}],"collection":[{"href":"https:\/\/rc-chemlab.net\/es\/wp-json\/wp\/v2\/product"}],"about":[{"href":"https:\/\/rc-chemlab.net\/es\/wp-json\/wp\/v2\/types\/product"}],"replies":[{"embeddable":true,"href":"https:\/\/rc-chemlab.net\/es\/wp-json\/wp\/v2\/comments?post=1282"}],"version-history":[{"count":1,"href":"https:\/\/rc-chemlab.net\/es\/wp-json\/wp\/v2\/product\/1282\/revisions"}],"predecessor-version":[{"id":10312,"href":"https:\/\/rc-chemlab.net\/es\/wp-json\/wp\/v2\/product\/1282\/revisions\/10312"}],"wp:featuredmedia":[{"embeddable":true,"href":"https:\/\/rc-chemlab.net\/es\/wp-json\/wp\/v2\/media\/10311"}],"wp:attachment":[{"href":"https:\/\/rc-chemlab.net\/es\/wp-json\/wp\/v2\/media?parent=1282"}],"wp:term":[{"taxonomy":"product_brand","embeddable":true,"href":"https:\/\/rc-chemlab.net\/es\/wp-json\/wp\/v2\/product_brand?post=1282"},{"taxonomy":"product_cat","embeddable":true,"href":"https:\/\/rc-chemlab.net\/es\/wp-json\/wp\/v2\/product_cat?post=1282"},{"taxonomy":"product_tag","embeddable":true,"href":"https:\/\/rc-chemlab.net\/es\/wp-json\/wp\/v2\/product_tag?post=1282"}],"curies":[{"name":"wp","href":"https:\/\/api.w.org\/{rel}","templated":true}]}}