{"id":1266,"date":"2023-06-04T09:38:16","date_gmt":"2023-06-04T09:38:16","guid":{"rendered":"https:\/\/rc-chemlab.net\/?post_type=product&#038;p=1266"},"modified":"2024-04-15T00:30:36","modified_gmt":"2024-04-15T00:30:36","slug":"jwh-210-kaufen","status":"publish","type":"product","link":"https:\/\/rc-chemlab.net\/es\/product\/jwh-210-kaufen\/","title":{"rendered":"JWH 210"},"content":{"rendered":"<h1>Comprar JWH 210<\/h1>\n<p>El JWH 210 es un potente alquilindol cannabimim\u00e9tico que se une a los receptores cannabinoides centrales y perif\u00e9ricos con valores Ki de 0,46 y 0,69 nM, respectivamente.<\/p>\n<p>Para el almacenamiento a largo plazo, recomendamos almacenar el JWH 210 a -20\u00b0C tal como se suministra. Deber\u00eda ser estable durante al menos dos a\u00f1os. JWH 210 se suministra como s\u00f3lido cristalino. Puede prepararse una soluci\u00f3n madre disolviendo JWH 210 en un disolvente de su elecci\u00f3n. JWH 210 es soluble en disolventes org\u00e1nicos como etanol, DMSO y <a href=\"https:\/\/de.wikipedia.org\/wiki\/Dimethylformamid\">Dimetilformamida<\/a> solubles, que deben lavarse con un gas inerte.<\/p>\n<p>La solubilidad de JWH 210 en estos disolventes es de aproximadamente 0,5, 20 y 50 mg\/ml respectivamente. JWH 210 es s\u00f3lo ligeramente soluble en soluciones acuosas. Por lo tanto, antes de llevar a cabo experimentos biol\u00f3gicos, deben realizarse diluciones adicionales de la soluci\u00f3n de disolvente org\u00e1nico en tampones acuosos o soluci\u00f3n salina isot\u00f3nica.<\/p>\n<p>Aseg\u00farese de que la cantidad restante de disolvente org\u00e1nico es insignificante, ya que los disolventes org\u00e1nicos en bajas concentraciones pueden tener efectos fisiol\u00f3gicos. Se recomienda almacenar la soluci\u00f3n acuosa durante no m\u00e1s de un d\u00eda.<\/p>\n<p>Este producto se vende \u00fanicamente para uso en investigaci\u00f3n y no debe utilizarse para ning\u00fan otro fin, incluidos, entre otros, fines de diagn\u00f3stico in vivo, en alimentos, medicamentos, productos sanitarios y\/o cosm\u00e9ticos para humanos y\/o animales.<\/p>\n<p>Antes de hacer el pedido, aseg\u00farese de que est\u00e1 adecuadamente equipado para la investigaci\u00f3n con productos qu\u00edmicos y de que su lugar de trabajo est\u00e1 bien ventilado.<\/p>\n<p>Debe tener al menos 21 a\u00f1os para pedir este producto.<\/p>\n<p>Es su responsabilidad conocer y cumplir las leyes de su pa\u00eds\/provincia\/regi\u00f3n\/estado\/ciudad. No nos hacemos responsables de las acciones o consecuencias derivadas de su decisi\u00f3n de realizar un pedido. P\u00f3ngase en contacto con <a href=\"https:\/\/rc-chemlab.net\/es\/kontakt\/\">us<\/a> para m\u00e1s informaci\u00f3n.<\/p>","protected":false},"excerpt":{"rendered":"<p>JWH 210 kaufen JWH 210 ist ein starkes cannabimimetisches Alkylindol, das an zentrale Cannabinoid- und periphere Cannabinoidrezeptoren mit Ki-Werten von<\/p>","protected":false},"featured_media":10304,"comment_status":"open","ping_status":"closed","template":"","meta":{"_seopress_robots_primary_cat":"none","_seopress_titles_title":"JWH 210 kaufen %%sep%% %%sitetitle%%","_seopress_titles_desc":"JWH 210 kaufen - JWH 210 ist ein potentes cannabimimetisches Alkylindol, das die zentralen Cannabinoid- und peripheren Cannabinoid-Rezeptoren","_seopress_robots_index":""},"product_brand":[],"product_cat":[140],"product_tag":[],"class_list":{"0":"post-1266","1":"product","2":"type-product","3":"status-publish","4":"has-post-thumbnail","6":"product_cat-forschungschemikalien","8":"first","9":"instock","10":"taxable","11":"shipping-taxable","12":"purchasable","13":"product-type-variable"},"_links":{"self":[{"href":"https:\/\/rc-chemlab.net\/es\/wp-json\/wp\/v2\/product\/1266","targetHints":{"allow":["GET"]}}],"collection":[{"href":"https:\/\/rc-chemlab.net\/es\/wp-json\/wp\/v2\/product"}],"about":[{"href":"https:\/\/rc-chemlab.net\/es\/wp-json\/wp\/v2\/types\/product"}],"replies":[{"embeddable":true,"href":"https:\/\/rc-chemlab.net\/es\/wp-json\/wp\/v2\/comments?post=1266"}],"version-history":[{"count":2,"href":"https:\/\/rc-chemlab.net\/es\/wp-json\/wp\/v2\/product\/1266\/revisions"}],"predecessor-version":[{"id":10306,"href":"https:\/\/rc-chemlab.net\/es\/wp-json\/wp\/v2\/product\/1266\/revisions\/10306"}],"wp:featuredmedia":[{"embeddable":true,"href":"https:\/\/rc-chemlab.net\/es\/wp-json\/wp\/v2\/media\/10304"}],"wp:attachment":[{"href":"https:\/\/rc-chemlab.net\/es\/wp-json\/wp\/v2\/media?parent=1266"}],"wp:term":[{"taxonomy":"product_brand","embeddable":true,"href":"https:\/\/rc-chemlab.net\/es\/wp-json\/wp\/v2\/product_brand?post=1266"},{"taxonomy":"product_cat","embeddable":true,"href":"https:\/\/rc-chemlab.net\/es\/wp-json\/wp\/v2\/product_cat?post=1266"},{"taxonomy":"product_tag","embeddable":true,"href":"https:\/\/rc-chemlab.net\/es\/wp-json\/wp\/v2\/product_tag?post=1266"}],"curies":[{"name":"wp","href":"https:\/\/api.w.org\/{rel}","templated":true}]}}