{"id":1258,"date":"2023-06-04T05:23:28","date_gmt":"2023-06-04T05:23:28","guid":{"rendered":"https:\/\/rc-chemlab.net\/?post_type=product&#038;p=1258"},"modified":"2024-04-15T00:26:28","modified_gmt":"2024-04-15T00:26:28","slug":"diclazepam-kaufen","status":"publish","type":"product","link":"https:\/\/rc-chemlab.net\/es\/product\/diclazepam-kaufen\/","title":{"rendered":"Diclazepam en polvo"},"content":{"rendered":"<h1>Comprar Diclazepam<\/h1>\n<h2>\u00bfQu\u00e9 es el diclazepam?<\/h2>\n<p>El diclazepam tambi\u00e9n se conoce como clordiazepam. Este producto qu\u00edmico de investigaci\u00f3n pertenece a la clase de las benzodiacepinas. El diclazepam se sintetiz\u00f3 por primera vez en los a\u00f1os sesenta. Muchos investigadores est\u00e1n experimentando con esta sustancia qu\u00edmica con el fin de encontrar el <a href=\"https:\/\/www.drugcom.de\/drogenlexikon\/buchstabe-b\/benzodiazepine\/\">Benzodiacepinas<\/a> resultados t\u00edpicos. Los experimentos con diclazepam suelen producir relajaci\u00f3n muscular, sedaci\u00f3n, desinhibici\u00f3n, supresi\u00f3n de la ansiedad, retraso del pensamiento, supresi\u00f3n del an\u00e1lisis, potenciaci\u00f3n de los sue\u00f1os y somnolencia residual. Los investigadores deben ser conscientes de la somnolencia antes de experimentar con diclazepam en sus laboratorios.<\/p>\n<h2>\u00bfC\u00f3mo se puede comprar Diclazepam?<\/h2>\n<p>En Chemical Planet ofrecemos diclazepam de alta calidad. Nuestro diclazepam se suministra normalmente en forma de polvo. Sin embargo, si prefiere una forma diferente, puede ponerse en contacto con nosotros para ver cu\u00e1ndo lo tenemos disponible.<\/p>\n<p>Si desea comprar Diclazepam de Chemical Planet, debe tener al menos 18 a\u00f1os. Tambi\u00e9n debe cumplir plenamente las leyes de su pa\u00eds. Nuestro diclazepam no est\u00e1 destinado para uso interno en animales o seres humanos. Est\u00e1 destinado \u00fanicamente a fines de investigaci\u00f3n.<\/p>\n<h2>Legalidad del diclazepam<\/h2>\n<p>El diclazepam es ilegal en Alemania. En el Reino Unido es una droga de clase C. En Estados Unidos es legal. En Canad\u00e1 es una sustancia de la Lista IV.<\/p>\n<p>Almacenar siempre en un lugar fresco y seco para garantizar la m\u00e1xima duraci\u00f3n. Este producto est\u00e1 destinado exclusivamente a uso forense y cient\u00edfico. Por lo tanto, NO est\u00e1 destinado al consumo humano ni a pruebas in vivo de ning\u00fan tipo en animales u organismos vivos. P\u00f3ngase en contacto con <a href=\"https:\/\/rc-chemlab.net\/es\/kontakt\/\">us<\/a> para m\u00e1s informaci\u00f3n.<\/p>","protected":false},"excerpt":{"rendered":"<p>Diclazepam kaufen Was ist Diclazepam? Diclazepam ist auch als Chlordiazepam bekannt. Diese Forschungschemikalie f\u00e4llt unter die Klasse der Benzodiazepine. Diclazepam<\/p>","protected":false},"featured_media":10302,"comment_status":"open","ping_status":"closed","template":"","meta":{"_seopress_robots_primary_cat":"none","_seopress_titles_title":"Diclazepam Kaufen %%sep%% %%sitetitle%%","_seopress_titles_desc":"Diclazepam Kaufen - Diclazepam ist auch als Chlordiazepam bekannt. Diese Forschungschemikalie f\u00e4llt unter die Klasse der Benzodiazepine.","_seopress_robots_index":""},"product_brand":[],"product_cat":[140],"product_tag":[],"class_list":{"0":"post-1258","1":"product","2":"type-product","3":"status-publish","4":"has-post-thumbnail","6":"product_cat-forschungschemikalien","8":"first","9":"instock","10":"taxable","11":"shipping-taxable","12":"purchasable","13":"product-type-variable"},"_links":{"self":[{"href":"https:\/\/rc-chemlab.net\/es\/wp-json\/wp\/v2\/product\/1258","targetHints":{"allow":["GET"]}}],"collection":[{"href":"https:\/\/rc-chemlab.net\/es\/wp-json\/wp\/v2\/product"}],"about":[{"href":"https:\/\/rc-chemlab.net\/es\/wp-json\/wp\/v2\/types\/product"}],"replies":[{"embeddable":true,"href":"https:\/\/rc-chemlab.net\/es\/wp-json\/wp\/v2\/comments?post=1258"}],"version-history":[{"count":2,"href":"https:\/\/rc-chemlab.net\/es\/wp-json\/wp\/v2\/product\/1258\/revisions"}],"predecessor-version":[{"id":10301,"href":"https:\/\/rc-chemlab.net\/es\/wp-json\/wp\/v2\/product\/1258\/revisions\/10301"}],"wp:featuredmedia":[{"embeddable":true,"href":"https:\/\/rc-chemlab.net\/es\/wp-json\/wp\/v2\/media\/10302"}],"wp:attachment":[{"href":"https:\/\/rc-chemlab.net\/es\/wp-json\/wp\/v2\/media?parent=1258"}],"wp:term":[{"taxonomy":"product_brand","embeddable":true,"href":"https:\/\/rc-chemlab.net\/es\/wp-json\/wp\/v2\/product_brand?post=1258"},{"taxonomy":"product_cat","embeddable":true,"href":"https:\/\/rc-chemlab.net\/es\/wp-json\/wp\/v2\/product_cat?post=1258"},{"taxonomy":"product_tag","embeddable":true,"href":"https:\/\/rc-chemlab.net\/es\/wp-json\/wp\/v2\/product_tag?post=1258"}],"curies":[{"name":"wp","href":"https:\/\/api.w.org\/{rel}","templated":true}]}}