{"id":9597,"date":"2023-06-21T22:20:25","date_gmt":"2023-06-21T22:20:25","guid":{"rendered":"https:\/\/rc-chemlab.net\/?page_id=9597"},"modified":"2023-06-21T22:20:25","modified_gmt":"2023-06-21T22:20:25","slug":"zahlung-und-lieferung","status":"publish","type":"page","link":"https:\/\/rc-chemlab.net\/es\/zahlung-und-lieferung\/","title":{"rendered":"Pago y entrega"},"content":{"rendered":"<h2>entrega<\/h2>\n<p>Todos nuestros productos se env\u00edan en bolsas inodoras\/simples sobres\/cajas. El paquete se cierra dos veces con bolsas inodoras de alta resistencia y luego se sella con cinta adhesiva para garantizar que no se detecte ning\u00fan olor. Aunque enviamos los pedidos el mismo d\u00eda si se reciben antes de las 17.00 horas, pueden producirse retrasos, ya que el proceso de entrega depende del proveedor de servicios y est\u00e1 fuera de nuestro control. Si un art\u00edculo no llega como se esperaba, <a href=\"https:\/\/rc-chemlab.net\/es\/kontakt\/\">env\u00edenos un correo electr\u00f3nico<\/a> y nosotros investigaremos y rastrearemos el env\u00edo por usted.<\/p>\n<blockquote><p><strong>Descargo de responsabilidad<\/strong><\/p>\n<p>Aunque 99% de nuestros pedidos se entregan, existe una peque\u00f1a posibilidad de que se pierdan\/roben durante el env\u00edo. Si este es el caso y usted no ha recibido su producto dentro de 14 d\u00edas, por favor p\u00f3ngase en contacto con nosotros y vamos a tratar de resolver el problema.<\/p><\/blockquote>\n<h2>Pago<\/h2>\n<p>Debido a la naturaleza del producto, actualmente no podemos procesar pagos con tarjeta de d\u00e9bito o cr\u00e9dito. Actualmente, los pagos pueden realizarse con criptomonedas o mediante transferencia bancaria SEPA.<\/p>\n<p>Para pagar con criptomonedas, deber\u00e1 crear un monedero Bitcoin y realizar una transferencia a la direcci\u00f3n de nuestro monedero, que ver\u00e1 al realizar el pago. Este m\u00e9todo es manual y su pedido se procesar\u00e1 en cuanto hayamos verificado la transacci\u00f3n. <a href=\"https:\/\/btcdirect.eu\/de-at\">Comprar Bitcoin en l\u00ednea<\/a>.<\/p>","protected":false},"excerpt":{"rendered":"<p>Lieferung Alle unsere Produkte werden in geruchsneutralen Beuteln\/einfachen Umschl\u00e4gen\/Kartons verschickt. Das Paket wird zweimal mit strapazierf\u00e4higen, geruchsfreien Beuteln versiegelt und<\/p>","protected":false},"author":1,"featured_media":0,"parent":0,"menu_order":0,"comment_status":"closed","ping_status":"closed","template":"","meta":{"_seopress_robots_primary_cat":"","_seopress_titles_title":"","_seopress_titles_desc":"","_seopress_robots_index":"","footnotes":""},"class_list":["post-9597","page","type-page","status-publish","hentry"],"_links":{"self":[{"href":"https:\/\/rc-chemlab.net\/es\/wp-json\/wp\/v2\/pages\/9597","targetHints":{"allow":["GET"]}}],"collection":[{"href":"https:\/\/rc-chemlab.net\/es\/wp-json\/wp\/v2\/pages"}],"about":[{"href":"https:\/\/rc-chemlab.net\/es\/wp-json\/wp\/v2\/types\/page"}],"author":[{"embeddable":true,"href":"https:\/\/rc-chemlab.net\/es\/wp-json\/wp\/v2\/users\/1"}],"replies":[{"embeddable":true,"href":"https:\/\/rc-chemlab.net\/es\/wp-json\/wp\/v2\/comments?post=9597"}],"version-history":[{"count":1,"href":"https:\/\/rc-chemlab.net\/es\/wp-json\/wp\/v2\/pages\/9597\/revisions"}],"predecessor-version":[{"id":9599,"href":"https:\/\/rc-chemlab.net\/es\/wp-json\/wp\/v2\/pages\/9597\/revisions\/9599"}],"wp:attachment":[{"href":"https:\/\/rc-chemlab.net\/es\/wp-json\/wp\/v2\/media?parent=9597"}],"curies":[{"name":"wp","href":"https:\/\/api.w.org\/{rel}","templated":true}]}}