{"id":115,"date":"2020-03-13T15:28:00","date_gmt":"2020-03-13T15:28:00","guid":{"rendered":"https:\/\/demo.creativethemes.com\/blocksy\/modern-shop\/?page_id=115"},"modified":"2024-11-15T13:02:14","modified_gmt":"2024-11-15T13:02:14","slug":"uber-uns","status":"publish","type":"page","link":"https:\/\/rc-chemlab.net\/es\/uber-uns\/","title":{"rendered":"Qui\u00e9nes somos"},"content":{"rendered":"<div data-elementor-type=\"wp-page\" data-elementor-id=\"115\" class=\"elementor elementor-115\">\n\t\t\t\t\t\t<section class=\"wd-negative-gap elementor-section elementor-top-section elementor-element elementor-element-d7a769e elementor-section-boxed elementor-section-height-default elementor-section-height-default\" data-id=\"d7a769e\" data-element_type=\"section\" data-e-type=\"section\">\n\t\t\t\t\t\t<div class=\"elementor-container elementor-column-gap-no\">\n\t\t\t\t\t<div class=\"elementor-column elementor-col-33 elementor-top-column elementor-element elementor-element-4a24b08\" data-id=\"4a24b08\" data-element_type=\"column\" data-e-type=\"column\">\n\t\t\t<div class=\"elementor-widget-wrap elementor-element-populated\">\n\t\t\t\t\t\t<div class=\"elementor-element elementor-element-1f69fa3 elementor-widget elementor-widget-icon-box\" data-id=\"1f69fa3\" data-element_type=\"widget\" data-e-type=\"widget\" data-widget_type=\"icon-box.default\">\n\t\t\t\t<div class=\"elementor-widget-container\">\n\t\t\t\t\t\t\t<div class=\"elementor-icon-box-wrapper\">\n\n\t\t\t\n\t\t\t\t\t\t<div class=\"elementor-icon-box-content\">\n\n\t\t\t\t\t\t\t\t\t<h5 class=\"elementor-icon-box-title\">\n\t\t\t\t\t\t<span  >\n\t\t\t\t\t\t\tEnv\u00edo en 3-4 d\u00edas con seguimiento\t\t\t\t\t\t<\/span>\n\t\t\t\t\t<\/h5>\n\t\t\t\t\n\t\t\t\t\t\t\t\t\t<p class=\"elementor-icon-box-description\">\n\t\t\t\t\t\tEnviamos nuestros productos discretamente en un sobre de burbujas con seguimiento para usted. Cuando compra nuestros productos qu\u00edmicos de investigaci\u00f3n, empaquetamos y enviamos su pedido inmediatamente despu\u00e9s de recibir el pago. Incluso los fines de semana.\t\t\t\t\t<\/p>\n\t\t\t\t\n\t\t\t<\/div>\n\t\t\t\n\t\t<\/div>\n\t\t\t\t\t\t<\/div>\n\t\t\t\t<\/div>\n\t\t\t\t\t<\/div>\n\t\t<\/div>\n\t\t\t\t<div class=\"elementor-column elementor-col-33 elementor-top-column elementor-element elementor-element-325fc80\" data-id=\"325fc80\" data-element_type=\"column\" data-e-type=\"column\">\n\t\t\t<div class=\"elementor-widget-wrap elementor-element-populated\">\n\t\t\t\t\t\t<div class=\"elementor-element elementor-element-072a1b2 elementor-widget elementor-widget-icon-box\" data-id=\"072a1b2\" data-element_type=\"widget\" data-e-type=\"widget\" data-widget_type=\"icon-box.default\">\n\t\t\t\t<div class=\"elementor-widget-container\">\n\t\t\t\t\t\t\t<div class=\"elementor-icon-box-wrapper\">\n\n\t\t\t\n\t\t\t\t\t\t<div class=\"elementor-icon-box-content\">\n\n\t\t\t\t\t\t\t\t\t<h5 class=\"elementor-icon-box-title\">\n\t\t\t\t\t\t<span  >\n\t\t\t\t\t\t\tTienda RC de confianza\t\t\t\t\t\t<\/span>\n\t\t\t\t\t<\/h5>\n\t\t\t\t\n\t\t\t\t\t\t\t\t\t<p class=\"elementor-icon-box-description\">\n\t\t\t\t\t\tCasi 100% clientes satisfechos hablan por s\u00ed mismos. Damos prioridad a la venta de productos qu\u00edmicos de investigaci\u00f3n y nuestro equipo de asistencia atender\u00e1 su solicitud de inmediato. \t\t\t\t\t<\/p>\n\t\t\t\t\n\t\t\t<\/div>\n\t\t\t\n\t\t<\/div>\n\t\t\t\t\t\t<\/div>\n\t\t\t\t<\/div>\n\t\t\t\t\t<\/div>\n\t\t<\/div>\n\t\t\t\t<div class=\"elementor-column elementor-col-33 elementor-top-column elementor-element elementor-element-ca5ba47\" data-id=\"ca5ba47\" data-element_type=\"column\" data-e-type=\"column\">\n\t\t\t<div class=\"elementor-widget-wrap elementor-element-populated\">\n\t\t\t\t\t\t<div class=\"elementor-element elementor-element-16afbac elementor-widget elementor-widget-icon-box\" data-id=\"16afbac\" data-element_type=\"widget\" data-e-type=\"widget\" data-widget_type=\"icon-box.default\">\n\t\t\t\t<div class=\"elementor-widget-container\">\n\t\t\t\t\t\t\t<div class=\"elementor-icon-box-wrapper\">\n\n\t\t\t\n\t\t\t\t\t\t<div class=\"elementor-icon-box-content\">\n\n\t\t\t\t\t\t\t\t\t<h5 class=\"elementor-icon-box-title\">\n\t\t\t\t\t\t<span  >\n\t\t\t\t\t\t\tAsistencia 24\/7 \t\t\t\t\t\t<\/span>\n\t\t\t\t\t<\/h5>\n\t\t\t\t\n\t\t\t\t\t\t\t\t\t<p class=\"elementor-icon-box-description\">\n\t\t\t\t\t\tEstamos a su disposici\u00f3n 24 horas al d\u00eda, 7 d\u00edas a la semana, si necesita ayuda. \u00bfQuieres comprar RC y tienes dudas o preguntas? Nuestro equipo de soporte orientado a la soluci\u00f3n est\u00e1 a tu disposici\u00f3n en cualquier momento a trav\u00e9s de Telegram:  Telegram: @rc_chemlab\t\t\t\t\t<\/p>\n\t\t\t\t\n\t\t\t<\/div>\n\t\t\t\n\t\t<\/div>\n\t\t\t\t\t\t<\/div>\n\t\t\t\t<\/div>\n\t\t\t\t\t<\/div>\n\t\t<\/div>\n\t\t\t\t\t<\/div>\n\t\t<\/section>\n\t\t\t\t<section class=\"wd-negative-gap elementor-section elementor-top-section elementor-element elementor-element-59020a0 elementor-reverse-tablet elementor-reverse-mobile elementor-section-boxed elementor-section-height-default elementor-section-height-default\" data-id=\"59020a0\" data-element_type=\"section\" data-e-type=\"section\">\n\t\t\t\t\t\t<div class=\"elementor-container elementor-column-gap-wide\">\n\t\t\t\t\t<div class=\"elementor-column elementor-col-50 elementor-top-column elementor-element elementor-element-0eedf86\" data-id=\"0eedf86\" data-element_type=\"column\" data-e-type=\"column\">\n\t\t\t<div class=\"elementor-widget-wrap elementor-element-populated\">\n\t\t\t\t\t\t<div class=\"elementor-element elementor-element-9054224 elementor-widget elementor-widget-heading\" data-id=\"9054224\" data-element_type=\"widget\" data-e-type=\"widget\" data-widget_type=\"heading.default\">\n\t\t\t\t<div class=\"elementor-widget-container\">\n\t\t\t\t\t<h2 class=\"elementor-heading-title elementor-size-default\"><a href=\"https:\/\/rc-chemlab.net\/es\/\">Investigaci\u00f3n Qu\u00edmica Comprar<\/a><\/h2>\t\t\t\t<\/div>\n\t\t\t\t<\/div>\n\t\t\t\t<div class=\"elementor-element elementor-element-4640985 color-scheme-inherit text-left elementor-widget elementor-widget-text-editor\" data-id=\"4640985\" data-element_type=\"widget\" data-e-type=\"widget\" data-widget_type=\"text-editor.default\">\n\t\t\t\t<div class=\"elementor-widget-container\">\n\t\t\t\t\t\t\t\t\t<p>No somos nuevos en el sector. Llevamos mucho tiempo en ella. Nos estamos adaptando. Y nuestra comunidad tambi\u00e9n. Siempre estamos ah\u00ed cuando las cosas se ponen dif\u00edciles. Siempre estamos ah\u00ed cuando la comunidad nos necesita. Por eso nos hemos preparado bien para los productos qu\u00edmicos de investigaci\u00f3n.<\/p>\t\t\t\t\t\t\t\t<\/div>\n\t\t\t\t<\/div>\n\t\t\t\t\t<\/div>\n\t\t<\/div>\n\t\t\t\t<div class=\"elementor-column elementor-col-50 elementor-top-column elementor-element elementor-element-b5250df\" data-id=\"b5250df\" data-element_type=\"column\" data-e-type=\"column\">\n\t\t\t<div class=\"elementor-widget-wrap elementor-element-populated\">\n\t\t\t\t\t\t<div class=\"elementor-element elementor-element-dab7553 elementor-widget elementor-widget-image\" data-id=\"dab7553\" data-element_type=\"widget\" data-e-type=\"widget\" data-widget_type=\"image.default\">\n\t\t\t\t<div class=\"elementor-widget-container\">\n\t\t\t\t\t\t\t\t\t\t\t\t\t\t\t<img fetchpriority=\"high\" decoding=\"async\" width=\"1200\" height=\"630\" src=\"https:\/\/rc-chemlab.net\/wp-content\/uploads\/2024\/01\/research-chems.jpeg\" class=\"attachment-full size-full wp-image-10199\" alt=\"Research Chemicals Shop\" srcset=\"https:\/\/rc-chemlab.net\/wp-content\/uploads\/2024\/01\/research-chems.jpeg 1200w, https:\/\/rc-chemlab.net\/wp-content\/uploads\/2024\/01\/research-chems-430x226.jpeg 430w, https:\/\/rc-chemlab.net\/wp-content\/uploads\/2024\/01\/research-chems-150x79.jpeg 150w, https:\/\/rc-chemlab.net\/wp-content\/uploads\/2024\/01\/research-chems-700x368.jpeg 700w, https:\/\/rc-chemlab.net\/wp-content\/uploads\/2024\/01\/research-chems-400x210.jpeg 400w, https:\/\/rc-chemlab.net\/wp-content\/uploads\/2024\/01\/research-chems-768x403.jpeg 768w\" sizes=\"(max-width: 1200px) 100vw, 1200px\" \/>\t\t\t\t\t\t\t\t\t\t\t\t\t\t\t<\/div>\n\t\t\t\t<\/div>\n\t\t\t\t\t<\/div>\n\t\t<\/div>\n\t\t\t\t\t<\/div>\n\t\t<\/section>\n\t\t\t\t<\/div>","protected":false},"excerpt":{"rendered":"<p>Wir sind nicht neu in der Branche. Wir sind schon seit langem dabei.<\/p>","protected":false},"author":1,"featured_media":0,"parent":0,"menu_order":0,"comment_status":"closed","ping_status":"closed","template":"","meta":{"_seopress_robots_primary_cat":"","_seopress_titles_title":"%%post_title%% %%sep%% %%sitetitle%%","_seopress_titles_desc":"Wenn Sie unsere Forschungschemikalien kaufen, verpacken und versenden wir Ihre Bestellung sofort nach Zahlungseingang.","_seopress_robots_index":"","footnotes":""},"class_list":["post-115","page","type-page","status-publish","hentry"],"_links":{"self":[{"href":"https:\/\/rc-chemlab.net\/es\/wp-json\/wp\/v2\/pages\/115","targetHints":{"allow":["GET"]}}],"collection":[{"href":"https:\/\/rc-chemlab.net\/es\/wp-json\/wp\/v2\/pages"}],"about":[{"href":"https:\/\/rc-chemlab.net\/es\/wp-json\/wp\/v2\/types\/page"}],"author":[{"embeddable":true,"href":"https:\/\/rc-chemlab.net\/es\/wp-json\/wp\/v2\/users\/1"}],"replies":[{"embeddable":true,"href":"https:\/\/rc-chemlab.net\/es\/wp-json\/wp\/v2\/comments?post=115"}],"version-history":[{"count":19,"href":"https:\/\/rc-chemlab.net\/es\/wp-json\/wp\/v2\/pages\/115\/revisions"}],"predecessor-version":[{"id":10553,"href":"https:\/\/rc-chemlab.net\/es\/wp-json\/wp\/v2\/pages\/115\/revisions\/10553"}],"wp:attachment":[{"href":"https:\/\/rc-chemlab.net\/es\/wp-json\/wp\/v2\/media?parent=115"}],"curies":[{"name":"wp","href":"https:\/\/api.w.org\/{rel}","templated":true}]}}