{"id":1314,"date":"2023-06-05T21:47:41","date_gmt":"2023-06-05T21:47:41","guid":{"rendered":"https:\/\/rc-chemlab.net\/?post_type=product&#038;p=1314"},"modified":"2024-11-16T11:35:43","modified_gmt":"2024-11-16T11:35:43","slug":"n-ethyl-hexedrone","status":"publish","type":"product","link":"https:\/\/rc-chemlab.net\/en\/product\/n-ethyl-hexedrone\/","title":{"rendered":"N-ethyl-hexedrone"},"content":{"rendered":"<h1>N Ethyl Hexedrone<\/h1>\n<p>N-Ethylhexedron (<a href=\"https:\/\/de.wikibrief.org\/wiki\/N-Ethylhexedrone\">a-Ethylaminocaprophenon<\/a>, NEH oder Hexen) ist eine stimulierende Chemikalie aus der Klasse der Cathinone und ist seit Mitte der 2010 er Jahre auf dem Markt f\u00fcr Forschungschemikalien erh\u00e4ltlich. Es wird berichtet, dass es seine Wirkung durch die Erh\u00f6hung des Dopamin- und Noradrenalinspiegels entfaltet. In anekdotischen Berichten wird behauptet, dass die Teilnehmer Effekte der Stimulation, Konzentrationssteigerung, Euphorie und Enthemmung gezeigt haben.<\/p>\n<p>HEX-EN, Ethyl-Hexedron, Ethyl-Hex ist eine neue Forschungschemikalie, die nach dem Verbot in China vom 1.10.2015 entwickelt wurde. Dieses Produkt hat einen dreifachen Forschungswert als das bekannte Hexedrone. Mit \u00e4hnlichen Eigenschaften und Wirkungen wie Pentedrone, 4-CMC, <a href=\"https:\/\/rc-chemlab.net\/en\/product\/3-cmc-kaufen-deutschland\/\">3-CMC<\/a>.<\/p>\n<p>Die von EUsynth.org gekauften Produkte sind nur f\u00fcr Laborforschungszwecke bestimmt, keinesfalls f\u00fcr den menschlichen Verzehr. Wenn Sie kaufen, tun Sie dies auf eigenes Risiko und sind f\u00fcr die Einhaltung der Gesetze Ihrer Gerichtsbarkeit verantwortlich. EUsynth.org ist nicht verantwortlich f\u00fcr die Rechtm\u00e4\u00dfigkeit der Produkte in den L\u00e4ndern der Kunden. F\u00fcr weitere Informationen nehmen Sie bitte <a href=\"https:\/\/rc-chemlab.net\/en\/kontakt\/\">Contact with us<\/a> on.<\/p>","protected":false},"excerpt":{"rendered":"<p>N Ethyl Hexedrone N-Ethylhexedron (a-Ethylaminocaprophenon, NEH oder Hexen) ist eine stimulierende Chemikalie aus der Klasse der Cathinone und ist seit<\/p>","protected":false},"featured_media":10321,"comment_status":"open","ping_status":"closed","template":"","meta":{"_seopress_robots_primary_cat":"none","_seopress_titles_title":"N Ethyl Hexedrone %%sep%% %%sitetitle%%","_seopress_titles_desc":"N Ethyl Hexedrone - HEX-EN, Ethyl-Hexedron, Ethyl-Hex ist eine neue Forschungschemikalie, die nach dem Verbot in China vom 1.10.2015 entwickelt wurde.","_seopress_robots_index":""},"product_brand":[],"product_cat":[140],"product_tag":[],"class_list":{"0":"post-1314","1":"product","2":"type-product","3":"status-publish","4":"has-post-thumbnail","6":"product_cat-forschungschemikalien","8":"first","9":"instock","10":"taxable","11":"shipping-taxable","12":"purchasable","13":"product-type-variable"},"_links":{"self":[{"href":"https:\/\/rc-chemlab.net\/en\/wp-json\/wp\/v2\/product\/1314","targetHints":{"allow":["GET"]}}],"collection":[{"href":"https:\/\/rc-chemlab.net\/en\/wp-json\/wp\/v2\/product"}],"about":[{"href":"https:\/\/rc-chemlab.net\/en\/wp-json\/wp\/v2\/types\/product"}],"replies":[{"embeddable":true,"href":"https:\/\/rc-chemlab.net\/en\/wp-json\/wp\/v2\/comments?post=1314"}],"version-history":[{"count":2,"href":"https:\/\/rc-chemlab.net\/en\/wp-json\/wp\/v2\/product\/1314\/revisions"}],"predecessor-version":[{"id":10322,"href":"https:\/\/rc-chemlab.net\/en\/wp-json\/wp\/v2\/product\/1314\/revisions\/10322"}],"wp:featuredmedia":[{"embeddable":true,"href":"https:\/\/rc-chemlab.net\/en\/wp-json\/wp\/v2\/media\/10321"}],"wp:attachment":[{"href":"https:\/\/rc-chemlab.net\/en\/wp-json\/wp\/v2\/media?parent=1314"}],"wp:term":[{"taxonomy":"product_brand","embeddable":true,"href":"https:\/\/rc-chemlab.net\/en\/wp-json\/wp\/v2\/product_brand?post=1314"},{"taxonomy":"product_cat","embeddable":true,"href":"https:\/\/rc-chemlab.net\/en\/wp-json\/wp\/v2\/product_cat?post=1314"},{"taxonomy":"product_tag","embeddable":true,"href":"https:\/\/rc-chemlab.net\/en\/wp-json\/wp\/v2\/product_tag?post=1314"}],"curies":[{"name":"wp","href":"https:\/\/api.w.org\/{rel}","templated":true}]}}