{"id":9587,"date":"2023-06-11T15:10:31","date_gmt":"2023-06-11T15:10:31","guid":{"rendered":"https:\/\/rc-chemlab.net\/?post_type=product&#038;p=9587"},"modified":"2024-04-16T02:28:24","modified_gmt":"2024-04-16T02:28:24","slug":"1cp-lsd-kaufen","status":"publish","type":"product","link":"https:\/\/rc-chemlab.net\/el\/product\/1cp-lsd-kaufen\/","title":{"rendered":"1cP-LSD 100MCG"},"content":{"rendered":"<h1><span class=\"___SText_mzmpq-ko_\" data-ui-name=\"Link.Text\">\u0391\u03b3\u03bf\u03c1\u03ac\u03c3\u03c4\u03b5 1cP LSD<\/span><\/h1>\n<h2>\u0399\u03b4\u03b9\u03cc\u03c4\u03b7\u03c4\u03b5\u03c2 1cP-LSD<\/h2>\n<p>\u03a3\u03c5\u03bd\u03ce\u03bd\u03c5\u03bc\u03bf: <a href=\"https:\/\/en.wikipedia.org\/wiki\/N1-Methyl-lysergic_acid_diethylamide\">\u039d1-(\u03ba\u03c5\u03ba\u03bb\u03bf\u03c0\u03c1\u03bf\u03c0\u03c5\u03bb\u03bf\u03bc\u03b5\u03b8\u03b1\u03bd\u03bf\u03cb\u03bb)-\u03b4\u03b9\u03b1\u03b9\u03b8\u03c5\u03bb\u03b1\u03bc\u03af\u03b4\u03b9\u03bf \u03c4\u03bf\u03c5 \u03b1\u03bb\u03c3\u03b5\u03c1\u03b3\u03b9\u03ba\u03bf\u03cd \u03bf\u03be\u03ad\u03bf\u03c2<\/a><br \/>\n\u0391\u03c1\u03b9\u03b8\u03bc\u03cc\u03c2 CAS: \u03b4\u03b5\u03bd \u03b9\u03c3\u03c7\u03cd\u03b5\u03b9<br \/>\n\u03a4\u03cd\u03c0\u03bf\u03c2: HCL<br \/>\n\u039c\u03bf\u03c1\u03b9\u03b1\u03ba\u03ae \u03bc\u03ac\u03b6\u03b1: 391,515 g\/mol<br \/>\n\u039a\u03b1\u03b8\u03b1\u03c1\u03cc\u03c4\u03b7\u03c4\u03b1: ?98%<\/p>\n<h2>\u03a0\u03c1\u03bf\u03b5\u03b9\u03b4\u03bf\u03c0\u03bf\u03b9\u03ae\u03c3\u03b5\u03b9\u03c2 \u03ba\u03b9\u03bd\u03b4\u03cd\u03bd\u03bf\u03c5<\/h2>\n<p>1cP-LSD \u03bc\u03c0\u03bf\u03c1\u03b5\u03af \u03bd\u03b1 \u03c0\u03c1\u03bf\u03ba\u03b1\u03bb\u03ad\u03c3\u03b5\u03b9 \u03b5\u03c1\u03b5\u03b8\u03b9\u03c3\u03bc\u03cc \u03c4\u03b7\u03c2 \u03b1\u03bd\u03b1\u03c0\u03bd\u03b5\u03c5\u03c3\u03c4\u03b9\u03ba\u03ae\u03c2 \u03bf\u03b4\u03bf\u03cd<br \/>\n\u03a4\u03bf 1cP-LSD \u03bc\u03c0\u03bf\u03c1\u03b5\u03af \u03bd\u03b1 \u03c0\u03c1\u03bf\u03ba\u03b1\u03bb\u03ad\u03c3\u03b5\u03b9 \u03b5\u03c1\u03b5\u03b8\u03b9\u03c3\u03bc\u03cc \u03c4\u03c9\u03bd \u03bc\u03b1\u03c4\u03b9\u03ce\u03bd<br \/>\n\u0391\u03c0\u03b1\u03b3\u03bf\u03c1\u03b5\u03cd\u03b5\u03c4\u03b1\u03b9 \u03b7 \u03b1\u03c0\u03b5\u03bb\u03b5\u03c5\u03b8\u03ad\u03c1\u03c9\u03c3\u03b7 RCs \u03c3\u03c4\u03bf \u03c0\u03b5\u03c1\u03b9\u03b2\u03ac\u03bb\u03bb\u03bf\u03bd.<\/p>\n<p>1cP-LSD \u03a3\u0395 \u03a0\u0395\u03a1\u0399\u03a0\u03a4\u03a9\u03a3\u0397 \u03a3\u03a4\u0391 \u039c\u0391\u03a4\u0399\u0391: \u039e\u03b5\u03c0\u03bb\u03cd\u03bd\u03b5\u03c4\u03b5 \u03ba\u03b1\u03bb\u03ac \u03c4\u03b1 \u03bc\u03ac\u03c4\u03b9\u03b1 \u03bc\u03b5 \u03bd\u03b5\u03c1\u03cc \u03b3\u03b9\u03b1 \u03c0\u03ad\u03bd\u03c4\u03b5 \u03bb\u03b5\u03c0\u03c4\u03ac. \u0391\u03c6\u03b1\u03b9\u03c1\u03ad\u03c3\u03c4\u03b5 \u03c4\u03bf\u03c5\u03c2 \u03c6\u03b1\u03ba\u03bf\u03cd\u03c2 \u03b5\u03c0\u03b1\u03c6\u03ae\u03c2 \u03b5\u03ac\u03bd \u03b5\u03af\u03bd\u03b1\u03b9 \u03b4\u03c5\u03bd\u03b1\u03c4\u03cc\u03bd.<\/p>\n<p>1cP-LSD \u03a3\u0395 \u03a0\u0395\u03a1\u0399\u03a0\u03a4\u03a9\u03a3\u0397 \u03a3\u03a4\u039f \u0394\u0395\u03a1\u039c\u0391: \u03a0\u03bb\u03cd\u03bd\u03b5\u03c4\u03b5 \u03c4\u03bf \u03b4\u03ad\u03c1\u03bc\u03b1 \u03bc\u03b5 \u03c3\u03b1\u03c0\u03bf\u03cd\u03bd\u03b9 \u03ba\u03b1\u03b9 \u03bd\u03b5\u03c1\u03cc.<\/p>\n<p>\u039c\u0395\u03a4\u0391 \u03a4\u0397\u039d \u0395\u0399\u03a3\u03a0\u039d\u039f\u0397 1cP-LSD: \u039c\u03b5\u03c4\u03b1\u03c6\u03ad\u03c1\u03b5\u03c4\u03b5 \u03c4\u03bf \u03b8\u03cd\u03bc\u03b1 \u03c3\u03c4\u03bf\u03bd \u03ba\u03b1\u03b8\u03b1\u03c1\u03cc \u03b1\u03ad\u03c1\u03b1 \u03ba\u03b1\u03b9 \u03ba\u03c1\u03b1\u03c4\u03ae\u03c3\u03c4\u03b5 \u03c4\u03bf \u03c3\u03b5 \u03bc\u03b9\u03b1 \u03b8\u03ad\u03c3\u03b7 \u03ac\u03bd\u03b5\u03c4\u03b7 \u03b3\u03b9\u03b1 \u03c4\u03b7\u03bd \u03b1\u03bd\u03b1\u03c0\u03bd\u03bf\u03ae.<\/p>\n<p>\u0391\u03a5\u03a4\u0386 \u03a4\u0391 \u03a0\u03a1\u039f\u03aa\u038c\u039d\u03a4\u0391 \u03a0\u03a1\u039f\u039f\u03a1\u038a\u0396\u039f\u039d\u03a4\u0391\u0399 \u039c\u038c\u039d\u039f \u0393\u0399\u0391 \u0395\u03a1\u0395\u03a5\u039d\u0397\u03a4\u0399\u039a\u039f\u038e\u03a3 \u03a3\u039a\u039f\u03a0\u039f\u038e\u03a3 \u039a\u0391\u0399 \u0394\u0395\u039d \u03a0\u03a1\u039f\u039f\u03a1\u038a\u0396\u039f\u039d\u03a4\u0391\u0399 \u0393\u0399\u0391 \u0391\u039d\u0398\u03a1\u038f\u03a0\u0399\u039d\u0397 \u039a\u0391\u03a4\u0391\u039d\u0386\u039b\u03a9\u03a3\u0397! \u0393\u03b9\u03b1 \u03c0\u03b5\u03c1\u03b9\u03c3\u03c3\u03cc\u03c4\u03b5\u03c1\u03b5\u03c2 \u03c0\u03bb\u03b7\u03c1\u03bf\u03c6\u03bf\u03c1\u03af\u03b5\u03c2 \u03b5\u03c0\u03b9\u03ba\u03bf\u03b9\u03bd\u03c9\u03bd\u03ae\u03c3\u03c4\u03b5 \u03bc\u03b5 <a href=\"https:\/\/rc-chemlab.net\/el\/kontakt\/\">\u0395\u03c0\u03b9\u03ba\u03bf\u03b9\u03bd\u03c9\u03bd\u03ae\u03c3\u03c4\u03b5 \u03bc\u03b1\u03b6\u03af \u03bc\u03b1\u03c2<\/a> on.<\/p>","protected":false},"excerpt":{"rendered":"<p>1cP LSD kaufen 1cP-LSD Eigenschaften Synonym: N1-(Cyclopropylmethanoyl)-Lysergs\u00e4urediethylamid CAS-Nummer: entf\u00e4llt Formel: C24H29N3O2 &#8211; HCL Molekulare Masse: 391,515 g\/mol Reinheit: ?98% Gefahrenhinweise<\/p>","protected":false},"featured_media":10376,"comment_status":"open","ping_status":"closed","template":"","meta":{"_seopress_robots_primary_cat":"none","_seopress_titles_title":"1cP LSD kaufen %%sep%% %%sitetitle%%","_seopress_titles_desc":"1cP LSD kaufen - 1cP-LSD BEI KONTAKT MIT DEN AUGEN: Die Augen f\u00fcnf Minuten lang sorgf\u00e4ltig mit Wasser aussp\u00fclen. Kontaktlinsen nach M\u00f6glichkeit herausnehmen.","_seopress_robots_index":""},"product_brand":[],"product_cat":[141],"product_tag":[],"class_list":{"0":"post-9587","1":"product","2":"type-product","3":"status-publish","4":"has-post-thumbnail","6":"product_cat-blotter-kaufen","8":"first","9":"instock","10":"taxable","11":"shipping-taxable","12":"purchasable","13":"product-type-variable"},"_links":{"self":[{"href":"https:\/\/rc-chemlab.net\/el\/wp-json\/wp\/v2\/product\/9587","targetHints":{"allow":["GET"]}}],"collection":[{"href":"https:\/\/rc-chemlab.net\/el\/wp-json\/wp\/v2\/product"}],"about":[{"href":"https:\/\/rc-chemlab.net\/el\/wp-json\/wp\/v2\/types\/product"}],"replies":[{"embeddable":true,"href":"https:\/\/rc-chemlab.net\/el\/wp-json\/wp\/v2\/comments?post=9587"}],"version-history":[{"count":1,"href":"https:\/\/rc-chemlab.net\/el\/wp-json\/wp\/v2\/product\/9587\/revisions"}],"predecessor-version":[{"id":9593,"href":"https:\/\/rc-chemlab.net\/el\/wp-json\/wp\/v2\/product\/9587\/revisions\/9593"}],"wp:featuredmedia":[{"embeddable":true,"href":"https:\/\/rc-chemlab.net\/el\/wp-json\/wp\/v2\/media\/10376"}],"wp:attachment":[{"href":"https:\/\/rc-chemlab.net\/el\/wp-json\/wp\/v2\/media?parent=9587"}],"wp:term":[{"taxonomy":"product_brand","embeddable":true,"href":"https:\/\/rc-chemlab.net\/el\/wp-json\/wp\/v2\/product_brand?post=9587"},{"taxonomy":"product_cat","embeddable":true,"href":"https:\/\/rc-chemlab.net\/el\/wp-json\/wp\/v2\/product_cat?post=9587"},{"taxonomy":"product_tag","embeddable":true,"href":"https:\/\/rc-chemlab.net\/el\/wp-json\/wp\/v2\/product_tag?post=9587"}],"curies":[{"name":"wp","href":"https:\/\/api.w.org\/{rel}","templated":true}]}}