{"id":9580,"date":"2023-06-11T14:47:31","date_gmt":"2023-06-11T14:47:31","guid":{"rendered":"https:\/\/rc-chemlab.net\/?post_type=product&#038;p=9580"},"modified":"2024-04-16T02:20:45","modified_gmt":"2024-04-16T02:20:45","slug":"1b-lsd-kaufen","status":"publish","type":"product","link":"https:\/\/rc-chemlab.net\/el\/product\/1b-lsd-kaufen\/","title":{"rendered":"1B-LSD 100MCG"},"content":{"rendered":"<h1>\u0391\u03b3\u03bf\u03c1\u03ac\u03c3\u03c4\u03b5 1B LSD<\/h1>\n<h2>\u0399\u03b4\u03b9\u03cc\u03c4\u03b7\u03c4\u03b5\u03c2 1B-LSD<\/h2>\n<p>\u03a3\u03c5\u03bd\u03ce\u03bd\u03c5\u03bc\u03bf: <a href=\"https:\/\/www.researchgate.net\/figure\/Effects-of-AL-LAD-A-and-LSZ-B-on-the-head-twitch-response-Data-are-presented-as_fig1_303820411\">\u039d1-\u03b2\u03bf\u03c5\u03c4\u03c5\u03c1\u03c5\u03bb\u03bf-\u03bb\u03c5\u03c3\u03b5\u03c1\u03b3\u03b9\u03ba\u03cc \u03b4\u03b9\u03b1\u03b9\u03b8\u03c5\u03bb\u03b1\u03bc\u03af\u03b4\u03b9\u03bf \u03c4\u03bf\u03c5 \u03bf\u03be\u03ad\u03bf\u03c2<\/a><br \/>\n\u0391\u03c1\u03b9\u03b8\u03bc\u03cc\u03c2 CAS: 2349376-12-9<br \/>\n\u03a4\u03cd\u03c0\u03bf\u03c2: HCL<br \/>\n\u039c\u03ac\u03b6\u03b1: 393,531 g\/mol<br \/>\n\u039a\u03b1\u03b8\u03b1\u03c1\u03cc\u03c4\u03b7\u03c4\u03b1: ?98%<\/p>\n<p>\u03a0\u03c1\u03bf\u03b5\u03b9\u03b4\u03bf\u03c0\u03bf\u03b9\u03ae\u03c3\u03b5\u03b9\u03c2 \u03ba\u03b9\u03bd\u03b4\u03cd\u03bd\u03bf\u03c5<\/p>\n<p>\u03a4\u03bf 1B-LSD \u03bc\u03c0\u03bf\u03c1\u03b5\u03af \u03bd\u03b1 \u03c0\u03c1\u03bf\u03ba\u03b1\u03bb\u03ad\u03c3\u03b5\u03b9 \u03b5\u03c1\u03b5\u03b8\u03b9\u03c3\u03bc\u03cc \u03c4\u03b7\u03c2 \u03b1\u03bd\u03b1\u03c0\u03bd\u03b5\u03c5\u03c3\u03c4\u03b9\u03ba\u03ae\u03c2 \u03bf\u03b4\u03bf\u03cd.<br \/>\n\u03a4\u03bf 1B-LSD \u03bc\u03c0\u03bf\u03c1\u03b5\u03af \u03bd\u03b1 \u03c0\u03c1\u03bf\u03ba\u03b1\u03bb\u03ad\u03c3\u03b5\u03b9 \u03b5\u03c1\u03b5\u03b8\u03b9\u03c3\u03bc\u03cc \u03c4\u03c9\u03bd \u03bc\u03b1\u03c4\u03b9\u03ce\u03bd<br \/>\n\u0391\u03c0\u03b1\u03b3\u03bf\u03c1\u03b5\u03cd\u03b5\u03c4\u03b1\u03b9 \u03b7 \u03b1\u03c0\u03b5\u03bb\u03b5\u03c5\u03b8\u03ad\u03c1\u03c9\u03c3\u03b7 RCs \u03c3\u03c4\u03bf \u03c0\u03b5\u03c1\u03b9\u03b2\u03ac\u03bb\u03bb\u03bf\u03bd.<\/p>\n<p>1B-LSD \u03a3\u0395 \u03a0\u0395\u03a1\u0399\u03a0\u03a4\u03a9\u03a3\u0397 \u03a3\u03a4\u0391 \u039c\u0391\u03a4\u0399\u0391: \u039e\u03b5\u03c0\u03bb\u03cd\u03bd\u03b5\u03c4\u03b5 \u03ba\u03b1\u03bb\u03ac \u03c4\u03b1 \u03bc\u03ac\u03c4\u03b9\u03b1 \u03bc\u03b5 \u03bd\u03b5\u03c1\u03cc \u03b3\u03b9\u03b1 \u03c0\u03ad\u03bd\u03c4\u03b5 \u03bb\u03b5\u03c0\u03c4\u03ac. \u0391\u03c6\u03b1\u03b9\u03c1\u03ad\u03c3\u03c4\u03b5 \u03c4\u03bf\u03c5\u03c2 \u03c6\u03b1\u03ba\u03bf\u03cd\u03c2 \u03b5\u03c0\u03b1\u03c6\u03ae\u03c2 \u03b5\u03ac\u03bd \u03b5\u03af\u03bd\u03b1\u03b9 \u03b4\u03c5\u03bd\u03b1\u03c4\u03cc\u03bd.<\/p>\n<p>1B-LSD \u03a3\u0395 \u03a0\u0395\u03a1\u0399\u03a0\u03a4\u03a9\u03a3\u0397 \u03a3\u03a4\u039f \u0394\u0395\u03a1\u039c\u0391: \u03a0\u03bb\u03cd\u03bd\u03b5\u03c4\u03b5 \u03c4\u03bf \u03b4\u03ad\u03c1\u03bc\u03b1 \u03bc\u03b5 \u03c3\u03b1\u03c0\u03bf\u03cd\u03bd\u03b9 \u03ba\u03b1\u03b9 \u03bd\u03b5\u03c1\u03cc.<\/p>\n<p>\u039c\u0395\u03a4\u0391 \u03a4\u0397\u039d \u0395\u0399\u03a3\u03a0\u039d\u039f\u0397 1B-LSD: \u039c\u03b5\u03c4\u03b1\u03c6\u03ad\u03c1\u03b5\u03c4\u03b5 \u03c4\u03bf \u03b8\u03cd\u03bc\u03b1 \u03c3\u03c4\u03bf\u03bd \u03ba\u03b1\u03b8\u03b1\u03c1\u03cc \u03b1\u03ad\u03c1\u03b1 \u03ba\u03b1\u03b9 \u03b1\u03c6\u03ae\u03c3\u03c4\u03b5 \u03c4\u03bf \u03c3\u03b5 \u03b8\u03ad\u03c3\u03b7 \u03c0\u03bf\u03c5 \u03b4\u03b9\u03b5\u03c5\u03ba\u03bf\u03bb\u03cd\u03bd\u03b5\u03b9 \u03c4\u03b7\u03bd \u03b1\u03bd\u03b1\u03c0\u03bd\u03bf\u03ae.<\/p>\n<p>\u0391\u03a5\u03a4\u0386 \u03a4\u0391 \u03a0\u03a1\u039f\u03aa\u038c\u039d\u03a4\u0391 \u03a0\u03a1\u039f\u039f\u03a1\u038a\u0396\u039f\u039d\u03a4\u0391\u0399 \u039c\u038c\u039d\u039f \u0393\u0399\u0391 \u0395\u03a1\u0395\u03a5\u039d\u0397\u03a4\u0399\u039a\u039f\u038e\u03a3 \u03a3\u039a\u039f\u03a0\u039f\u038e\u03a3 \u039a\u0391\u0399 \u0394\u0395\u039d \u03a0\u03a1\u039f\u039f\u03a1\u038a\u0396\u039f\u039d\u03a4\u0391\u0399 \u0393\u0399\u0391 \u0391\u039d\u0398\u03a1\u038f\u03a0\u0399\u039d\u0397 \u039a\u0391\u03a4\u0391\u039d\u0386\u039b\u03a9\u03a3\u0397! \u0393\u03b9\u03b1 \u03c0\u03b5\u03c1\u03b9\u03c3\u03c3\u03cc\u03c4\u03b5\u03c1\u03b5\u03c2 \u03c0\u03bb\u03b7\u03c1\u03bf\u03c6\u03bf\u03c1\u03af\u03b5\u03c2 \u03b5\u03c0\u03b9\u03ba\u03bf\u03b9\u03bd\u03c9\u03bd\u03ae\u03c3\u03c4\u03b5 \u03bc\u03b5 <a href=\"https:\/\/rc-chemlab.net\/el\/kontakt\/\">\u0395\u03c0\u03b9\u03ba\u03bf\u03b9\u03bd\u03c9\u03bd\u03ae\u03c3\u03c4\u03b5 \u03bc\u03b1\u03b6\u03af \u03bc\u03b1\u03c2<\/a> on.<\/p>\n<p>&nbsp;<\/p>","protected":false},"excerpt":{"rendered":"<p>1B LSD kaufen 1B-LSD Eigenschaften Synonym: N1-Butyryl-Lysergs\u00e4urediethylamid CAS-Nummer: 2349376-12-9 Formel: C24H31N3O2 &#8211; HCL Masse: 393,531 g\/mol Reinheit: ?98% Gefahrenhinweise 1B-LSD<\/p>","protected":false},"featured_media":10368,"comment_status":"open","ping_status":"closed","template":"","meta":{"_seopress_robots_primary_cat":"none","_seopress_titles_title":"1B LSD kaufen %%sep%% %%sitetitle%%","_seopress_titles_desc":"1B LSD kaufen - Die Augen f\u00fcnf Minuten lang sorgf\u00e4ltig mit Wasser aussp\u00fclen. Kontaktlinsen nach M\u00f6glichkeit herausnehmen.","_seopress_robots_index":""},"product_brand":[],"product_cat":[141],"product_tag":[],"class_list":{"0":"post-9580","1":"product","2":"type-product","3":"status-publish","4":"has-post-thumbnail","6":"product_cat-blotter-kaufen","8":"first","9":"instock","10":"taxable","11":"shipping-taxable","12":"purchasable","13":"product-type-variable"},"_links":{"self":[{"href":"https:\/\/rc-chemlab.net\/el\/wp-json\/wp\/v2\/product\/9580","targetHints":{"allow":["GET"]}}],"collection":[{"href":"https:\/\/rc-chemlab.net\/el\/wp-json\/wp\/v2\/product"}],"about":[{"href":"https:\/\/rc-chemlab.net\/el\/wp-json\/wp\/v2\/types\/product"}],"replies":[{"embeddable":true,"href":"https:\/\/rc-chemlab.net\/el\/wp-json\/wp\/v2\/comments?post=9580"}],"version-history":[{"count":1,"href":"https:\/\/rc-chemlab.net\/el\/wp-json\/wp\/v2\/product\/9580\/revisions"}],"predecessor-version":[{"id":9586,"href":"https:\/\/rc-chemlab.net\/el\/wp-json\/wp\/v2\/product\/9580\/revisions\/9586"}],"wp:featuredmedia":[{"embeddable":true,"href":"https:\/\/rc-chemlab.net\/el\/wp-json\/wp\/v2\/media\/10368"}],"wp:attachment":[{"href":"https:\/\/rc-chemlab.net\/el\/wp-json\/wp\/v2\/media?parent=9580"}],"wp:term":[{"taxonomy":"product_brand","embeddable":true,"href":"https:\/\/rc-chemlab.net\/el\/wp-json\/wp\/v2\/product_brand?post=9580"},{"taxonomy":"product_cat","embeddable":true,"href":"https:\/\/rc-chemlab.net\/el\/wp-json\/wp\/v2\/product_cat?post=9580"},{"taxonomy":"product_tag","embeddable":true,"href":"https:\/\/rc-chemlab.net\/el\/wp-json\/wp\/v2\/product_tag?post=9580"}],"curies":[{"name":"wp","href":"https:\/\/api.w.org\/{rel}","templated":true}]}}